{"id":19567,"date":"2023-11-15T13:14:05","date_gmt":"2023-11-15T21:14:05","guid":{"rendered":"https:\/\/www.columbiaskylights.com\/professionnels\/architects\/architects-contact\/"},"modified":"2024-02-15T16:56:44","modified_gmt":"2024-02-16T00:56:44","slug":"contact","status":"publish","type":"page","link":"https:\/\/www.columbiaskylights.com\/fr\/professionnels\/architectes\/contact\/","title":{"rendered":"Architectes Contact"},"content":{"rendered":"<section id=\"block_f9e3e5461e80c0c98557aad7c59b7f02\" class=\" columbia-block relative overflow-hidden wp-block-page-hero block-w-full text-dark bg-white  p-top-default p-bottom-default\" >\n          <div class=\" carousel--hero--dots--\">\n                      <div class=\"hero-slide w-full flex relative  is-selected \">\n          <div class=\"hero-slide__content text-blue w-full z-10 pt-22 md:pt-32 lg:pt-40 pb-12 md:pb-20 xl:pt-[180px]\">\n            <div class=\"inner container h-full grid grid-cols-1 lg:grid-cols-2 gap-6 lg:gap-x-22 xxl:gap-x-60 w-full\">\n                              <text class=\"block hero-slide__content__wysiwyg position-left   font-semibold col-span-2 lg:col-span-1  wp-editor spaced\">\n                  <div class=\"inner \">\n                    <h1>LES ARCHITECTES ET COLUMBIA<\/h1>\n<p>Alors que des id\u00e9es int\u00e9ressantes vous viennent \u00e0 l\u2019esprit, contactez-nous si vous avez besoin d\u2019informations techniques ou d\u2019une consultation.<\/p>\n\n                  <\/div>\n                <\/text>\n                                        <\/div>\n          <\/div>\n          <div class=\"hero-slide-bg absolute h-full w-full inset-0  hero-slide-bg--left hero-slide-bg-color--white \">\n            <img decoding=\"async\" src=\"https:\/\/www.columbiaskylights.com\/wp-content\/uploads\/2023\/11\/architect-contact-hero.jpg\" class=\"hero-slide__image absolute z-0 inset-0 w-full h-full object-cover\" alt=\"Columbia Skylights, the Canadian made skylight. Working with architects.\" height=\"2160\" width=\"3840\" title=\"\">\n    \t          <\/div>\n        <\/div>\n                  <\/div>\n              <\/section>\n  <div class=\"block-breadcrumbs text-breadcrumb text-black-500 pt-7 mdd:hidden \">\n    <div class=\"container\">\n              \n                  <a href=\"https:\/\/www.columbiaskylights.com\/fr\/\" class=\"text-black-700 !no-underline hover:!underline\">Accueil<\/a>\n                       \/ \n                  <a href=\"https:\/\/www.columbiaskylights.com\/fr\/professionnels\/architectes\/\" class=\"text-black-700 !no-underline hover:!underline\">Architectes<\/a>\n                       \/ \n                  Architectes Contact\n                  <\/div>\n  <\/div>\n\n\n<section id=\"block_9bda40cbb8b314fab80853264253474b\" class=\" columbia-block relative overflow-hidden wp-block-multi-column block-w-narrow text-dark bg-white  p-top-default p-bottom-default\" >\n          <div class=\" block-inner relative container mx-auto\" >\n        <div class=\"block-intro-wrap z-0 relative  pb-12 lg:pb-16 last:pb-0\">\n    \n        <div class=\"block-title grow  mx-auto max-w-6xl\">\n            <h2 class=\" text-center\">NOUS ADORONS VOS NOUVELLES ID\u00c9ES<\/h2>\n    <\/div>\n    \n    \n          <\/div>\n        <div class=\"col-wrapper col-gutter-md row-gutter-md \">\n      <div class=\"col-wrapper-inner flex flex-wrap   \">\n                            <div class=\"column w-full corners- md:w-12\/12  1 tab-group\">\n                                                            <div class=\"column-inner      \">\n              <div class=\"column-content match-col-height wp-editor \">\n                                                  <p><span class=\"text-xl\">Votre travail d\u2019architecte consiste \u00e0 cr\u00e9er des id\u00e9es innovantes et passionnantes pour la maison ou l\u2019entreprise de votre client. Nous repoussons les limites de la conception, des mat\u00e9riaux et de la technologie. Chez Columbia, nous travaillons avec des architectes de toute l\u2019Am\u00e9rique du Nord pour vous aider \u00e0 apporter la beaut\u00e9 de la lumi\u00e8re naturelle dans vos projets r\u00e9sidentiels et commerciaux. Nous serions ravis de discuter du meilleur puits de lumi\u00e8re pour votre projet.<\/span><\/p>\n<p>Notre \u00e9quipe du service client est \u00e0 votre disposition pour vous accompagner, que ce soit dans le choix du bon produit, ses sp\u00e9cifications adapt\u00e9es ou la consultation pour l\u2019installation. N\u2019h\u00e9sitez pas \u00e0 nous contacter lorsque vous planifiez votre projet.<\/p>\n<p>Pour une assistance imm\u00e9diate, veuillez nous appeler au 1-888-437-5557 au Canada ou aux \u00c9tats-Unis. Si vous appelez en dehors de l\u2019Am\u00e9rique du Nord, composez le 1-604-437-3377<\/p>\n<p>Pour nous contacter, utilisez le formulaire ou \u00e9crivez-nous \u00e0 :<\/p>\n<p>Columbia Manufacturing Co. Ltd.<br \/>\n4575, rue Tillicum<br \/>\nBurnaby (Colombie-Britannique)<br \/>\nCanada V5J 5K9<\/p>\n\n                                \n                \n                \n                              <\/div>\n            <\/div>\n                      <\/div>\n              <\/div>\n    <\/div>\n      <\/div>\n              <\/section>\n\n\n<section id=\"block_61c28abfce0b427e69750baa816e0462\" class=\" columbia-block relative overflow-hidden wp-block-form-feature block-w-narrow text-dark bg-teal-100  p-top-default p-bottom-default\" >\n          <div class=\" block-inner relative container mx-auto\" >\n        <script>\nvar gform;gform||(document.addEventListener(\"gform_main_scripts_loaded\",function(){gform.scriptsLoaded=!0}),document.addEventListener(\"gform\/theme\/scripts_loaded\",function(){gform.themeScriptsLoaded=!0}),window.addEventListener(\"DOMContentLoaded\",function(){gform.domLoaded=!0}),gform={domLoaded:!1,scriptsLoaded:!1,themeScriptsLoaded:!1,isFormEditor:()=>\"function\"==typeof InitializeEditor,callIfLoaded:function(o){return!(!gform.domLoaded||!gform.scriptsLoaded||!gform.themeScriptsLoaded&&!gform.isFormEditor()||(gform.isFormEditor()&&console.warn(\"The use of gform.initializeOnLoaded() is deprecated in the form editor context and will be removed in Gravity Forms 3.1.\"),o(),0))},initializeOnLoaded:function(o){gform.callIfLoaded(o)||(document.addEventListener(\"gform_main_scripts_loaded\",()=>{gform.scriptsLoaded=!0,gform.callIfLoaded(o)}),document.addEventListener(\"gform\/theme\/scripts_loaded\",()=>{gform.themeScriptsLoaded=!0,gform.callIfLoaded(o)}),window.addEventListener(\"DOMContentLoaded\",()=>{gform.domLoaded=!0,gform.callIfLoaded(o)}))},hooks:{action:{},filter:{}},addAction:function(o,r,e,t){gform.addHook(\"action\",o,r,e,t)},addFilter:function(o,r,e,t){gform.addHook(\"filter\",o,r,e,t)},doAction:function(o){gform.doHook(\"action\",o,arguments)},applyFilters:function(o){return gform.doHook(\"filter\",o,arguments)},removeAction:function(o,r){gform.removeHook(\"action\",o,r)},removeFilter:function(o,r,e){gform.removeHook(\"filter\",o,r,e)},addHook:function(o,r,e,t,n){null==gform.hooks[o][r]&&(gform.hooks[o][r]=[]);var d=gform.hooks[o][r];null==n&&(n=r+\"_\"+d.length),gform.hooks[o][r].push({tag:n,callable:e,priority:t=null==t?10:t})},doHook:function(r,o,e){var t;if(e=Array.prototype.slice.call(e,1),null!=gform.hooks[r][o]&&((o=gform.hooks[r][o]).sort(function(o,r){return o.priority-r.priority}),o.forEach(function(o){\"function\"!=typeof(t=o.callable)&&(t=window[t]),\"action\"==r?t.apply(null,e):e[0]=t.apply(null,e)})),\"filter\"==r)return e[0]},removeHook:function(o,r,t,n){var e;null!=gform.hooks[o][r]&&(e=(e=gform.hooks[o][r]).filter(function(o,r,e){return!!(null!=n&&n!=o.tag||null!=t&&t!=o.priority)}),gform.hooks[o][r]=e)}});\n<\/script>\n\n                <div class='gf_browser_gecko gform_wrapper gravity-theme gform-theme--no-framework float-button-right_wrapper' data-form-theme='gravity-theme' data-form-index='0' id='gform_wrapper_11' ><div id='gf_11' class='gform_anchor' tabindex='-1'><\/div>\n                        <div class='gform_heading'>\n\t\t\t\t\t\t\t<p class='gform_required_legend'>\u00ab\u00a0<span class=\"gfield_required gfield_required_custom\">(N\u00e9cessaire)<\/span>\u00a0\u00bb indique les champs n\u00e9cessaires<\/p>\n                        <\/div><form method='post' enctype='multipart\/form-data' target='gform_ajax_frame_11' id='gform_11' class='float-button-right' action='\/fr\/wp-json\/wp\/v2\/pages\/19567#gf_11' data-formid='11' novalidate>\n                        <div class='gform-body gform_body'><div id='gform_fields_11' class='gform_fields top_label form_sublabel_below description_below validation_below'><div id=\"field_11_21\" class=\"gfield gfield--type-honeypot gform_validation_container field_sublabel_below gfield--has-description field_description_below field_validation_below gfield_visibility_visible\"  ><label class='gfield_label gform-field-label' for='input_11_21'>Email<\/label><div class='ginput_container'><input name='input_21' id='input_11_21' type='text' value='' autocomplete='new-password'\/><\/div><div class='gfield_description' id='gfield_description_11_21'>Ce champ n\u2019est utilis\u00e9 qu\u2019\u00e0 des fins de validation et devrait rester inchang\u00e9.<\/div><\/div><div id=\"field_11_1\" class=\"gfield gfield--type-text gfield--width-full gfield_contains_required field_sublabel_below gfield--no-description field_description_below hidden_label field_validation_below gfield_visibility_visible\"  ><label class='gfield_label gform-field-label' for='input_11_1'>Name<span class=\"gfield_required\"><span class=\"gfield_required gfield_required_custom\">(N\u00e9cessaire)<\/span><\/span><\/label><div class='ginput_container ginput_container_text'><input name='input_1' id='input_11_1' type='text' value='' class='large'   tabindex='50' placeholder='Nom (requis)' aria-required=\"true\" aria-invalid=\"false\"   \/><\/div><\/div><div id=\"field_11_11\" class=\"gfield gfield--type-text gfield--width-full gfield_contains_required field_sublabel_below gfield--no-description field_description_below hidden_label field_validation_below gfield_visibility_visible\"  ><label class='gfield_label gform-field-label' for='input_11_11'>Company Name<span class=\"gfield_required\"><span class=\"gfield_required gfield_required_custom\">(N\u00e9cessaire)<\/span><\/span><\/label><div class='ginput_container ginput_container_text'><input name='input_11' id='input_11_11' type='text' value='' class='large'   tabindex='51' placeholder='Nom de l&#039;entreprise (Requis)' aria-required=\"true\" aria-invalid=\"false\"   \/><\/div><\/div><div id=\"field_11_18\" class=\"gfield gfield--type-textarea gfield--width-full gfield_contains_required field_sublabel_below gfield--no-description field_description_below hidden_label field_validation_below gfield_visibility_visible\"  ><label class='gfield_label gform-field-label' for='input_11_18'>Adresse de l&#039;entreprise<span class=\"gfield_required\"><span class=\"gfield_required gfield_required_custom\">(N\u00e9cessaire)<\/span><\/span><\/label><div class='ginput_container ginput_container_textarea'><textarea name='input_18' id='input_11_18' class='textarea small' tabindex='52'   placeholder='Adresse de l&#039;entreprise (Requis)' aria-required=\"true\" aria-invalid=\"false\"   rows='10' cols='50'><\/textarea><\/div><\/div><div id=\"field_11_4\" class=\"gfield gfield--type-email gfield--width-full gfield_contains_required field_sublabel_below gfield--no-description field_description_below hidden_label field_validation_below gfield_visibility_visible\"  ><label class='gfield_label gform-field-label' for='input_11_4'>Adresse courriel<span class=\"gfield_required\"><span class=\"gfield_required gfield_required_custom\">(N\u00e9cessaire)<\/span><\/span><\/label><div class='ginput_container ginput_container_email'>\n                            <input name='input_4' id='input_11_4' type='email' value='' class='large' tabindex='53'  placeholder='Adresse courriel *' aria-required=\"true\" aria-invalid=\"false\"  \/>\n                        <\/div><\/div><div id=\"field_11_5\" class=\"gfield gfield--type-phone gfield--width-half field_sublabel_below gfield--no-description field_description_below hidden_label field_validation_below gfield_visibility_visible\"  ><label class='gfield_label gform-field-label' for='input_11_5'>Phone<\/label><div class='ginput_container ginput_container_phone'><input name='input_5' id='input_11_5' type='tel' value='' class='large' tabindex='54' placeholder='T\u00e9l\u00e9phone'  aria-invalid=\"false\"   \/><\/div><\/div><div id=\"field_11_19\" class=\"gfield gfield--type-phone gfield--width-half field_sublabel_below gfield--no-description field_description_below hidden_label field_validation_below gfield_visibility_visible\"  ><label class='gfield_label gform-field-label' for='input_11_19'>Other Phone<\/label><div class='ginput_container ginput_container_phone'><input name='input_19' id='input_11_19' type='tel' value='' class='large' tabindex='55' placeholder='Autre t\u00e9l\u00e9phone'  aria-invalid=\"false\"   \/><\/div><\/div><div id=\"field_11_8\" class=\"gfield gfield--type-textarea gfield--width-full field_sublabel_below gfield--no-description field_description_below hidden_label field_validation_below gfield_visibility_visible\"  ><label class='gfield_label gform-field-label' for='input_11_8'>What is your question?<\/label><div class='ginput_container ginput_container_textarea'><textarea name='input_8' id='input_11_8' class='textarea medium' tabindex='56'   placeholder='Quelle est votre question ?'  aria-invalid=\"false\"   rows='10' cols='50'><\/textarea><\/div><\/div><div id=\"field_11_15\" class=\"gfield gfield--type-fileupload gfield--width-full field_sublabel_below gfield--no-description field_description_below field_validation_below gfield_visibility_visible\"  ><label class='gfield_label gform-field-label' for='input_11_15'>Fichier joint<\/label><div class='ginput_container ginput_container_fileupload'><input type='hidden' name='MAX_FILE_SIZE' value='134217728' \/><input name='input_15' id='input_11_15' type='file' class='large' aria-describedby=\"gfield_upload_rules_11_15\" onchange='javascript:gformValidateFileSize( this, 134217728 );' tabindex='57' \/><span class='gfield_description gform_fileupload_rules' id='gfield_upload_rules_11_15'>Taille max. des fichiers\u00a0: 128 MB.<\/span><div class='gfield_description validation_message gfield_validation_message validation_message--hidden-on-empty' id='live_validation_message_11_15'><\/div> <\/div><\/div><fieldset id=\"field_11_9\" class=\"gfield gfield--type-consent gfield--type-choice gfield--input-type-consent gfield--width-full field_sublabel_below gfield--no-description field_description_below hidden_label field_validation_below gfield_visibility_visible\"  ><legend class='gfield_label gform-field-label gfield_label_before_complex' >Consens<\/legend><div class='ginput_container ginput_container_consent'><input name='input_9.1' id='input_11_9_1' type='checkbox' value='1' tabindex='58'   aria-invalid=\"false\"   \/> <label class=\"gform-field-label gform-field-label--type-inline gfield_consent_label\" for='input_11_9_1' >Oui, j\u2019accepte de recevoir \u00e9lectroniquement des promotions exclusives, des offres et des conseils de Columbia Skylights.<\/label><input type='hidden' name='input_9.2' value='Oui, j\u2019accepte de recevoir \u00e9lectroniquement des promotions exclusives, des offres et des conseils de Columbia Skylights.' class='gform_hidden' \/><input type='hidden' name='input_9.3' value='11' class='gform_hidden' \/><\/div><\/fieldset><div id=\"field_11_20\" class=\"gfield gfield--type-html gfield_html gfield_html_formatted gfield_no_follows_desc field_sublabel_below gfield--no-description field_description_below field_validation_below gfield_visibility_visible\"  >Toutes les informations sont trait\u00e9es avec la plus stricte confidentialit\u00e9. Pour plus d\u2019informations, veuillez consulter notre <a href=\"\/fr\/politique-sur-la-vie-privee\/\" target=\"_blank\">politique de confidentialit\u00e9<\/a>.<\/div><\/div><\/div>\n        <div class='gform-footer gform_footer top_label'> <input type='submit' id='gform_submit_button_11' class='gform_button button' onclick='gform.submission.handleButtonClick(this);' data-submission-type='submit' value='SOUMETTRE' tabindex='59' \/> <input type='hidden' name='gform_ajax' value='form_id=11&amp;title=&amp;description=&amp;tabindex=50&amp;theme=gravity-theme&amp;styles=[]&amp;hash=263eaad33c59e2a588f2f3fdc70d07a6' \/>\n            <input type='hidden' class='gform_hidden' name='gform_submission_method' data-js='gform_submission_method_11' value='iframe' \/>\n            <input type='hidden' class='gform_hidden' name='gform_theme' data-js='gform_theme_11' id='gform_theme_11' value='gravity-theme' \/>\n            <input type='hidden' class='gform_hidden' name='gform_style_settings' data-js='gform_style_settings_11' id='gform_style_settings_11' value='[]' \/>\n            <input type='hidden' class='gform_hidden' name='is_submit_11' value='1' \/>\n            <input type='hidden' class='gform_hidden' name='gform_submit' value='11' \/>\n            \n            <input type='hidden' class='gform_hidden' name='gform_currency' data-currency='CAD' value='pByjuWSRoy1Y1TW2\/D7GFDdlFf7MyGo3or80uq13rIaW8CzBKKUi4dR\/t3zP5HJ\/NUzTx1gxMZL84TSiDBOixtAz30cjGXqUwWxZNfhiu9YCSpM=' \/>\n            <input type='hidden' class='gform_hidden' name='gform_unique_id' value='' \/>\n            <input type='hidden' class='gform_hidden' name='state_11' value='WyJ7XCI5LjFcIjpcImRiMWZmNTE1OGIxY2ExMGEwNzIxODNlZDZjMWQ5NDYzXCIsXCI5LjJcIjpcIjM2NTVmOTg1YmI0NmUwZDc2ZmM0ZDk2M2NiOTRjNTgzXCIsXCI5LjNcIjpcIjgxZGM2ZjIxNzQ1ZDM1Y2JhMmM1NGNlYTNmMjE3NGYwXCJ9IiwiMDVkMDRkNzM5MTQ2NDY5Y2JmODE4MDQ2ZjIxM2Y3YjEiXQ==' \/>\n            <input type='hidden' autocomplete='off' class='gform_hidden' name='gform_target_page_number_11' id='gform_target_page_number_11' value='0' \/>\n            <input type='hidden' autocomplete='off' class='gform_hidden' name='gform_source_page_number_11' id='gform_source_page_number_11' value='1' \/>\n            <input type='hidden' name='gform_field_values' value='' \/>\n            \n        <\/div>\n                        <\/form>\n                        <\/div>\n\t\t                <iframe style='display:none;width:0px;height:0px;' src='about:blank' name='gform_ajax_frame_11' id='gform_ajax_frame_11' title='Cette iframe contient la logique n\u00e9cessaire pour manipuler Gravity Forms avec Ajax.'><\/iframe>\n\t\t                <script>\ngform.initializeOnLoaded( function() {gformInitSpinner( 11, 'https:\/\/www.columbiaskylights.com\/wp-content\/plugins\/gravityforms\/images\/spinner.svg', true );jQuery('#gform_ajax_frame_11').on('load',function(){var contents = jQuery(this).contents().find('*').html();var is_postback = contents.indexOf('GF_AJAX_POSTBACK') >= 0;if(!is_postback){return;}var form_content = jQuery(this).contents().find('#gform_wrapper_11');var is_confirmation = jQuery(this).contents().find('#gform_confirmation_wrapper_11').length > 0;var is_redirect = contents.indexOf('gformRedirect(){') >= 0;var is_form = form_content.length > 0 && ! is_redirect && ! is_confirmation;var mt = parseInt(jQuery('html').css('margin-top'), 10) + parseInt(jQuery('body').css('margin-top'), 10) + 100;if(is_form){jQuery('#gform_wrapper_11').html(form_content.html());if(form_content.hasClass('gform_validation_error')){jQuery('#gform_wrapper_11').addClass('gform_validation_error');} else {jQuery('#gform_wrapper_11').removeClass('gform_validation_error');}setTimeout( function() { \/* delay the scroll by 50 milliseconds to fix a bug in chrome *\/ jQuery(document).scrollTop(jQuery('#gform_wrapper_11').offset().top - mt); }, 50 );if(window['gformInitDatepicker']) {gformInitDatepicker();}if(window['gformInitPriceFields']) {gformInitPriceFields();}var current_page = jQuery('#gform_source_page_number_11').val();gformInitSpinner( 11, 'https:\/\/www.columbiaskylights.com\/wp-content\/plugins\/gravityforms\/images\/spinner.svg', true );jQuery(document).trigger('gform_page_loaded', [11, current_page]);window['gf_submitting_11'] = false;}else if(!is_redirect){var confirmation_content = jQuery(this).contents().find('.GF_AJAX_POSTBACK').html();if(!confirmation_content){confirmation_content = contents;}jQuery('#gform_wrapper_11').replaceWith(confirmation_content);jQuery(document).scrollTop(jQuery('#gf_11').offset().top - mt);jQuery(document).trigger('gform_confirmation_loaded', [11]);window['gf_submitting_11'] = false;wp.a11y.speak(jQuery('#gform_confirmation_message_11').text());}else{jQuery('#gform_11').append(contents);if(window['gformRedirect']) {gformRedirect();}}jQuery(document).trigger(\"gform_pre_post_render\", [{ formId: \"11\", currentPage: \"current_page\", abort: function() { this.preventDefault(); } }]);        if (event && event.defaultPrevented) {                return;        }        const gformWrapperDiv = document.getElementById( \"gform_wrapper_11\" );        if ( gformWrapperDiv ) {            const visibilitySpan = document.createElement( \"span\" );            visibilitySpan.id = \"gform_visibility_test_11\";            gformWrapperDiv.insertAdjacentElement( \"afterend\", visibilitySpan );        }        const visibilityTestDiv = document.getElementById( \"gform_visibility_test_11\" );        let postRenderFired = false;        function triggerPostRender() {            if ( postRenderFired ) {                return;            }            postRenderFired = true;            gform.core.triggerPostRenderEvents( 11, current_page );            if ( visibilityTestDiv ) {                visibilityTestDiv.parentNode.removeChild( visibilityTestDiv );            }        }        function debounce( func, wait, immediate ) {            var timeout;            return function() {                var context = this, args = arguments;                var later = function() {                    timeout = null;                    if ( !immediate ) func.apply( context, args );                };                var callNow = immediate && !timeout;                clearTimeout( timeout );                timeout = setTimeout( later, wait );                if ( callNow ) func.apply( context, args );            };        }        const debouncedTriggerPostRender = debounce( function() {            triggerPostRender();        }, 200 );        if ( visibilityTestDiv && visibilityTestDiv.offsetParent === null ) {            const observer = new MutationObserver( ( mutations ) => {                mutations.forEach( ( mutation ) => {                    if ( mutation.type === 'attributes' && visibilityTestDiv.offsetParent !== null ) {                        debouncedTriggerPostRender();                        observer.disconnect();                    }                });            });            observer.observe( document.body, {                attributes: true,                childList: false,                subtree: true,                attributeFilter: [ 'style', 'class' ],            });        } else {            triggerPostRender();        }    } );} );\n<\/script>\n      <\/div>\n              <\/section>\n\n\n<section id=\"block_a63bd86e425afdfcaa1adcf05a71b9f7\" class=\" columbia-block relative overflow-hidden wp-block-c-t-a block-w-full text-dark bg-white  p-top-default p-bottom-large\" >\n          <div class=\" block-inner relative container mx-auto\" >\n        <div class=\"block-intro-wrap z-0 relative  pb-11 lg:pb-22 last:pb-0\">\n    \n    \n    \n              <div class=\" flex flex-col gap-2 md:gap-6 items-center text-center lg:text-left lg:items-start lg:flex-row lg:flex-wrap lg:justify-center\">\n          <div class=\"inline-block mb-4 \">\n        <a href=\"https:\/\/www.columbiaskylights.com\/fr\/informations-techniques\/dessins-et-caracteristiques\/\" class=\"last:mr-0 lg:whitespace-nowrap btn-blue\"  target=\"\">Dessins et caract\u00e9ristiques<\/a>\n              <\/div>\n          <div class=\"inline-block mb-4 \">\n        <a href=\"https:\/\/www.columbiaskylights.com\/fr\/informations-techniques\/instructions-dinstallation\/\" class=\"last:mr-0 lg:whitespace-nowrap btn-blue\"  target=\"\">Instructions d\u2019installation<\/a>\n              <\/div>\n      <\/div>\n      <\/div>\n      <\/div>\n              <\/section>\n","protected":false},"excerpt":{"rendered":"","protected":false},"author":3,"featured_media":0,"parent":19566,"menu_order":0,"comment_status":"closed","ping_status":"closed","template":"template-professional-page.blade.php","meta":{"_acf_changed":false,"inline_featured_image":false,"footnotes":""},"class_list":["post-19567","page","type-page","status-publish","hentry"],"acf":[],"_links":{"self":[{"href":"https:\/\/www.columbiaskylights.com\/fr\/wp-json\/wp\/v2\/pages\/19567","targetHints":{"allow":["GET"]}}],"collection":[{"href":"https:\/\/www.columbiaskylights.com\/fr\/wp-json\/wp\/v2\/pages"}],"about":[{"href":"https:\/\/www.columbiaskylights.com\/fr\/wp-json\/wp\/v2\/types\/page"}],"author":[{"embeddable":true,"href":"https:\/\/www.columbiaskylights.com\/fr\/wp-json\/wp\/v2\/users\/3"}],"replies":[{"embeddable":true,"href":"https:\/\/www.columbiaskylights.com\/fr\/wp-json\/wp\/v2\/comments?post=19567"}],"version-history":[{"count":2,"href":"https:\/\/www.columbiaskylights.com\/fr\/wp-json\/wp\/v2\/pages\/19567\/revisions"}],"predecessor-version":[{"id":19585,"href":"https:\/\/www.columbiaskylights.com\/fr\/wp-json\/wp\/v2\/pages\/19567\/revisions\/19585"}],"up":[{"embeddable":true,"href":"https:\/\/www.columbiaskylights.com\/fr\/wp-json\/wp\/v2\/pages\/19566"}],"wp:attachment":[{"href":"https:\/\/www.columbiaskylights.com\/fr\/wp-json\/wp\/v2\/media?parent=19567"}],"curies":[{"name":"wp","href":"https:\/\/api.w.org\/{rel}","templated":true}]}}