{"id":18449,"date":"2023-04-13T20:52:27","date_gmt":"2023-04-14T03:52:27","guid":{"rendered":"https:\/\/www.columbiaskylights.com\/careers\/"},"modified":"2024-01-25T16:36:17","modified_gmt":"2024-01-26T00:36:17","slug":"carrieres","status":"publish","type":"page","link":"https:\/\/www.columbiaskylights.com\/fr\/carrieres\/","title":{"rendered":"Carri\u00e8res"},"content":{"rendered":"<section id=\"block_af45216c40c4038227f9d8895bbb6c83\" class=\" columbia-block relative overflow-hidden wp-block-page-hero block-w-full text-dark bg-white  p-top-default p-bottom-default\" >\n          <div class=\" carousel--hero--dots--\">\n                      <div class=\"hero-slide w-full flex relative  is-selected \">\n          <div class=\"hero-slide__content text-blue w-full z-10 pt-22 md:pt-32 lg:pt-40 pb-12 md:pb-20 xl:pt-[180px]\">\n            <div class=\"inner container h-full grid grid-cols-1 lg:grid-cols-2 gap-6 lg:gap-x-22 xxl:gap-x-60 w-full\">\n                              <text class=\"block hero-slide__content__wysiwyg position-left   font-semibold col-span-2 lg:col-span-1  wp-editor spaced\">\n                  <div class=\"inner \">\n                    <h1>JOIGNEZ-VOUS \u00c0 L\u2019\u00c9QUIPE<\/h1>\n<p>Columbia s\u2019entoure des professionnels les plus comp\u00e9tents, cr\u00e9ant ainsi un environnement de travail s\u00e9curitaire et \u00e9panouissant.<\/p>\n\n                  <\/div>\n                <\/text>\n                                        <\/div>\n          <\/div>\n          <div class=\"hero-slide-bg absolute h-full w-full inset-0  hero-slide-bg--left hero-slide-bg-color--white \">\n            <img decoding=\"async\" src=\"https:\/\/www.columbiaskylights.com\/wp-content\/uploads\/2023\/10\/skylight-builder-working-machinery.jpg\" class=\"hero-slide__image absolute z-0 inset-0 w-full h-full object-cover\" alt=\"Skylight builder working machinery\" height=\"2160\" width=\"3840\" title=\"\">\n    \t          <\/div>\n        <\/div>\n                  <\/div>\n              <\/section>\n  <div class=\"block-breadcrumbs text-breadcrumb text-black-500 pt-7 mdd:hidden \">\n    <div class=\"container\">\n              \n                  <a href=\"https:\/\/www.columbiaskylights.com\/fr\/\" class=\"text-black-700 !no-underline hover:!underline\">Accueil<\/a>\n                       \/ \n                  Carri\u00e8res\n                  <\/div>\n  <\/div>\n\n\n<section id=\"block_eecba1e4c29b7e727e7ed8d6c276bfa5\" class=\" columbia-block relative overflow-hidden wp-block-w-y-s-i-w-y-g block-w-wide text-dark bg-white  p-top-default p-bottom-small\" >\n          <div class=\" block-inner relative container mx-auto\" >\n        <div class=\"block-intro-wrap z-0 relative pb-8 lg:pb-16\">\n    \n        <div class=\"block-title grow  mx-auto max-w-6xl\">\n            <h2 class=\" text-center\">TRAVAILLER POUR COLUMBIA<\/h2>\n    <\/div>\n    \n    \n          <div class=\"mt-6 lg:mt-12 relative z-0 block-intro  mx-auto max-w-6xl lg:max-w-6xxl text-xl\">Nous sommes constamment \u00e0 la recherche de personnes qualifi\u00e9es, talentueuses et d\u00e9termin\u00e9es qui pourraient potentiellement se joindre \u00e0 notre \u00e9quipe chez Columbia. Consultez nos offres d\u2019emploi actuelles. Si vous rep\u00e9rez une opportunit\u00e9 o\u00f9 vous pourriez exceller et contribuer \u00e0 notre succ\u00e8s commun, veuillez <a href=\"#apply\">soumettre votre curriculum vitae<\/a>.<\/div>\n          <\/div>\n      <div class=\"wp-editor\">\n      <ul class=\"two-col\">\n<li>Depuis 1955, Columbia est le principal fabricant de puits de lumi\u00e8re au Canada, fabriquant des produits de haute qualit\u00e9 pour les march\u00e9s canadien, nord-am\u00e9ricain et mondial.<\/li>\n<li>Nous nous effor\u00e7ons de cr\u00e9er un environnement de travail gratifiant qui encourage le travail acharn\u00e9, la croissance personnelle, l\u2019excellence et le travail d\u2019\u00e9quipe. Engag\u00e9e dans une communication ouverte et respectueuse, Columbia forme une \u00e9quipe d\u00e9vou\u00e9e qui collabore pour atteindre des r\u00e9sultats exceptionnels.<\/li>\n<li>Columbia b\u00e9n\u00e9ficie d\u2019une assise financi\u00e8re solide, poss\u00e9dant en propre ses usines et ses entrep\u00f4ts.<\/li>\n<li>Nous cultivons une culture o\u00f9 la diversit\u00e9 est valoris\u00e9e, offrant ainsi une opportunit\u00e9 de croissance et de contribution significative. Chez Columbia, nous croyons que la diversit\u00e9 nous rend plus forts.<\/li>\n<li>Le si\u00e8ge social et l\u2019usine de Columbia sont situ\u00e9s \u00e0 Burnaby-Sud, en Colombie-Britannique, en bordure du fleuve Fraser, et notre entrep\u00f4t de distribution de l\u2019Est est situ\u00e9 \u00e0 Mississauga, en Ontario.<\/li>\n<li>La formation et les comp\u00e9tences acquises chez Columbia sont inestimables et tr\u00e8s pris\u00e9es par les employeurs sur le march\u00e9.<\/li>\n<\/ul>\n\n    <\/div>\n      <\/div>\n              <\/section>\n\n\n<section id=\"block_6c20b7577ade11388fa25df25a33859f\" class=\" columbia-block relative overflow-hidden wp-block-photo-gallery block-w-full text-dark bg-white  p-top-default p-bottom-default\" >\n          <div class=\" block-inner relative container mx-auto\" >\n        <div class=\"gallery grid grid-cols-2 md:grid-cols-3 gap-4 md:gap-6 lg:gap-8 \" >\n              <div class=\"gallery__image\">\n          <img decoding=\"async\" src=\"https:\/\/www.columbiaskylights.com\/wp-content\/uploads\/2023\/10\/working-skylight-frame.jpg\" class=\"max-w-full\" alt=\"Working skylight frame\" height=\"656\" width=\"990\" title=\"\">\n    \t                  <\/div>\n              <div class=\"gallery__image\">\n          <img decoding=\"async\" src=\"https:\/\/www.columbiaskylights.com\/wp-content\/uploads\/2023\/10\/worker-sorting-glass.jpg\" class=\"max-w-full\" alt=\"Worker sorting glass\" height=\"660\" width=\"990\" title=\"\">\n    \t                  <\/div>\n              <div class=\"gallery__image\">\n          <img decoding=\"async\" src=\"https:\/\/www.columbiaskylights.com\/wp-content\/uploads\/2023\/10\/forklift-operator.jpg\" class=\"max-w-full\" alt=\"forklift-operator\" height=\"656\" width=\"990\" title=\"\">\n    \t                  <\/div>\n              <div class=\"gallery__image\">\n          <img decoding=\"async\" src=\"https:\/\/www.columbiaskylights.com\/wp-content\/uploads\/2023\/10\/supervisor-in-warehouse.jpg\" class=\"max-w-full\" alt=\"Supervisor in warehouse\" height=\"656\" width=\"990\" title=\"\">\n    \t                  <\/div>\n              <div class=\"gallery__image\">\n          <img decoding=\"async\" src=\"https:\/\/www.columbiaskylights.com\/wp-content\/uploads\/2023\/10\/call-centre-employee.jpg\" class=\"max-w-full\" alt=\"Call centre employee\" height=\"660\" width=\"990\" title=\"\">\n    \t                  <\/div>\n              <div class=\"gallery__image\">\n          <img decoding=\"async\" src=\"https:\/\/www.columbiaskylights.com\/wp-content\/uploads\/2023\/10\/office-admin-staff.jpg\" class=\"max-w-full\" alt=\"Office admin staff\" height=\"656\" width=\"990\" title=\"\">\n    \t                  <\/div>\n          <\/div>\n      <\/div>\n              <\/section>\n\n\n<section id=\"block_7770b4059a61b3d9562aab00c2abe802\" class=\" columbia-block relative overflow-hidden wp-block-code block-w-wide text-dark bg-teal-500  p-top-default p-bottom-default\" >\n          <div class=\" block-inner relative container mx-auto\" >\n        <h3 class=\"text-center\">OFFRES D\u2019EMPLOI ACTUELLES<\/h3><br \/>\r\n<br \/>\r\n<div class=\"grid grid-cols-1 gap-8 lg:gap-20\">\n      <div class=\"bg-white p-8 lg:px-40 rounded text-xl text-center\">\n      <strong>Nous n&rsquo;avons aucune offre d&#8217;emploi disponible pour le moment.<\/strong><br\/>\n      Soumettez votre CV ci-dessous et nous vous consid\u00e9rerons pour des postes futurs.    <\/div>\n  <\/div>\n      <\/div>\n              <\/section>\n\n\n<section id=\"apply\" class=\" columbia-block relative overflow-hidden wp-block-form-feature block-w-full text-dark bg-teal-100  p-top-default p-bottom-default\" >\n          <div class=\" block-inner relative container mx-auto\" >\n        <div class=\"block-intro-wrap z-0 relative  pb-11 lg:pb-22 last:pb-0\">\n    \n        <div class=\"block-title grow  mx-auto max-w-6xl\">\n            <h4 class=\" text-center\">Soumettre votre CV<\/h4>\n    <\/div>\n    \n    \n          <div class=\"mt-6 lg:mt-12 relative z-0 block-intro  mx-auto max-w-6xl lg:max-w-6xxl text-xl mx-auto text-center\">Utilisez ce formulaire pour postuler au poste de votre choix et soumettre votre CV. Tous les champs sont obligatoires. Vos informations sont trait\u00e9es avec la plus grande discr\u00e9tion et de mani\u00e8re confidentielle.<\/div>\n          <\/div>\n      <script>\nvar gform;gform||(document.addEventListener(\"gform_main_scripts_loaded\",function(){gform.scriptsLoaded=!0}),document.addEventListener(\"gform\/theme\/scripts_loaded\",function(){gform.themeScriptsLoaded=!0}),window.addEventListener(\"DOMContentLoaded\",function(){gform.domLoaded=!0}),gform={domLoaded:!1,scriptsLoaded:!1,themeScriptsLoaded:!1,isFormEditor:()=>\"function\"==typeof InitializeEditor,callIfLoaded:function(o){return!(!gform.domLoaded||!gform.scriptsLoaded||!gform.themeScriptsLoaded&&!gform.isFormEditor()||(gform.isFormEditor()&&console.warn(\"The use of gform.initializeOnLoaded() is deprecated in the form editor context and will be removed in Gravity Forms 3.1.\"),o(),0))},initializeOnLoaded:function(o){gform.callIfLoaded(o)||(document.addEventListener(\"gform_main_scripts_loaded\",()=>{gform.scriptsLoaded=!0,gform.callIfLoaded(o)}),document.addEventListener(\"gform\/theme\/scripts_loaded\",()=>{gform.themeScriptsLoaded=!0,gform.callIfLoaded(o)}),window.addEventListener(\"DOMContentLoaded\",()=>{gform.domLoaded=!0,gform.callIfLoaded(o)}))},hooks:{action:{},filter:{}},addAction:function(o,r,e,t){gform.addHook(\"action\",o,r,e,t)},addFilter:function(o,r,e,t){gform.addHook(\"filter\",o,r,e,t)},doAction:function(o){gform.doHook(\"action\",o,arguments)},applyFilters:function(o){return gform.doHook(\"filter\",o,arguments)},removeAction:function(o,r){gform.removeHook(\"action\",o,r)},removeFilter:function(o,r,e){gform.removeHook(\"filter\",o,r,e)},addHook:function(o,r,e,t,n){null==gform.hooks[o][r]&&(gform.hooks[o][r]=[]);var d=gform.hooks[o][r];null==n&&(n=r+\"_\"+d.length),gform.hooks[o][r].push({tag:n,callable:e,priority:t=null==t?10:t})},doHook:function(r,o,e){var t;if(e=Array.prototype.slice.call(e,1),null!=gform.hooks[r][o]&&((o=gform.hooks[r][o]).sort(function(o,r){return o.priority-r.priority}),o.forEach(function(o){\"function\"!=typeof(t=o.callable)&&(t=window[t]),\"action\"==r?t.apply(null,e):e[0]=t.apply(null,e)})),\"filter\"==r)return e[0]},removeHook:function(o,r,t,n){var e;null!=gform.hooks[o][r]&&(e=(e=gform.hooks[o][r]).filter(function(o,r,e){return!!(null!=n&&n!=o.tag||null!=t&&t!=o.priority)}),gform.hooks[o][r]=e)}});\n<\/script>\n\n                <div class='gf_browser_gecko gform_wrapper gravity-theme gform-theme--no-framework float-button-right_wrapper' data-form-theme='gravity-theme' data-form-index='0' id='gform_wrapper_7' ><div id='gf_7' class='gform_anchor' tabindex='-1'><\/div>\n                        <div class='gform_heading'>\n\t\t\t\t\t\t\t<p class='gform_required_legend'>\u00ab\u00a0<span class=\"gfield_required gfield_required_custom\">(N\u00e9cessaire)<\/span>\u00a0\u00bb indique les champs n\u00e9cessaires<\/p>\n                        <\/div><form method='post' enctype='multipart\/form-data' target='gform_ajax_frame_7' id='gform_7' class='float-button-right' action='\/fr\/wp-json\/wp\/v2\/pages\/18449#gf_7' data-formid='7' novalidate>\n                        <div class='gform-body gform_body'><div id='gform_fields_7' class='gform_fields top_label form_sublabel_below description_below validation_below'><div id=\"field_7_18\" class=\"gfield gfield--type-honeypot gform_validation_container field_sublabel_below gfield--has-description field_description_below field_validation_below gfield_visibility_visible\"  ><label class='gfield_label gform-field-label' for='input_7_18'>Comments<\/label><div class='ginput_container'><input name='input_18' id='input_7_18' type='text' value='' autocomplete='new-password'\/><\/div><div class='gfield_description' id='gfield_description_7_18'>Ce champ n\u2019est utilis\u00e9 qu\u2019\u00e0 des fins de validation et devrait rester inchang\u00e9.<\/div><\/div><div id=\"field_7_1\" class=\"gfield gfield--type-text gfield--width-half gfield_contains_required field_sublabel_below gfield--no-description field_description_below hidden_label field_validation_below gfield_visibility_visible\"  ><label class='gfield_label gform-field-label' for='input_7_1'>First Name<span class=\"gfield_required\"><span class=\"gfield_required gfield_required_custom\">(N\u00e9cessaire)<\/span><\/span><\/label><div class='ginput_container ginput_container_text'><input name='input_1' id='input_7_1' type='text' value='' class='large'   tabindex='50' placeholder='Pr\u00e9nom (Requis)' aria-required=\"true\" aria-invalid=\"false\"   \/><\/div><\/div><div id=\"field_7_2\" class=\"gfield gfield--type-text gfield--width-half gfield_contains_required field_sublabel_below gfield--no-description field_description_below hidden_label field_validation_below gfield_visibility_visible\"  ><label class='gfield_label gform-field-label' for='input_7_2'>Last name<span class=\"gfield_required\"><span class=\"gfield_required gfield_required_custom\">(N\u00e9cessaire)<\/span><\/span><\/label><div class='ginput_container ginput_container_text'><input name='input_2' id='input_7_2' type='text' value='' class='large'   tabindex='51' placeholder='Nom (Requis)' aria-required=\"true\" aria-invalid=\"false\"   \/><\/div><\/div><div id=\"field_7_4\" class=\"gfield gfield--type-email gfield--width-half gfield_contains_required field_sublabel_below gfield--no-description field_description_below hidden_label field_validation_below gfield_visibility_visible\"  ><label class='gfield_label gform-field-label' for='input_7_4'>Adresse courriel<span class=\"gfield_required\"><span class=\"gfield_required gfield_required_custom\">(N\u00e9cessaire)<\/span><\/span><\/label><div class='ginput_container ginput_container_email'>\n                            <input name='input_4' id='input_7_4' type='email' value='' class='large' tabindex='52'  placeholder='Adresse courriel *' aria-required=\"true\" aria-invalid=\"false\"  \/>\n                        <\/div><\/div><div id=\"field_7_5\" class=\"gfield gfield--type-phone gfield--width-half field_sublabel_below gfield--no-description field_description_below hidden_label field_validation_below gfield_visibility_visible\"  ><label class='gfield_label gform-field-label' for='input_7_5'>Phone Number<\/label><div class='ginput_container ginput_container_phone'><input name='input_5' id='input_7_5' type='tel' value='' class='large' tabindex='53' placeholder='T\u00e9l\u00e9phone'  aria-invalid=\"false\"   \/><\/div><\/div><div id=\"field_7_12\" class=\"gfield gfield--type-text gfield--width-full field_sublabel_below gfield--no-description field_description_below hidden_label field_validation_below gfield_visibility_visible\"  ><label class='gfield_label gform-field-label' for='input_7_12'>Address<\/label><div class='ginput_container ginput_container_text'><input name='input_12' id='input_7_12' type='text' value='' class='large'   tabindex='54' placeholder='Adresse'  aria-invalid=\"false\"   \/><\/div><\/div><div id=\"field_7_6\" class=\"gfield gfield--type-text gfield--width-third field_sublabel_below gfield--no-description field_description_below hidden_label field_validation_below gfield_visibility_visible\"  ><label class='gfield_label gform-field-label' for='input_7_6'>City<\/label><div class='ginput_container ginput_container_text'><input name='input_6' id='input_7_6' type='text' value='' class='large'   tabindex='55' placeholder='Ville'  aria-invalid=\"false\"   \/><\/div><\/div><div id=\"field_7_7\" class=\"gfield gfield--type-text gfield--width-third field_sublabel_below gfield--no-description field_description_below hidden_label field_validation_below gfield_visibility_visible\"  ><label class='gfield_label gform-field-label' for='input_7_7'>Province\/State<\/label><div class='ginput_container ginput_container_text'><input name='input_7' id='input_7_7' type='text' value='' class='large'   tabindex='56' placeholder='Province\/\u00c9tat'  aria-invalid=\"false\"   \/><\/div><\/div><div id=\"field_7_13\" class=\"gfield gfield--type-text gfield--width-third field_sublabel_below gfield--no-description field_description_below hidden_label field_validation_below gfield_visibility_visible\"  ><label class='gfield_label gform-field-label' for='input_7_13'>Postal Code \/ ZIP Code<\/label><div class='ginput_container ginput_container_text'><input name='input_13' id='input_7_13' type='text' value='' class='large'   tabindex='57' placeholder='Code postal'  aria-invalid=\"false\"   \/><\/div><\/div><div id=\"field_7_8\" class=\"gfield gfield--type-textarea gfield--width-full gfield_contains_required field_sublabel_below gfield--no-description field_description_below hidden_label field_validation_below gfield_visibility_visible\"  ><label class='gfield_label gform-field-label' for='input_7_8'>Comment avez-vous entendu parler de nous?<span class=\"gfield_required\"><span class=\"gfield_required gfield_required_custom\">(N\u00e9cessaire)<\/span><\/span><\/label><div class='ginput_container ginput_container_textarea'><textarea name='input_8' id='input_7_8' class='textarea small' tabindex='58'   placeholder='Comment avez-vous entendu parler de nous?' aria-required=\"true\" aria-invalid=\"false\"   rows='10' cols='50'><\/textarea><\/div><\/div><div id=\"field_7_15\" class=\"gfield gfield--type-fileupload gfield--width-full field_sublabel_below gfield--no-description field_description_below field_validation_below gfield_visibility_visible\"  ><label class='gfield_label gform-field-label' for='input_7_15'>Attachez votre CV<\/label><div class='ginput_container ginput_container_fileupload'><input type='hidden' name='MAX_FILE_SIZE' value='134217728' \/><input name='input_15' id='input_7_15' type='file' class='large' aria-describedby=\"gfield_upload_rules_7_15\" onchange='javascript:gformValidateFileSize( this, 134217728 );' tabindex='59' \/><span class='gfield_description gform_fileupload_rules' id='gfield_upload_rules_7_15'>Taille max. des fichiers\u00a0: 128 MB.<\/span><div class='gfield_description validation_message gfield_validation_message validation_message--hidden-on-empty' id='live_validation_message_7_15'><\/div> <\/div><\/div><div id=\"field_7_17\" class=\"gfield gfield--type-html gfield--width-full gfield_html gfield_html_formatted gfield_no_follows_desc field_sublabel_below gfield--no-description field_description_below field_validation_below gfield_visibility_visible\"  >Toutes les informations sont trait\u00e9es avec la plus stricte confidentialit\u00e9. Pour plus d\u2019informations, veuillez consulter notre <a href=\"\/fr\/politique-sur-la-vie-privee\/\" target=\"_blank\">politique de confidentialit\u00e9<\/a>.<\/div><\/div><\/div>\n        <div class='gform-footer gform_footer top_label'> <input type='submit' id='gform_submit_button_7' class='gform_button button' onclick='gform.submission.handleButtonClick(this);' data-submission-type='submit' value='SOUMETTRE' tabindex='60' \/> <input type='hidden' name='gform_ajax' value='form_id=7&amp;title=&amp;description=&amp;tabindex=50&amp;theme=gravity-theme&amp;styles=[]&amp;hash=d998f2382c6aa6499799747abce3db38' \/>\n            <input type='hidden' class='gform_hidden' name='gform_submission_method' data-js='gform_submission_method_7' value='iframe' \/>\n            <input type='hidden' class='gform_hidden' name='gform_theme' data-js='gform_theme_7' id='gform_theme_7' value='gravity-theme' \/>\n            <input type='hidden' class='gform_hidden' name='gform_style_settings' data-js='gform_style_settings_7' id='gform_style_settings_7' value='[]' \/>\n            <input type='hidden' class='gform_hidden' name='is_submit_7' value='1' \/>\n            <input type='hidden' class='gform_hidden' name='gform_submit' value='7' \/>\n            \n            <input type='hidden' class='gform_hidden' name='gform_currency' data-currency='CAD' value='h1nhFFjqJXQV\/vyPBWlqB0JG54\/+9g813XNZyKtcurI0ZVdD4BcjYSwdwtMqAcOXEnnm+wAC9GZpYVWRt9zrofco4\/DFpZmGrML87XBVQYvyMBM=' \/>\n            <input type='hidden' class='gform_hidden' name='gform_unique_id' value='' \/>\n            <input type='hidden' class='gform_hidden' name='state_7' value='WyJbXSIsImVkZTA2ZWNkYjdiYzc0ZWE3NDMxODEwMzc1ZDE5YjAzIl0=' \/>\n            <input type='hidden' autocomplete='off' class='gform_hidden' name='gform_target_page_number_7' id='gform_target_page_number_7' value='0' \/>\n            <input type='hidden' autocomplete='off' class='gform_hidden' name='gform_source_page_number_7' id='gform_source_page_number_7' value='1' \/>\n            <input type='hidden' name='gform_field_values' value='' \/>\n            \n        <\/div>\n                        <\/form>\n                        <\/div>\n\t\t                <iframe style='display:none;width:0px;height:0px;' src='about:blank' name='gform_ajax_frame_7' id='gform_ajax_frame_7' title='Cette iframe contient la logique n\u00e9cessaire pour manipuler Gravity Forms avec Ajax.'><\/iframe>\n\t\t                <script>\ngform.initializeOnLoaded( function() {gformInitSpinner( 7, 'https:\/\/www.columbiaskylights.com\/wp-content\/plugins\/gravityforms\/images\/spinner.svg', true );jQuery('#gform_ajax_frame_7').on('load',function(){var contents = jQuery(this).contents().find('*').html();var is_postback = contents.indexOf('GF_AJAX_POSTBACK') >= 0;if(!is_postback){return;}var form_content = jQuery(this).contents().find('#gform_wrapper_7');var is_confirmation = jQuery(this).contents().find('#gform_confirmation_wrapper_7').length > 0;var is_redirect = contents.indexOf('gformRedirect(){') >= 0;var is_form = form_content.length > 0 && ! is_redirect && ! is_confirmation;var mt = parseInt(jQuery('html').css('margin-top'), 10) + parseInt(jQuery('body').css('margin-top'), 10) + 100;if(is_form){jQuery('#gform_wrapper_7').html(form_content.html());if(form_content.hasClass('gform_validation_error')){jQuery('#gform_wrapper_7').addClass('gform_validation_error');} else {jQuery('#gform_wrapper_7').removeClass('gform_validation_error');}setTimeout( function() { \/* delay the scroll by 50 milliseconds to fix a bug in chrome *\/ jQuery(document).scrollTop(jQuery('#gform_wrapper_7').offset().top - mt); }, 50 );if(window['gformInitDatepicker']) {gformInitDatepicker();}if(window['gformInitPriceFields']) {gformInitPriceFields();}var current_page = jQuery('#gform_source_page_number_7').val();gformInitSpinner( 7, 'https:\/\/www.columbiaskylights.com\/wp-content\/plugins\/gravityforms\/images\/spinner.svg', true );jQuery(document).trigger('gform_page_loaded', [7, current_page]);window['gf_submitting_7'] = false;}else if(!is_redirect){var confirmation_content = jQuery(this).contents().find('.GF_AJAX_POSTBACK').html();if(!confirmation_content){confirmation_content = contents;}jQuery('#gform_wrapper_7').replaceWith(confirmation_content);jQuery(document).scrollTop(jQuery('#gf_7').offset().top - mt);jQuery(document).trigger('gform_confirmation_loaded', [7]);window['gf_submitting_7'] = false;wp.a11y.speak(jQuery('#gform_confirmation_message_7').text());}else{jQuery('#gform_7').append(contents);if(window['gformRedirect']) {gformRedirect();}}jQuery(document).trigger(\"gform_pre_post_render\", [{ formId: \"7\", currentPage: \"current_page\", abort: function() { this.preventDefault(); } }]);        if (event && event.defaultPrevented) {                return;        }        const gformWrapperDiv = document.getElementById( \"gform_wrapper_7\" );        if ( gformWrapperDiv ) {            const visibilitySpan = document.createElement( \"span\" );            visibilitySpan.id = \"gform_visibility_test_7\";            gformWrapperDiv.insertAdjacentElement( \"afterend\", visibilitySpan );        }        const visibilityTestDiv = document.getElementById( \"gform_visibility_test_7\" );        let postRenderFired = false;        function triggerPostRender() {            if ( postRenderFired ) {                return;            }            postRenderFired = true;            gform.core.triggerPostRenderEvents( 7, current_page );            if ( visibilityTestDiv ) {                visibilityTestDiv.parentNode.removeChild( visibilityTestDiv );            }        }        function debounce( func, wait, immediate ) {            var timeout;            return function() {                var context = this, args = arguments;                var later = function() {                    timeout = null;                    if ( !immediate ) func.apply( context, args );                };                var callNow = immediate && !timeout;                clearTimeout( timeout );                timeout = setTimeout( later, wait );                if ( callNow ) func.apply( context, args );            };        }        const debouncedTriggerPostRender = debounce( function() {            triggerPostRender();        }, 200 );        if ( visibilityTestDiv && visibilityTestDiv.offsetParent === null ) {            const observer = new MutationObserver( ( mutations ) => {                mutations.forEach( ( mutation ) => {                    if ( mutation.type === 'attributes' && visibilityTestDiv.offsetParent !== null ) {                        debouncedTriggerPostRender();                        observer.disconnect();                    }                });            });            observer.observe( document.body, {                attributes: true,                childList: false,                subtree: true,                attributeFilter: [ 'style', 'class' ],            });        } else {            triggerPostRender();        }    } );} );\n<\/script>\n      <\/div>\n              <\/section>\n","protected":false},"excerpt":{"rendered":"","protected":false},"author":1,"featured_media":0,"parent":0,"menu_order":0,"comment_status":"closed","ping_status":"closed","template":"","meta":{"_acf_changed":false,"inline_featured_image":false,"footnotes":""},"class_list":["post-18449","page","type-page","status-publish","hentry"],"acf":[],"_links":{"self":[{"href":"https:\/\/www.columbiaskylights.com\/fr\/wp-json\/wp\/v2\/pages\/18449","targetHints":{"allow":["GET"]}}],"collection":[{"href":"https:\/\/www.columbiaskylights.com\/fr\/wp-json\/wp\/v2\/pages"}],"about":[{"href":"https:\/\/www.columbiaskylights.com\/fr\/wp-json\/wp\/v2\/types\/page"}],"author":[{"embeddable":true,"href":"https:\/\/www.columbiaskylights.com\/fr\/wp-json\/wp\/v2\/users\/1"}],"replies":[{"embeddable":true,"href":"https:\/\/www.columbiaskylights.com\/fr\/wp-json\/wp\/v2\/comments?post=18449"}],"version-history":[{"count":0,"href":"https:\/\/www.columbiaskylights.com\/fr\/wp-json\/wp\/v2\/pages\/18449\/revisions"}],"wp:attachment":[{"href":"https:\/\/www.columbiaskylights.com\/fr\/wp-json\/wp\/v2\/media?parent=18449"}],"curies":[{"name":"wp","href":"https:\/\/api.w.org\/{rel}","templated":true}]}}