{"id":17821,"date":"2024-01-15T11:37:59","date_gmt":"2024-01-15T19:37:59","guid":{"rendered":"https:\/\/www.columbiaskylights.com\/?page_id=17821"},"modified":"2024-04-16T19:05:51","modified_gmt":"2024-04-17T02:05:51","slug":"professionnels","status":"publish","type":"page","link":"https:\/\/www.columbiaskylights.com\/fr\/professionnels\/","title":{"rendered":"Professionnels"},"content":{"rendered":"<section id=\"block_f80e5089d465dbea050717f187ad1495\" class=\" columbia-block relative overflow-hidden wp-block-page-hero block-w-full text-dark bg-white  p-top-default p-bottom-default\" >\n          <div class=\" carousel--hero--dots--\">\n                      <div class=\"hero-slide w-full flex relative  is-selected \">\n          <div class=\"hero-slide__content text-white w-full z-10 pt-22 md:pt-32 lg:pt-40 pb-12 md:pb-20 xl:pt-[180px]\">\n            <div class=\"inner container h-full grid grid-cols-1 lg:grid-cols-2 gap-6 lg:gap-x-22 xxl:gap-x-60 w-full\">\n                              <text class=\"block hero-slide__content__wysiwyg position-left   font-semibold col-span-2 lg:col-span-1  wp-editor spaced\">\n                  <div class=\"inner \">\n                    <h1>LA SECTION PROFESSIONNELLE DE COLUMBIA<\/h1>\n<p>Columbia s\u2019associe \u00e0 des installateurs, des entrepreneurs et des architectes.<\/p>\n<p><img decoding=\"async\" class=\"alignnone wp-image-9846 smd:!hidden\" src=\"https:\/\/www.columbiaskylights.com\/wp-content\/uploads\/2024\/01\/2021-2022-energy-star-award-stacked.svg\" alt=\"ENERGY STAR 2021 2022\" width=\"291\" title=\"\"><\/p>\n<p>&nbsp;<\/p>\n\n                  <\/div>\n                <\/text>\n                                                              <text class=\"mdd:hidden wp-editor spaced flex font-semibold hero-slide__secondary-content lg:row-start-1 lg:col-start-2\">\n                    <div class=\"inner w-full\">\n                      <p><a href=\"https:\/\/www.columbiaskylights.com\/installers\/\"><img decoding=\"async\" class=\"wp-image-9844 alignright\" src=\"https:\/\/www.columbiaskylights.com\/wp-content\/uploads\/2024\/01\/installer-program-callout.svg\" alt=\"Installer Signup Bubble\" width=\"236\" title=\"\"><\/a><\/p>\n\n                    <\/div>\n                  <\/text>\n                                          <\/div>\n          <\/div>\n          <div class=\"hero-slide-bg absolute h-full w-full inset-0  hero-slide-bg--left hero-slide-bg-color--black \">\n            <img decoding=\"async\" src=\"https:\/\/www.columbiaskylights.com\/wp-content\/uploads\/2023\/10\/contractor-installing-roof-window.jpg\" class=\"hero-slide__image absolute z-0 inset-0 w-full h-full object-cover\" alt=\"Columbia&#039;s Canadian made skylights supply the professional roofing and skylight replacement industry. The skylight made in Canada.\" height=\"2152\" width=\"3840\" title=\"\">\n    \t          <\/div>\n        <\/div>\n                  <\/div>\n              <\/section>\n\n\n<section id=\"block_7cdc9508be39a8fd9faabc39f87f7e90\" class=\" columbia-block relative overflow-hidden wp-block-cards block-w-full text-dark bg-black-150  p-top-default p-bottom-default\" >\n          <div class=\" block-inner relative container mx-auto\" >\n        <div class=\"block-intro-wrap z-0 relative narrow pb-11 lg:pb-22 last:pb-0\">\n    \n        <div class=\"block-title grow  mx-auto max-w-6xl\">\n            <h2 class=\" h3 text-center\">O\u00d9 LES PROFESSIONNELS TROUVENT LES INFORMATIONS ET LE SOUTIEN DONT ILS ONT BESOIN<\/h2>\n    <\/div>\n    \n    \n          <\/div>\n                              <div class=\"grid match-heading-heights lg:grid-cols-2 xl:grid-cols-4 gap-6 lg:gap-8 w-full\">\n                  <div\n                        class=\"col item flex card--static card--collapsible-standard\">\n            <div class=\"card p-0 match-heading-heights w-full h-100 flex flex-col bg-text-dark bg-white  shadow\">\n                                                        <div class=\"image-wrap !mt-0 relative\">\n                                <img decoding=\"async\" src=\"https:\/\/www.columbiaskylights.com\/wp-content\/uploads\/2023\/10\/energy-star-skylights-great-room.jpg\" class=\"w-full h-auto pt-6 md:pt-8 px-6 md:px-8\" alt=\"Energy star skylights great room\" height=\"592\" width=\"702\" title=\"\">\n    \t              <\/div>\n                            <div class=\"feature-body-wrap flex flex-col flex-grow px-2 py-5 sm:p-4.5 sm:py-7 sm:pb-8 md:pb-12 md:px-8 \">\n                <div class=\"feature-body flex-grow\">\n                                      <h5 class=\"h6 card-title text-left !font-semibold text-blue mb-0\">Les Entreprises De Columbia<\/h5>\n                                    <text class=\"card__content wp-editor block text-dark\">\n                    <div class=\"inner  pt-3 sm:pt-6 \">\n                      <p>D\u00e9couvrez chaque entreprise, les produits qu\u2019elle fabrique et comment elle peut r\u00e9pondre aux besoins de votre soci\u00e9t\u00e9.<\/p>\n<p><a href=\"https:\/\/www.columbiaskylights.com\/fr\/puits-de-lumiere-residentiels\/\"><img decoding=\"async\" class=\"wp-image-9826 aligncenter\" src=\"https:\/\/www.columbiaskylights.com\/wp-content\/uploads\/2024\/01\/columbia-skylights-logo-fr.svg\" alt=\"Columbia Skylights Logo\" width=\"187\" title=\"\"><\/a><br \/>\n<a href=\"https:\/\/www.columbiaskylights.com\/fr\/slimlite\/\"><img decoding=\"async\" class=\"wp-image-9824 aligncenter\" src=\"https:\/\/www.columbiaskylights.com\/wp-content\/uploads\/2024\/01\/slimlite-puits-de-lumiere-fill.svg\" alt=\"Slimlite Logo Feature\" width=\"201\" title=\"\"><\/a><br \/>\n<a href=\"https:\/\/www.columbiaskylights.com\/fr\/puits-de-lumiere-fakro\/\"><img decoding=\"async\" class=\"wp-image-9822 aligncenter\" src=\"https:\/\/www.columbiaskylights.com\/wp-content\/uploads\/2023\/10\/fakro-logo-feature.png\" alt=\"Fakro Logo Feature\" width=\"197\" height=\"31\" srcset=\"https:\/\/www.columbiaskylights.com\/wp-content\/uploads\/2023\/10\/fakro-logo-feature.png 398w, https:\/\/www.columbiaskylights.com\/wp-content\/uploads\/2023\/10\/fakro-logo-feature-300x47.png 300w\" sizes=\"(max-width: 197px) 100vw, 197px\" title=\"\"><\/a><\/p>\n\n                    <\/div>\n                  <\/text>\n                <\/div>\n                              <\/div>\n            <\/div>\n          <\/div>\n                  <div\n                        class=\"col item flex card--static card--collapsible-standard\">\n            <div class=\"card p-0 match-heading-heights w-full h-100 flex flex-col bg-text-dark bg-white  shadow\">\n                                                        <div class=\"image-wrap !mt-0 relative\">\n                                <img decoding=\"async\" src=\"https:\/\/www.columbiaskylights.com\/wp-content\/uploads\/2023\/10\/customer-service-feature.jpg\" class=\"w-full h-auto pt-6 md:pt-8 px-6 md:px-8\" alt=\"Customer service feature\" height=\"592\" width=\"702\" title=\"\">\n    \t              <\/div>\n                            <div class=\"feature-body-wrap flex flex-col flex-grow px-2 py-5 sm:p-4.5 sm:py-7 sm:pb-8 md:pb-12 md:px-8 \">\n                <div class=\"feature-body flex-grow\">\n                                      <h5 class=\"h6 card-title text-left !font-semibold text-blue mb-0\">Services Client Et Aide \u00e0 La Conception<\/h5>\n                                    <text class=\"card__content wp-editor block text-dark\">\n                    <div class=\"inner  pt-3 sm:pt-6 \">\n                      <p>Notre \u00e9quipe du service client est \u00e0 votre disposition pour vous accompagner, que ce soit dans le choix du bon produit et des sp\u00e9cifications adapt\u00e9es, la consultation pour l\u2019installation, l\u2019assistance lors de la commande ou pour vous informer tout au long du processus de livraison.<\/p>\n\n                    <\/div>\n                  <\/text>\n                <\/div>\n                                  <div class=\"w-full feature-footer pt-4 lg:pt-8 self-end\"  x-bind:class=\"{ '!pt-0 !-mt-3': !open }\" >\n                    <p style=\"text-align: center;\"><a class=\"btn-blue\" href=\"https:\/\/www.columbiaskylights.com\/fr\/aide\/assistance-a-la-conception\/\">Contact<\/a><\/p>\n\n                  <\/div>\n                              <\/div>\n            <\/div>\n          <\/div>\n                  <div\n                        class=\"col item flex card--static card--collapsible-standard\">\n            <div class=\"card p-0 match-heading-heights w-full h-100 flex flex-col bg-text-dark bg-white  shadow\">\n                                                        <div class=\"image-wrap !mt-0 relative\">\n                                <img decoding=\"async\" src=\"https:\/\/www.columbiaskylights.com\/wp-content\/uploads\/2024\/01\/programme-des-installateurs.jpg\" class=\"w-full h-auto pt-6 md:pt-8 px-6 md:px-8\" alt=\"Programme Des Installateurs\" height=\"592\" width=\"702\" title=\"\">\n    \t              <\/div>\n                            <div class=\"feature-body-wrap flex flex-col flex-grow px-2 py-5 sm:p-4.5 sm:py-7 sm:pb-8 md:pb-12 md:px-8 \">\n                <div class=\"feature-body flex-grow\">\n                                      <h5 class=\"h6 card-title text-left !font-semibold text-blue mb-0\">Programme Des Installateurs<\/h5>\n                                    <text class=\"card__content wp-editor block text-dark\">\n                    <div class=\"inner  pt-3 sm:pt-6 \">\n                      <p>Augmentez votre activit\u00e9 avec le programme des installateurs de Columbia.<\/p>\n<p>D\u00e9couvrez le programme et ses avantages, et comment il peut aider \u00e0 propulser votre entreprise vers de nouveaux sommets.<\/p>\n\n                    <\/div>\n                  <\/text>\n                <\/div>\n                                  <div class=\"w-full feature-footer pt-4 lg:pt-8 self-end\"  x-bind:class=\"{ '!pt-0 !-mt-3': !open }\" >\n                    <p style=\"text-align: center;\"><a class=\"btn-blue\" href=\"https:\/\/www.columbiaskylights.com\/fr\/installateurs\/\">ADH\u00c9SION 4 \u00c9TOILES<\/a><\/p>\n\n                  <\/div>\n                              <\/div>\n            <\/div>\n          <\/div>\n                  <div\n                        class=\"col item flex card--static card--collapsible-standard\">\n            <div class=\"card p-0 match-heading-heights w-full h-100 flex flex-col bg-text-dark bg-white  shadow\">\n                                                        <div class=\"image-wrap !mt-0 relative\">\n                                <img decoding=\"async\" src=\"https:\/\/www.columbiaskylights.com\/wp-content\/uploads\/2023\/10\/architect-centre-feature.jpg\" class=\"w-full h-auto pt-6 md:pt-8 px-6 md:px-8\" alt=\"Architect centre feature\" height=\"592\" width=\"702\" title=\"\">\n    \t              <\/div>\n                            <div class=\"feature-body-wrap flex flex-col flex-grow px-2 py-5 sm:p-4.5 sm:py-7 sm:pb-8 md:pb-12 md:px-8 \">\n                <div class=\"feature-body flex-grow\">\n                                      <h5 class=\"h6 card-title text-left !font-semibold text-blue mb-0\">Centre Pour Architectes<\/h5>\n                                    <text class=\"card__content wp-editor block text-dark\">\n                    <div class=\"inner  pt-3 sm:pt-6 \">\n                      <p style=\"font-weight: 400;\">D\u00e9couvrez comment vous pouvez int\u00e9grer nos produits dans votre prochain projet passionnant.<\/p>\n<p><span style=\"font-weight: 400;\">Parmi notre gamme de mod\u00e8les, les options certifi\u00e9es ENERGY STAR<sup>&reg;<\/sup> et les caract\u00e9ristiques innovantes que vous recherchez.<\/span><\/p>\n\n                    <\/div>\n                  <\/text>\n                <\/div>\n                                  <div class=\"w-full feature-footer pt-4 lg:pt-8 self-end\"  x-bind:class=\"{ '!pt-0 !-mt-3': !open }\" >\n                    <p style=\"text-align: center;\"><a class=\"btn-blue\" href=\"https:\/\/www.columbiaskylights.com\/fr\/professionnels\/architectes\/\">En savoir plus<\/a><\/p>\n\n                  <\/div>\n                              <\/div>\n            <\/div>\n          <\/div>\n              <\/div>\n      <\/div>\n              <\/section>\n\n\n<section id=\"block_d2ba79b6cf157d94df9105be1b7fd5cc\" class=\" columbia-block relative overflow-hidden wp-block-cards block-w-full text-dark bg-white  p-top-default p-bottom-small\" >\n          <div class=\" block-inner relative container mx-auto\" >\n        <div class=\"block-intro-wrap z-0 relative narrow pb-11 lg:pb-22 last:pb-0\">\n    \n        <div class=\"block-title grow  mx-auto max-w-6xl\">\n            <h2 class=\" h3 text-center\">Informations techniques<\/h2>\n    <\/div>\n    \n    \n          <div class=\"mt-6 lg:mt-12 relative z-0 block-intro  mx-auto max-w-6xl lg:max-w-6xxl text-md mx-auto text-center\">Chaque mod\u00e8le est livr\u00e9 avec un ensemble d\u2019informations t\u00e9l\u00e9chargeables pour vous aider \u00e0 s\u00e9lectionner, sp\u00e9cifier et installer notre produit. Si vous ne trouvez pas ce dont vous avez besoin, n\u2019h\u00e9sitez pas \u00e0 appeler notre \u00e9quipe du service client\u00e8le de Columbia au 604 437 3377 (num\u00e9ro gratuit : 888 437 5557) ou \u00e0 envoyer un e-mail \u00e0 info@columbiaskylight.com<\/div>\n          <\/div>\n                              <div class=\"grid match-heading-heights lg:grid-cols-2 xl:grid-cols-3 gap-6 lg:gap-8 w-full\">\n                  <div\n                        class=\"col item flex card--static card--collapsible-standard\">\n            <div class=\"card p-0 match-heading-heights w-full h-100 flex flex-col bg-text-dark bg-black-150  shadow\">\n                            <div class=\"card__card-image-caption\">\n                <div class=\"card__card-image-caption__inner text-white bg-blue text-center text-lg font-semibold py-5 px-4\">\n                  TAILLES STANDARD ET SUR MESURE\n                <\/div>\n              <\/div>\n                                                        <div class=\"image-wrap !mt-0 relative\">\n                                <img decoding=\"async\" src=\"https:\/\/www.columbiaskylights.com\/wp-content\/uploads\/2023\/10\/size-charts-feature.jpg\" class=\"w-full h-auto pt-6 md:pt-8 px-6 md:px-8\" alt=\"Size charts feature\" height=\"796\" width=\"944\" title=\"\">\n    \t              <\/div>\n                            <div class=\"feature-body-wrap flex flex-col flex-grow px-2 py-5 sm:p-4.5 sm:py-7 sm:pb-8 md:pb-12 md:px-8 \">\n                <div class=\"feature-body flex-grow\">\n                                    <text class=\"card__content wp-editor block text-dark\">\n                    <div class=\"inner \">\n                      <p>Le plus grand choix de tailles standard de l\u2019industrie. Offrant un meilleur rapport qualit\u00e9-prix et r\u00e9duisant les d\u00e9lais de livraison.<\/p>\n<p>Tailles personnalis\u00e9es disponibles sur n\u2019importe quel mod\u00e8le, n\u2019importe quel type de verre, n\u2019importe quel type de cadre. Fixe et \u00e0 ouverture.<\/p>\n\n                    <\/div>\n                  <\/text>\n                <\/div>\n                                  <div class=\"w-full feature-footer pt-4 lg:pt-8 self-end\"  x-bind:class=\"{ '!pt-0 !-mt-3': !open }\" >\n                    <hr class=\"mb-4\" \/>\n<div class=\"flex text-sm flex-row text-center gap-6\">\n<div>Consultez les tailles standard de Columbia.<a class=\"btn-blue mt-4\" href=\"https:\/\/www.columbiaskylights.com\/fr\/informations-techniques\/dimensions-standard\/\">Tailles<br \/>\nstandard<\/a><\/div>\n<div>Comment commander un puits de lumi\u00e8re sur mesure.<a class=\"btn-blue mt-4\" href=\"https:\/\/www.columbiaskylights.com\/fr\/informations-techniques\/commande-de-dimensions-personnalisees\/\">Tailles<br \/>\npersonnalis\u00e9es<\/a><\/div>\n<\/div>\n\n                  <\/div>\n                              <\/div>\n            <\/div>\n          <\/div>\n                  <div\n                        class=\"col item flex card--static card--collapsible-standard\">\n            <div class=\"card p-0 match-heading-heights w-full h-100 flex flex-col bg-text-dark bg-black-150  shadow\">\n                            <div class=\"card__card-image-caption\">\n                <div class=\"card__card-image-caption__inner text-white bg-blue text-center text-lg font-semibold py-5 px-4\">\n                  INSTRUCTIONS D\u2019INSTALLATION\n                <\/div>\n              <\/div>\n                                                        <div class=\"image-wrap !mt-0 relative\">\n                                <img decoding=\"async\" src=\"https:\/\/www.columbiaskylights.com\/wp-content\/uploads\/2023\/10\/installation-instructions-feature.jpg\" class=\"w-full h-auto pt-6 md:pt-8 px-6 md:px-8\" alt=\"Installation instructions feature\" height=\"796\" width=\"944\" title=\"\">\n    \t              <\/div>\n                            <div class=\"feature-body-wrap flex flex-col flex-grow px-2 py-5 sm:p-4.5 sm:py-7 sm:pb-8 md:pb-12 md:px-8 \">\n                <div class=\"feature-body flex-grow\">\n                                    <text class=\"card__content wp-editor block text-dark\">\n                    <div class=\"inner \">\n                      <p>Utilisez les instructions d\u2019installation de Columbia et FAKRO pour garantir une installation r\u00e9ussie.<\/p>\n<p>T\u00e9l\u00e9chargez les instructions pour les mod\u00e8les Columbia et FAKRO.<\/p>\n\n                    <\/div>\n                  <\/text>\n                <\/div>\n                                  <div class=\"w-full feature-footer pt-4 lg:pt-8 self-end\"  x-bind:class=\"{ '!pt-0 !-mt-3': !open }\" >\n                    <p style=\"text-align: center;\"><a class=\"btn-blue\" href=\"https:\/\/www.columbiaskylights.com\/fr\/informations-techniques\/instructions-dinstallation\/\">En savoir plus<\/a><\/p>\n\n                  <\/div>\n                              <\/div>\n            <\/div>\n          <\/div>\n                  <div\n                        class=\"col item flex card--static card--collapsible-standard\">\n            <div class=\"card p-0 match-heading-heights w-full h-100 flex flex-col bg-text-dark bg-black-150  shadow\">\n                            <div class=\"card__card-image-caption\">\n                <div class=\"card__card-image-caption__inner text-white bg-blue text-center text-lg font-semibold py-5 px-4\">\n                  DESSINS ET SP\u00c9CIFICATIONS\n                <\/div>\n              <\/div>\n                                                        <div class=\"image-wrap !mt-0 relative\">\n                                <img decoding=\"async\" src=\"https:\/\/www.columbiaskylights.com\/wp-content\/uploads\/2023\/10\/drawings-and-specs-features.jpg\" class=\"w-full h-auto pt-6 md:pt-8 px-6 md:px-8\" alt=\"Drawings and specs features\" height=\"796\" width=\"944\" title=\"\">\n    \t              <\/div>\n                            <div class=\"feature-body-wrap flex flex-col flex-grow px-2 py-5 sm:p-4.5 sm:py-7 sm:pb-8 md:pb-12 md:px-8 \">\n                <div class=\"feature-body flex-grow\">\n                                    <text class=\"card__content wp-editor block text-dark\">\n                    <div class=\"inner \">\n                      <p>Columbia : T\u00e9l\u00e9chargez deux formats de dessins techniques de mod\u00e8le &#8211; (1) D\u00e9tail ou (2) Donn\u00e9es produit. \u00c9galement disponible, le fichier .dwg (fichier CAD) et les sp\u00e9cifications du produit sous forme de document Word, PDF ou texte.<\/p>\n<p>FAKRO : Sections transversales (.dwg, pdf), Mod\u00e8le BIM (.rfa), Dessins 3D (.dwg, .skp) Sp\u00e9cifications (.pdf, .docx).<\/p>\n\n                    <\/div>\n                  <\/text>\n                <\/div>\n                                  <div class=\"w-full feature-footer pt-4 lg:pt-8 self-end\"  x-bind:class=\"{ '!pt-0 !-mt-3': !open }\" >\n                    <p style=\"text-align: center;\"><a class=\"btn-blue\" href=\"https:\/\/www.columbiaskylights.com\/fr\/informations-techniques\/dessins-et-caracteristiques\/\">En savoir plus<\/a><\/p>\n\n                  <\/div>\n                              <\/div>\n            <\/div>\n          <\/div>\n              <\/div>\n      <\/div>\n              <\/section>\n\n\n<section id=\"block_f357859a5bebcc409535e4d23e684f46\" class=\" columbia-block relative overflow-hidden wp-block-c-t-a block-w-full text-dark bg-white  p-top-default p-bottom-default\" >\n          <div class=\" block-inner relative container mx-auto\" >\n        <div class=\"block-intro-wrap z-0 relative  pb-11 lg:pb-22 last:pb-0\">\n    \n    \n    \n              <div class=\" flex flex-col gap-2 md:gap-6 items-center text-center lg:text-left lg:items-start lg:flex-row lg:flex-wrap lg:justify-center\">\n          <div class=\"inline-block mb-4 \">\n        <a href=\"https:\/\/www.columbiaskylights.com\/fr\/installateurs\/\" class=\"last:mr-0 lg:whitespace-nowrap btn-blue\"  target=\"\">INSCRIVEZ-VOUS AU PROGRAMME DES INSTALLATEURS DE COLUMBIA<\/a>\n              <\/div>\n      <\/div>\n      <\/div>\n      <\/div>\n              <\/section>\n","protected":false},"excerpt":{"rendered":"","protected":false},"author":1,"featured_media":0,"parent":0,"menu_order":0,"comment_status":"closed","ping_status":"closed","template":"","meta":{"_acf_changed":false,"inline_featured_image":false,"footnotes":""},"class_list":["post-17821","page","type-page","status-publish","hentry"],"acf":[],"_links":{"self":[{"href":"https:\/\/www.columbiaskylights.com\/fr\/wp-json\/wp\/v2\/pages\/17821","targetHints":{"allow":["GET"]}}],"collection":[{"href":"https:\/\/www.columbiaskylights.com\/fr\/wp-json\/wp\/v2\/pages"}],"about":[{"href":"https:\/\/www.columbiaskylights.com\/fr\/wp-json\/wp\/v2\/types\/page"}],"author":[{"embeddable":true,"href":"https:\/\/www.columbiaskylights.com\/fr\/wp-json\/wp\/v2\/users\/1"}],"replies":[{"embeddable":true,"href":"https:\/\/www.columbiaskylights.com\/fr\/wp-json\/wp\/v2\/comments?post=17821"}],"version-history":[{"count":3,"href":"https:\/\/www.columbiaskylights.com\/fr\/wp-json\/wp\/v2\/pages\/17821\/revisions"}],"predecessor-version":[{"id":22177,"href":"https:\/\/www.columbiaskylights.com\/fr\/wp-json\/wp\/v2\/pages\/17821\/revisions\/22177"}],"wp:attachment":[{"href":"https:\/\/www.columbiaskylights.com\/fr\/wp-json\/wp\/v2\/media?parent=17821"}],"curies":[{"name":"wp","href":"https:\/\/api.w.org\/{rel}","templated":true}]}}