{"id":17669,"date":"2024-01-12T14:43:11","date_gmt":"2024-01-12T22:43:11","guid":{"rendered":"https:\/\/www.columbiaskylights.com\/?page_id=17669"},"modified":"2024-04-24T17:47:42","modified_gmt":"2024-04-25T00:47:42","slug":"garantie","status":"publish","type":"page","link":"https:\/\/www.columbiaskylights.com\/fr\/puits-de-lumiere-fakro\/columbia-et-fakro\/garantie\/","title":{"rendered":"Garantie FAKRO"},"content":{"rendered":"<section id=\"block_407e09662d42bdfa2efe8b917a9a067f\" class=\" columbia-block relative overflow-hidden wp-block-page-hero block-w-full text-dark bg-white  p-top-default p-bottom-default\" >\n          <div class=\" carousel--hero--dots--\">\n                      <div class=\"hero-slide w-full flex relative  is-selected \">\n          <div class=\"hero-slide__content text-white w-full z-10 pt-22 md:pt-32 lg:pt-40 pb-12 md:pb-20 xl:pt-[180px]\">\n            <div class=\"inner container h-full grid grid-cols-1 lg:grid-cols-2 gap-6 lg:gap-x-22 xxl:gap-x-60 w-full\">\n                              <text class=\"block hero-slide__content__wysiwyg position-left   font-semibold col-span-2 lg:col-span-1  wp-editor spaced\">\n                  <div class=\"inner \">\n                    <h1><img decoding=\"async\" class=\"alignnone wp-image-4079\" src=\"https:\/\/www.columbiaskylights.com\/wp-content\/uploads\/2023\/04\/fakro-logo-white-1.svg\" alt=\"\" width=\"317\" height=\"50\" title=\"\"><\/h1>\n<h1>Garantie du produit<\/h1>\n<p>FAKRO propose l&rsquo;une des meilleures garanties de l&rsquo;industrie.<\/p>\n\n                  <\/div>\n                <\/text>\n                                        <\/div>\n          <\/div>\n          <div class=\"hero-slide-bg absolute h-full w-full inset-0  hero-slide-bg--left hero-slide-bg-color--black \">\n            <img decoding=\"async\" src=\"https:\/\/www.columbiaskylights.com\/wp-content\/uploads\/2023\/11\/fakro-warranty-hero.jpg\" class=\"hero-slide__image absolute z-0 inset-0 w-full h-full object-cover\" alt=\"Fakro warranty hero\" height=\"2160\" width=\"3840\" title=\"\">\n    \t          <\/div>\n        <\/div>\n                  <\/div>\n              <\/section>\n  <div class=\"block-breadcrumbs text-breadcrumb text-black-500 pt-7 mdd:hidden \">\n    <div class=\"container\">\n              \n                  <a href=\"https:\/\/www.columbiaskylights.com\/fr\/\" class=\"text-black-700 !no-underline hover:!underline\">Accueil<\/a>\n                       \/ \n                  <a href=\"https:\/\/www.columbiaskylights.com\/fr\/puits-de-lumiere-fakro\/columbia-et-fakro\/\" class=\"text-black-700 !no-underline hover:!underline\">Columbia et FAKRO<\/a>\n                       \/ \n                  Garantie FAKRO\n                  <\/div>\n  <\/div>\n\n\n<section id=\"block_f8c8438a387753487fe1d4fa7c002363\" class=\" columbia-block relative overflow-hidden wp-block-multi-column block-w-narrow text-dark bg-white  p-top-default p-bottom-default\" >\n          <div class=\" block-inner relative container mx-auto\" >\n        <div class=\"block-intro-wrap z-0 relative  pb-12 lg:pb-16 last:pb-0\">\n    \n        <div class=\"block-title grow  mx-auto max-w-6xl\">\n            <h2 class=\" text-center\">Garantie FAKRO<\/h2>\n    <\/div>\n    \n    \n          <div class=\"mt-6 lg:mt-12 relative z-0 block-intro  mx-auto max-w-6xl lg:max-w-6xxl text-xl\">La garantie de FAKRO, leader dans l&rsquo;industrie, repr\u00e9sente son engagement envers une conception exceptionnelle et une qualit\u00e9 de fabrication. FAKRO soutient tout ce qu&rsquo;elle fabrique, permettant \u00e0 ses clients de se sentir rassur\u00e9s qu&rsquo;ils ont investi dans les meilleurs puits de lumi\u00e8re au monde, vendus dans 50 pays.<\/div>\n          <\/div>\n        <div class=\"col-wrapper col-gutter-md row-gutter-md \">\n      <div class=\"col-wrapper-inner flex flex-wrap   \">\n                            <div class=\"column w-full corners- md:w-12\/12  1 tab-group\">\n                                                            <div class=\"column-inner      \">\n              <div class=\"column-content match-col-height wp-editor \">\n                                                  <ul class=\"two-col-horizontal\">\n<li>Les produits FAKRO utilisent des mat\u00e9riaux et des pi\u00e8ces de la plus haute qualit\u00e9, tels que leur vitrage \u00e9co\u00e9nerg\u00e9tique, leurs cadres en pin finement grain\u00e9 laqu\u00e9 en usine, les pi\u00e8ces mobiles telles que les charni\u00e8res et les poign\u00e9es, ou la technologie Smart Home Z-Wave reconnue internationalement.<\/li>\n<li>FAKRO s&rsquo;efforce continuellement de progresser sur le plan technologique, comme avec l&rsquo;unit\u00e9 de verre quadruple U8 ou le verre praticable du puits de lumi\u00e8re DXW.<\/li>\n<\/ul>\n\n                                \n                \n                \n                              <\/div>\n            <\/div>\n                      <\/div>\n              <\/div>\n    <\/div>\n      <\/div>\n              <\/section>\n\n\n<section id=\"block_4d1663a419d90be738d7471cbd46db42\" class=\"overflow-hidden columbia-block relative overflow-hidden wp-block-block-container bordered-inner block-w-wide text-dark bg-white  p-top-default p-bottom-default\" >\n          <div class=\"max-w-7xl overflow-visible block-inner relative container mx-auto\" >\n        <div class=\"content-box relative    px-2 sm:px-5 py-8 md:p-8 lg:p-10 xxl:p-22 text-dark bg-teal-100\">\n      \n<section id=\"block_b71dc5ecf5367910faceb3fe9516c1a9\" class=\" columbia-block relative overflow-hidden wp-block-multi-column block-w-full text-dark bg-white  p-top-default p-bottom-default\" >\n          <div class=\" block-inner relative container mx-auto\" >\n        <div class=\"col-wrapper col-gutter-lg row-gutter-md \">\n      <div class=\"col-wrapper-inner flex flex-wrap   \">\n                            <div class=\"column w-full corners- md:w-12\/12  1 tab-group\">\n                                                            <div class=\"column-inner      \">\n              <div class=\"column-content match-col-height wp-editor \">\n                                                  <p>This limited warranty is provided by FAKRO to the end-users of FAKRO\u2019s products. For the purpose of this Warranty, the \u201cend-user\u201d refers to a legal entity or an individual person who originally purchased the product and who did not acquire the product for the purpose of resale.<\/p>\n<p>&nbsp;<\/p>\n<p><span class=\"text-xl font-semibold\">1. FAKRO INSULATING GLASS<\/span><br \/>\nTempered glass durability is covered under the Lifetime* Hail Warranty.<br \/>\nIn addition, FAKRO warrants to the end+user that the insulating glass pane will not develop a material obstruction of vision due to a failure of the glass seal as a result of normal use and service for a period of twenty (20) years from the date of purchase. FAKRO at its sole and absolute discretion, is limited to one of the following:<br \/>\n1) the delivery of a replacement glass unit to the retailer or directly to the end-user free of charge; or<br \/>\n2) the refund of the glass purchase price to the end-user<br \/>\n*Lifetime \u2013 refers to a period no greater than thirty (30) years from the date of manufacture.<\/p>\n<p>&nbsp;<\/p>\n<p><span class=\"text-xl font-semibold\">2. FAKRO ROOF WINDOWS, SKYLIGHTS AND FLASHING<\/span><br \/>\nFor a period of ten (10) years from the date of purchase, FAKRO warrants to the end-user that FAKRO roof windows, skylights and flashings will be free from defects in material and workmanship as a result of normal use and service. FAKRO, at its sole and absolute discretion, is limited to one of the following:<br \/>\n1) the delivery of replacement parts to the retailer or directly to the end-user free of charge; or<br \/>\n2) the delivery of a roof window or skylight to the retailer or directly to the end-user free of charge; or<br \/>\n3) the refund of the purchase price to the end-user.<\/p>\n<p>&nbsp;<\/p>\n<p><span class=\"text-xl font-semibold\">3. LIFETIME* FX SKYLIGHT WOODEN FRAME WARRANTY<\/span><br \/>\nThe following warranty refers to the original FAKRO fixed skylights (FX) manufactured after January 1, 2014, installed on residential buildings, using the original FAKRO flashing kits (EL or EH-A) from FAKRO and installed strictly following FAKRO\u2019s installation instructions. FAKRO warrants to the end-user that the wooden frames will be free from defects in material and workmanship as a result of normal use and service, for the lifetime of the product. This warranty refers only to the wooden frames and does not cover any other parts of the skylight itself.<\/p>\n<p>&nbsp;<\/p>\n<p><span class=\"text-xl font-semibold\">CUSTOMER OBLIGATIONS<\/span><br \/>\nIn order to benefit from the Lifetime* Skylight Wooden Frame Warranty, the customer must:<br \/>\n1. Clean and paint the frame with water based lacquer every three (3) years<br \/>\n2. Receive maintenance service by an authorized company or installer, every ten (10) years after the purchase date, including:<br \/>\na) replacing all of skylight\u2019s covering profiles<br \/>\nb) replacing all of the glazing unit sealant (glazing unit must be removed and replaced with new butyl sealant)<br \/>\nc) resealing the skylight with the new Fakro flashing and water-ice shield<br \/>\nd) completing any required repairs or replacements.<br \/>\nThe cost of parts and the maintenance service is the full responsibility of the skylights owner.<br \/>\n*Lifetime \u2013 refers to a period no greater than thirty (30) years from the date of manufacture.<\/p>\n<p>&nbsp;<\/p>\n<p><span class=\"text-xl font-semibold\">4. 10 YEARS LEAK-PROOF SKYLIGHT INSTALLATION WARRANTY<\/span><br \/>\nThis warranty refers to the new and original FAKRO fixed (FX), manual venting (FV), and electric venting (FVE) skylights manufactured after January 1, 2014, installed on residential buildings with new and original FAKRO flashing kits (EL, ELA, EH-A, EH\/A-A) and installed strictly following FAKRO\u2019s installation instructions.<br \/>\nFor the period of ten (10) years from the date of installation, FAKRO warrants that no water will leak* neither through the installed skylight nor between the installed skylight and the roof deck.<br \/>\nIn case of any water leakage through the installed skylight or between the installed skylight and roof deck, FAKRO at its sole discretion will do one of the following:<br \/>\n1) Repair or reinstall the roof window or skylight, at the Company\u2019s expense;<br \/>\n2) Replace the skylight with another product of the same or similar model,<br \/>\n3) Cover the costs of a one (1) time reinstallation of the skylight, not exceeding an amount of $1000 (costs must be justified).<br \/>\nIf the customer has any doubts regarding the correct installation of the skylight, they should contact an installer authorized by FAKRO, or FAKRO\u2019s head office to inspect the installation and verify that it complies with FAKRO\u2019s installation instructions. If FAKRO\u2019s servicer or installer finds that the skylight was installed incorrectly the customer will be charged (at his or her expense) to correct the improper installation.<\/p>\n<p>&nbsp;<\/p>\n<p><span class=\"text-xl font-semibold\">Additional Exclusions and Limitations:<\/span><br \/>\nThis warranty excludes and will not cover any leaks that are the result of the following:<br \/>\n1) Installation or re-installation of skylights without water-ice shield.<br \/>\n2) Installation or re-installation of skylights without the use of FAKRO\u2019s original flashing<br \/>\ndesigned for the given type of roofing material;<br \/>\n3) Venting products left open when raining or during any other type of precipitation;<br \/>\n4) Moisture penetrating through the roof construction and roofing material;<br \/>\n5) Incorrect installation of the product;<br \/>\n6) Any mechanical product damage or unfavourable outside conditions (beyond product<br \/>\ndesign limitations) having an effect on the reason for the leak;<br \/>\n7) Faulty building construction or design.<br \/>\n* Leaks refer to water in liquid form penetrating through the fully installed skylight or between the skylight and roof deck.<\/p>\n<p>&nbsp;<\/p>\n<p><span class=\"text-xl font-semibold\">5. FAKRO BLINDS AND CONTROLS WARRANTY<\/span><br \/>\nFor a period of two (2) years from the date of purchase, FAKRO warrants that its blinds (shades, poles and other accessories) and controls (including motorized operators) will be free from defects in material and workmanship as a result of normal use and service.<br \/>\nFAKRO at its sole and absolute discretion is limited to one of the following:<br \/>\n1) The delivery of a replacement part to the retailer or directly to the end-user, free of charge; or<br \/>\n2) The delivery of a replacement blind to the retailer or directly to the end-user; or<br \/>\n3) The refund of the purchase price to the end-user<br \/>\nThe following pages contain GENERAL CONDITIONS AND EXCLUSIONS, Including limitations on the implied warranties of merchantability and fitness for a particular purpose, and exclusions of damages.<\/p>\n<p>&nbsp;<\/p>\n<p><span class=\"text-xl font-semibold\">GENERAL CONDITIONS AND EXCLUSIONS<\/span><br \/>\nThe warranty period begins on the date a new FAKRO product was purchased from a retailer and must be substantiated with the original invoice or sales receipt. If the purchase date cannot be substantiated, the warranty period will begin as of the date of manufacture; which is indicated on each product.<\/p>\n<p>The Limited Warranty set forth in this document is the only express warranty, and this writing is the final, complete and exclusive expression of all express warranties applicable to FAKRO products. Any statement of the FAKRO\u2019s agent or any other person that purports to differ from, modify or expand this Limited Warranty shall have no effect. All warranty claims must be made during the applicable warranty period.<br \/>\nThe warranty does not cover (excluding the LEAK-PROOF SKYLIGHT WARRANTY) any labour cost associated with the installation of replacement products or components. The provision of replacement products or components shall not extend the original warranty period. FAKRO reserves the right to provide a similar replacement product or component if the original version is no longer available at the time of the claim.<br \/>\nNo warranty will apply to any product that is not finished, installed, maintained and operated in accordance with FAKRO\u2019s instructions.<\/p>\n<p>Some states or provinces do not allow for the exclusion or limitation of accidental or consequential damages or the limitation on of the duration of implied warranties; as a result the limitations or exclusions above may not apply to you.<\/p>\n<p>All implied warranties, INCLUDING THE WARRANTIES OF MERCHANTABILITY AND FITNESS FOR A PARTICULAR PURPOSE, are limited to the applicable time limitations set forth above in the Paragraphs numbered 1 through 3 of this Limited Warranty.<\/p>\n<p>&nbsp;<\/p>\n<p><span class=\"text-xl font-semibold\">THIS WARRANTY IS ONLY APPLICABLE TO PRODUCTS SOLD AND INSTALLED WITHIN THE UNITED STATES OF AMERICA AND CANADA<\/span><\/p>\n<p><span class=\"text-lg font-semibold\">What is Not Covered by this Limited Warranty:<\/span><\/p>\n<p>This warranty does not cover, and we will not provide repair, replacement or refund for any of the following:<br \/>\na) Product failure or damage due to improper installation or modification including:<br \/>\nadjustments or corrections due to improper installation;<br \/>\nfailure due to product modifications or shading devices;<br \/>\nunits improperly assembled and\/or improperly installed by others.<br \/>\nb) Damage caused by the following:<br \/>\nimproper installation, use or maintenance, including but not limited to stress cracks;<br \/>\nexposure to conditions beyond published performance specifications;<br \/>\nwater infiltration other than a result of a defect in manufacturing materials or workmanship;<br \/>\ncondensation.<br \/>\nc) Damage to glass caused by others, including without limitation, cleaning glass by other than<br \/>\nthe approved methods.<br \/>\nd) Damage to metal surfaces caused by brick wash, chemicals or airborne pollutants, including without limitation salt or acid rain.<br \/>\ne) Damage that occurs during delivery by others.<br \/>\nf ) Damage caused by accidents or acts of God.<br \/>\ng) Damage as a result of normal wear and tear, including, but not limited to, non-uniform fading or colour changes from nonuniform exposure to the sun or elements.<br \/>\ne) shipping costs for replacement products<\/p>\n<p>&nbsp;<\/p>\n<p><span class=\"text-lg font-semibold\">Additional Exclusions and Limitations:<\/span><\/p>\n<p>The following items are also excluded from this warranty:<br \/>\na) Labor and other cost related to the removal and disposal of defective products (does not<br \/>\nrefer to the terms of the LEAK-PROOF SKYLIGHT WARRANTY)<br \/>\nb) Labor and materials related to trim or other carpentry work that may be required.<br \/>\nc) Products not manufactured by FAKRO.<br \/>\nd) Service trips to provide instruction on product use.<\/p>\n<p><span class=\"text-lg font-semibold\">FAKRO will not be responsible for any property damages caused by FAKRO products.<\/span><\/p>\n<p>Some States or provinces do not allow limitations on how long an implied warranty lasts or the exclusion or limitation of incidental or consequential damages; as a result, the above limitations or exclusions may not apply to you.<\/p>\n<p>&nbsp;<\/p>\n<p><span class=\"text-xl font-semibold\">6. WARRANTY CLAIM PROCEDURE<\/span><br \/>\nIn order to obtain the benefits of this warranty, you must give the Company notice of the defective product, within a reasonable time after you discover or reasonably should discover the defect, and in all cases within the warranty periods set forth above. Your claim must be made to local FAKRO office or authorized distributor. Contact details are available on our website at www.fakro.ca website.<\/p>\n<p>&nbsp;<\/p>\n<p><span class=\"text-lg font-semibold\">You claim must include the following information:<\/span><br \/>\n&#8211; your name and address (with postal code);<br \/>\n&#8211; where the product is installed;<br \/>\n&#8211; contact phone number(s)<br \/>\n&#8211; a description of the product: size and type of the product (located on the FAKRO identification<br \/>\nlabel attached to the sash);<br \/>\n&#8211; a possible description (as precise as possible) of the defect including pictures as well as your<br \/>\nattempts to solve the problem (if any).<\/p>\n<p>&nbsp;<\/p>\n<p>For a period of thirty (30) days after submitting your claim, you agree to allow FAKRO reasonable access to the product, for the purpose of inspection and evaluation of your claim. Within sixty days following the date of your claim, FAKRO will advise you of whether your claim has been accepted or rejected under this Warranty.<\/p>\n<p>&nbsp;<\/p>\n<p><span class=\"text-sm\">THIS WARRANTY GIVES YOU SPECIFIC LEGAL RIGHTS AND YOU MAY ALSO HAVE OTHER RIGHTS WHICH VARY FROM STATE TO STATE OR PROVINCE TO PROVINCE. YOU HAVE THE RIGHT TO SEEK A REMEDY IN COURT IF YOU BELIEVE FAKRO HAS BREACHED ITS OBLIGATIONS UNDER THIS WARRANTY.<\/span><\/p>\n\n                                \n                \n                \n                              <\/div>\n            <\/div>\n                      <\/div>\n              <\/div>\n    <\/div>\n      <\/div>\n              <\/section>\n\n\n          <\/div>\n      <\/div>\n              <\/section>\n\n\n<section id=\"block_8cfb85ee84a30804d20790347d9a84ea\" class=\" columbia-block relative overflow-hidden wp-block-c-t-a block-w-full text-dark bg-white  p-top-default p-bottom-large\" >\n          <div class=\" block-inner relative container mx-auto\" >\n        <div class=\"block-intro-wrap z-0 relative  pb-11 lg:pb-22 last:pb-0\">\n    \n    \n    \n              <div class=\" flex flex-col gap-2 md:gap-6 items-center text-center lg:text-left lg:items-start lg:flex-row lg:flex-wrap lg:justify-center\">\n          <div class=\"inline-block mb-4 \">\n        <a href=\"https:\/\/www.columbiaskylights.com\/wp-content\/uploads\/2023\/11\/FAKRO-Warranty-2023.pdf\" class=\"last:mr-0 lg:whitespace-nowrap btn-green\"  rel=\"noreferer noopener nofollow\" target=\"_blank\">Download A PDF Of FAKRO\u2019s Warranty<\/a>\n              <\/div>\n      <\/div>\n      <\/div>\n      <\/div>\n              <\/section>\n","protected":false},"excerpt":{"rendered":"","protected":false},"author":1,"featured_media":0,"parent":16715,"menu_order":0,"comment_status":"closed","ping_status":"closed","template":"template-fakro-page.blade.php","meta":{"_acf_changed":false,"inline_featured_image":false,"footnotes":""},"class_list":["post-17669","page","type-page","status-publish","hentry"],"acf":[],"_links":{"self":[{"href":"https:\/\/www.columbiaskylights.com\/fr\/wp-json\/wp\/v2\/pages\/17669","targetHints":{"allow":["GET"]}}],"collection":[{"href":"https:\/\/www.columbiaskylights.com\/fr\/wp-json\/wp\/v2\/pages"}],"about":[{"href":"https:\/\/www.columbiaskylights.com\/fr\/wp-json\/wp\/v2\/types\/page"}],"author":[{"embeddable":true,"href":"https:\/\/www.columbiaskylights.com\/fr\/wp-json\/wp\/v2\/users\/1"}],"replies":[{"embeddable":true,"href":"https:\/\/www.columbiaskylights.com\/fr\/wp-json\/wp\/v2\/comments?post=17669"}],"version-history":[{"count":5,"href":"https:\/\/www.columbiaskylights.com\/fr\/wp-json\/wp\/v2\/pages\/17669\/revisions"}],"predecessor-version":[{"id":22330,"href":"https:\/\/www.columbiaskylights.com\/fr\/wp-json\/wp\/v2\/pages\/17669\/revisions\/22330"}],"up":[{"embeddable":true,"href":"https:\/\/www.columbiaskylights.com\/fr\/wp-json\/wp\/v2\/pages\/16715"}],"wp:attachment":[{"href":"https:\/\/www.columbiaskylights.com\/fr\/wp-json\/wp\/v2\/media?parent=17669"}],"curies":[{"name":"wp","href":"https:\/\/api.w.org\/{rel}","templated":true}]}}