{"id":17181,"date":"2024-01-10T12:07:44","date_gmt":"2024-01-10T20:07:44","guid":{"rendered":"https:\/\/www.columbiaskylights.com\/?page_id=17181"},"modified":"2024-01-10T12:07:44","modified_gmt":"2024-01-10T20:07:44","slug":"politique-sur-la-vie-privee","status":"publish","type":"page","link":"https:\/\/www.columbiaskylights.com\/fr\/politique-sur-la-vie-privee\/","title":{"rendered":"Politique sur la vie priv\u00e9e"},"content":{"rendered":"<section id=\"block_11e0b0b92ae337216f60844d50eeeea8\" class=\"overflow-hidden columbia-block relative overflow-hidden wp-block-block-container block-w-wide text-dark bg-white  p-top-default p-bottom-default\" >\n          <div class=\"max-w-7xl overflow-visible block-inner relative container mx-auto\" >\n        <div class=\"content-box relative   rounded px-2 sm:px-5 py-8 md:p-8 lg:p-10 xxl:p-22 text-dark bg-teal-100\">\n      \n<section id=\"block_b158a508cfe687a4a8142f28a12519b7\" class=\" columbia-block relative overflow-hidden wp-block-w-y-s-i-w-y-g block-w-wide text-dark bg-white  p-top-default p-bottom-default\" >\n          <div class=\" block-inner relative container mx-auto\" >\n        <div class=\"block-intro-wrap z-0 relative pb-8 lg:pb-16\">\n    \n        <div class=\"block-title grow  mx-auto max-w-6xl\">\n            <h1 class=\" h2 text-center\">Politique sur la vie priv\u00e9e<\/h1>\n    <\/div>\n    \n    \n          <\/div>\n      <div class=\"wp-editor\">\n      <p>COLUMBIA MANUFACTURING CO. LTD. s\u2019engage \u00e0 respecter et \u00e0 prot\u00e9ger votre vie priv\u00e9e et nous voulons que vous vous sentiez en toute s\u00e9curit\u00e9 lorsque vous visitez notre site et fournissez des informations. Afin de vous fournir des informations importantes concernant vos demandes et de recevoir des informations de notre site internet, nous avons besoin de temps en temps que vous poussiez nous donner une peu d\u2019informations sur vous-m\u00eame.<\/p>\n<p>Nous avons pr\u00e9par\u00e9 cette politique sur la vie priv\u00e9e pour vous informer sur les informations que nous ramassons et de quelles fa\u00e7on elles sont utilis\u00e9es. Cette politique s\u2019applique pour tous les sites internet de COLUMBIA MANUFACTURING CO. LTD. qui sont sur le site ou ont un lien \u00e0 cette politique sur la vie priv\u00e9e. Vous devriez aussi prendre note que COLUMBIA MANUFACTURING CO. LTD. garde les m\u00eames pratiques de politique sur la vie priv\u00e9e avec les bases de donn\u00e9es que nous ramassons hors-ligne et cette politique sera prise en compte sur ces m\u00e9thodes de collection de base de donn\u00e9es et son utilisation.<\/p>\n<p>Quelles sont les informations que nous ramassons? En g\u00e9n\u00e9ral, vous visitez ce site sans vous identifier ou sans r\u00e9v\u00e9ler des informations personnelles. COLUMBIA MANUFACTURING CO. LTD. ramasse les informations de domaine de votre site pour personnaliser et am\u00e9liorer votre exp\u00e9rience sur notre site.<\/p>\n<p>Ce site internet peut garder certaines informations de votre visite, y compris la date et le temps de votre acc\u00e8s, les pages que vous avez vu, le nom de votre Fournisseur de Site Internet et le Internet Protocol (IP) address avec lequel vous acc\u00e9dez \u00e0 internet et l\u2019adresse internet auquel vous vous \u00eates mis en lien sur notre site, si cela s\u2019applique. Nous utilisons cette information pour mieux comprendre comment notre site internet est utilis\u00e9 afin que nous puissions am\u00e9liorer sa qualit\u00e9 et le rendre plus agr\u00e9able pour les utilisateurs.<\/p>\n<p>Certaines parties de ce site internet peut vous demander des informations sur vous, afin que nous puissions vous identifier, telles que votre nom, courriel ou autres adresses. Certaines fa\u00e7ons dont nous ramassons ces informations sont:<\/p>\n<ul>\n<li>Inscriptions d\u2019\u00e9v\u00e8nement de webdiffusion, s\u00e9minaires, conf\u00e9rences\u2026<\/li>\n<li>Produit pour appuyer l\u2019inscription<\/li>\n<li>Inscription \u00c9ducatif<\/li>\n<li>Souscription au bulletin ou autres contenus de COLUMBIA MANUFACTURING CO. LTD.<\/li>\n<li>Ventes de produit ou essais<\/li>\n<li>Papier blanc ou autres t\u00e9l\u00e9chargements<\/li>\n<li>Loteries ou concours<\/li>\n<\/ul>\n<h3>Comment nous utilisons ces informations?<\/h3>\n<p>Lorsque nous ramassons les informations \u00e0 votre sujet, notre but est de vous dire pour quelle raison nous vous demandons ces information et ce que nous allons faire avec. Vous aurez l\u2019option de ne pas divulguer ces informations. Dans ce cas, vous serait toujours capable d\u2019avoir acc\u00e8s \u00e0 d\u2019autres parties de ce site interne, mais vous ne pourrez pas \u00eatre capable d\u2019avoir acc\u00e8s a certains programmes ou services. Pour certaines parties de notre site internet, nous pouvons, si cela est appropri\u00e9, vous permettre \u2018de d\u00e9crocher\u2019 certaines utilisations de vos informations ou de choisir de ne pas recevoir des services ou des communications dans l\u2019avenir.<\/p>\n<p>Les informations que nous gardons \u00e0 votre sujet ou au sujet de votre ordinateur sera utilis\u00e9 pour notre site internet et pour fournier de l\u2019aide \u00e0 la client\u00e8le, r\u00e9pondre \u00e0 vos demandes ou proc\u00e9der n\u2019importe quelles transaction que vous avez autoris\u00e9. Cela sera aussi autoris\u00e9 pour v\u00e9rifier votre identit\u00e9, vous envoyer des informations ou vous contacter au sujet du produit ou du service COLUMBIA MANUFACTURING CO. LTD que vous utilisez ou ce qui vous int\u00e9resserait.<\/p>\n<p>Partagerons-nous ces informations avec une partie tiers? Dans certains cas, nous pouvons rendre vos informations disponibles \u00e0 des parties tiers avec qui nous avons une relation o\u00f9 ce tiers offre des services de notre part. Nous ne fournirons ces informations aux parties tiers seulement si cela est n\u00e9cessaire pour fournir ces services et nous prenons des mesures pour prot\u00e9ger vos informations.<\/p>\n<p>Nous pouvons aussi divulguer les informations \u00e0 nos partenaire d\u2019affaire pour des raisons de marketing et autres pour votre b\u00e9n\u00e9fice.<\/p>\n<p>COLUMBIA MANUFACTURING CO. LTD. est une compagnie internationale avec des clients et des partenaires dans plus de 140 pays dans le monde. Les information que nous ramassons peuvent \u00eatre utilis\u00e9es, enregistr\u00e9es et trait\u00e9es aux \u00c9tats Unis ou dans n\u2019importe quel autre pays o\u00f9 COLUMBIA MANUFACTURING CO. LTD. fait affaire. En fournissant ces informations par ce site internet, vous consentez au transfert des ces informations en dehors de votre pays vers n\u2019importe quel autre pays ( y compris vers des pays qui n\u2019ont pas des niveaux de protection ad\u00e9quats.<\/p>\n<p>COLUMBIA MANUFACTURING CO. LTD. peut divulguer les informations qui ont \u00e9t\u00e9 enregistr\u00e9es \u00e0 votre sujet sur le site si cela est n\u00e9cessaire selon la loi ou si cela est n\u00e9cessaire pour prot\u00e9ger les droits de COLUMBIA MANUFACTURING CO. LTD. ou de ses employ\u00e9s.<\/p>\n<h3>Et la s\u00e9curit\u00e9 des bases de donn\u00e9es?<\/h3>\n<p>Le but de COLUMBIA MANUFACTURING CO. LTD. est de prot\u00e9ger vos informations personnelles; honorez vos choix pour son utilisation et de bien prot\u00e9ger votre base de donn\u00e9es contre les pertes, la mauvaise utilisation, l\u2019acc\u00e8s non autoris\u00e9 ou la divulgation, l\u2019alt\u00e9ration ou la destruction. Nous avons pris des mesures appropri\u00e9es pour s\u00e9curiser les informations que nous ramassons en ligne, y compris l\u2019utilisation de codes lorsque nous collectons ou nous transf\u00e9rons des informations sensibles telles que des informations de carte(s) de cr\u00e9dit.<\/p>\n<p>Cependant, vous devez prendre en compte que internet est un forum ouvert et que les donn\u00e9es peuvent passer d\u2019un r\u00e9seau \u00e0 un autre avec peu ou aucune mesures de s\u00e9curit\u00e9, et donc, certaines personnes peuvent avoir acc\u00e8s \u00e0 de telles informations autres que ceux qui devraient avoir acc\u00e8s.<\/p>\n<p>Pouvez-vous mettre \u00e0 jour et \/ou modifier les informations personnelles? Vous avez le droit de savoir si nous avons des informations vous concernant et, si cela est le cas (sujet \u00e0 certaines limitations), d\u2019avoir acc\u00e8s \u00e0 ces informations et de les corriger si elles sont incorrectes ou trop anciennes.<\/p>\n<h3>Des Relations d\u2019Affaire<\/h3>\n<p>Ce site internet contient des liens vers d\u2019autres sites. COLUMBIA MANUFACTURING CO. LTD n\u2019est pas responsable des pratiques de politique de vie priv\u00e9es ou des contenus de ces sites ext\u00e9rieurs.<\/p>\n<h3>Nous Contacter<\/h3>\n<p>Si vous avez des questions ou des commentaires sur notre politique sur la vie priv\u00e9e, veuillez nous contacter par courriel \u00e0 <a href=\"mailto:info@columbiaskylights.com\">info@columbiaskylights.com<\/a> avec les mots \u201cPOLITIQUE SUR LA VIE PRIV\u00c9E\u201d comme sujet. Visitez aussi la politique sur la vie priv\u00e9e Canadiennes pour des informations compl\u00e9mentaires au sujet de COLUMBIA MANUFACTURING CO. LTD. Canada.<\/p>\n<p>COLUMBIA MANUFACTURING CO. LTD. peut modifier ou mettre \u00e0 jour cette politique en tout temps et sans le signaler. Vous pouvez v\u00e9rifier les \u201cderni\u00e8res dates de mises \u00e0 jour\u201d ci-dessous pour \u00eatre au courant du dernier changement. Nous vous encourageons \u00e0 v\u00e9rifier cette politique souvent afin que vous puissiez continuer \u00e0 \u00eatre au courant sur la fa\u00e7on dont nous prot\u00e9geons vos informations personnelles. Votre utilisation continu de ce site constitue un consentement aux contenus de cette politique sur la vie priv\u00e9e puisqu\u2019elle peut changer de temps en temps.<\/p>\n\n    <\/div>\n      <\/div>\n              <\/section>\n\n\n          <\/div>\n      <\/div>\n              <\/section>\n","protected":false},"excerpt":{"rendered":"","protected":false},"author":1,"featured_media":0,"parent":0,"menu_order":0,"comment_status":"closed","ping_status":"closed","template":"","meta":{"_acf_changed":false,"inline_featured_image":false,"footnotes":""},"class_list":["post-17181","page","type-page","status-publish","hentry"],"acf":[],"_links":{"self":[{"href":"https:\/\/www.columbiaskylights.com\/fr\/wp-json\/wp\/v2\/pages\/17181","targetHints":{"allow":["GET"]}}],"collection":[{"href":"https:\/\/www.columbiaskylights.com\/fr\/wp-json\/wp\/v2\/pages"}],"about":[{"href":"https:\/\/www.columbiaskylights.com\/fr\/wp-json\/wp\/v2\/types\/page"}],"author":[{"embeddable":true,"href":"https:\/\/www.columbiaskylights.com\/fr\/wp-json\/wp\/v2\/users\/1"}],"replies":[{"embeddable":true,"href":"https:\/\/www.columbiaskylights.com\/fr\/wp-json\/wp\/v2\/comments?post=17181"}],"version-history":[{"count":0,"href":"https:\/\/www.columbiaskylights.com\/fr\/wp-json\/wp\/v2\/pages\/17181\/revisions"}],"wp:attachment":[{"href":"https:\/\/www.columbiaskylights.com\/fr\/wp-json\/wp\/v2\/media?parent=17181"}],"curies":[{"name":"wp","href":"https:\/\/api.w.org\/{rel}","templated":true}]}}