{"id":16809,"date":"2024-01-09T21:52:32","date_gmt":"2024-01-10T05:52:32","guid":{"rendered":"https:\/\/www.columbiaskylights.com\/?page_id=16809"},"modified":"2024-02-25T11:25:49","modified_gmt":"2024-02-25T19:25:49","slug":"dessins-et-caracteristiques","status":"publish","type":"page","link":"https:\/\/www.columbiaskylights.com\/fr\/informations-techniques\/dessins-et-caracteristiques\/","title":{"rendered":"Dessins et caract\u00e9ristiques"},"content":{"rendered":"<section id=\"block_eb6716774a6faa8f4924aa691a2948a8\" class=\" columbia-block relative overflow-hidden wp-block-page-hero block-w-full text-dark bg-white  p-top-default p-bottom-default\" >\n          <div class=\" carousel--hero--dots--\">\n                      <div class=\"hero-slide w-full flex relative  is-selected \">\n          <div class=\"hero-slide__content text-white w-full z-10 pt-22 md:pt-32 lg:pt-40 pb-12 md:pb-20 xl:pt-[180px]\">\n            <div class=\"inner container h-full grid grid-cols-1 lg:grid-cols-2 gap-6 lg:gap-x-22 xxl:gap-x-60 w-full\">\n                              <text class=\"block hero-slide__content__wysiwyg position-bottom-left   font-semibold col-span-2 lg:col-span-1 lg:row-start-2 items-end flex flex-col justify-end wp-editor spaced\">\n                  <div class=\"inner \">\n                    <h1>DESSINS ET CARACT\u00c9RISTIQUES DE COLUMBIA ET FAKRO<\/h1>\n<p>Informations d\u00e9taill\u00e9es sur les produits de Columbia et FAKRO pour les couvreurs, les entrepreneurs, les architectes et les ing\u00e9nieurs.<\/p>\n\n                  <\/div>\n                <\/text>\n                                                              <text class=\"mdd:hidden wp-editor spaced flex font-semibold hero-slide__secondary-content lg:col-start-2 lg:row-start-2 lg:items-end flex flex-col justify-end\">\n                    <div class=\"inner w-full\">\n                      \n                    <\/div>\n                  <\/text>\n                                          <\/div>\n          <\/div>\n          <div class=\"hero-slide-bg absolute h-full w-full inset-0  hero-slide-bg--left hero-slide-bg-color--black \">\n            <img decoding=\"async\" src=\"https:\/\/www.columbiaskylights.com\/wp-content\/uploads\/2023\/05\/drawings-and-specs-hero-bg-scaled.jpg\" class=\"hero-slide__image absolute z-0 inset-0 w-full h-full object-cover\" alt=\"Drawings and specs hero bg\" height=\"1440\" width=\"2560\" title=\"\">\n    \t          <\/div>\n        <\/div>\n                  <\/div>\n              <\/section>\n  <div class=\"block-breadcrumbs text-breadcrumb text-black-500 pt-7 mdd:hidden \">\n    <div class=\"container\">\n              \n                  <a href=\"https:\/\/www.columbiaskylights.com\/fr\/\" class=\"text-black-700 !no-underline hover:!underline\">Accueil<\/a>\n                       \/ \n                  <a href=\"https:\/\/www.columbiaskylights.com\/fr\/informations-techniques\/\" class=\"text-black-700 !no-underline hover:!underline\">Informations techniques<\/a>\n                       \/ \n                  Dessins et caract\u00e9ristiques\n                  <\/div>\n  <\/div>\n\n\n<section id=\"block_3600a657fd8083ee775ed76709667ef2\" class=\" columbia-block relative overflow-hidden wp-block-multi-column aligncenter block-w-narrow text-dark bg-white  p-top-default p-bottom-default\" >\n          <div class=\" block-inner relative container mx-auto\" >\n        <div class=\"block-intro-wrap z-0 relative  pb-12 lg:pb-16 last:pb-0\">\n    \n        <div class=\"block-title grow  mx-auto max-w-6xl\">\n            <h2 class=\" h3 text-center\">DESSINS ET CARACT\u00c9RISTIQUES<\/h2>\n    <\/div>\n    \n    \n          <div class=\"mt-6 lg:mt-12 relative z-0 block-intro  mx-auto max-w-6xl lg:max-w-6xxl text-xl\">S\u00e9lectionnez et t\u00e9l\u00e9chargez rapidement les dessins et les caract\u00e9ristiques techniques des produits de Columbia et FAKRO \u2013 vous y trouverez des informations d\u00e9taill\u00e9es sur la conception, les performances et les dimensions des puits de lumi\u00e8re.<\/div>\n          <\/div>\n        <div class=\"col-wrapper col-gutter-lg row-gutter-md \">\n      <div class=\"col-wrapper-inner flex flex-wrap   \">\n                            <div class=\"column w-full corners- md:w-6\/12  1 tab-group\">\n                                                            <div class=\"column-inner      \">\n              <div class=\"column-content match-col-height wp-editor \">\n                                                  <ul>\n<li>Tous les fichiers sont disponibles en diff\u00e9rents formats, pour les int\u00e9grer facilement dans les plans architecturaux et les rapports techniques.<\/li>\n<\/ul>\n\n                                \n                \n                \n                              <\/div>\n            <\/div>\n                      <\/div>\n                            <div class=\"column w-full corners- md:w-6\/12  2 tab-group\">\n                                                            <div class=\"column-inner      \">\n              <div class=\"column-content match-col-height wp-editor \">\n                                                  <ul>\n<li>Pour plus d\u2019informations, contactez-nous \u00e0 : <a href=\"mailto:info@columbiaskylights.com\">info@columbiaskylights.com<\/a><\/li>\n<li>Visitez \u00e9galement notre <a href=\"https:\/\/www.columbiaskylights.com\/fr\/informations-techniques\/instructions-dinstallation\/\">page Instructions d\u2019installation<\/a>.<\/li>\n<\/ul>\n\n                                \n                \n                \n                              <\/div>\n            <\/div>\n                      <\/div>\n              <\/div>\n    <\/div>\n      <\/div>\n              <\/section>\n\n\n<section id=\"block_4de38b7c3bdb7cacbda2d3cfb532c998\" class=\" columbia-block relative overflow-hidden wp-block-specifications-search block-w-wide text-dark bg-teal-500  p-top-default p-bottom-default\" >\n          <div class=\" block-inner relative container mx-auto\" >\n        <div class=\"flex flex-wrap -mx-4 xl:-mx-11 justify-center\">\n          <div x-data=\"specificationsSearch('specifications')\" class=\"w-full md:w-6\/12 p-6 md:py-0 xl:px-11 tab-group\">\n        <div class=\"column-inner\">\n          <div class=\"column-content\">\n\n            <div class=\"column__logo flex items-center justify-center h-[100px]\">\n              <img decoding=\"async\" src=\"https:\/\/www.columbiaskylights.com\/wp-content\/uploads\/2024\/01\/columbia-skylights-logo-fr.svg\" alt=\"Columbia Skylights Logo Fr\" class=\"block mx-auto w-full max-w-80 md:max-w-[300px]\" title=\"\">\n            <\/div>\n\n            <select x-model=\"selectedTerm\" class=\"columbia-select w-full p-4 rounded-sm mt-20 mb-8 pr-12\">\n              <option value=\"\">TYPE<\/option>\n                              <option value=\"37\">Mont\u00e9 sur cadre<\/option>\n                              <option value=\"38\">Solin int\u00e9gr\u00e9<\/option>\n                              <option value=\"167\">Toit plat<\/option>\n                              <option value=\"168\">Tube de lumi\u00e8re<\/option>\n                              <option value=\"169\">Accessoires<\/option>\n                          <\/select>\n\n            <select x-show=\"selectedTerm\" x-model=\"selectedModel\" class=\"columbia-select w-full p-4 rounded-sm mb-8 pr-12\">\n              <option value=\"\">Mod\u00e8le<\/option>\n              <template x-for=\"product in products\">\n                <option x-bind:value=\"product.endpoint\" x-html=\"product.title\"><\/option>\n              <\/template>\n            <\/select>\n\n            <div x-show=\"selectedModel != ''\" class=\"specifications__results overflow-hidden mb-8\" x-html=\"html\"><\/div>\n          <\/div>\n        <\/div>\n      <\/div>\n    \n          <div x-data=\"specificationsSearch('specifications')\" class=\"w-full md:w-6\/12 p-6 md:py-0 xl:px-11 tab-group\">\n        <div class=\"column-inner\">\n          <div class=\"column-content\">\n\n            <div class=\"column__logo flex items-center justify-center h-[100px]\">\n              <img decoding=\"async\" src=\"https:\/\/www.columbiaskylights.com\/wp-content\/uploads\/2023\/05\/fakro-logo.svg\" alt=\"\" class=\"block mx-auto w-full max-w-80 md:max-w-[300px]\" title=\"\">\n            <\/div>\n\n            <select x-model=\"selectedTerm\" class=\"columbia-select w-full p-4 rounded-sm mt-20 mb-8 pr-12\">\n              <option value=\"\">TYPE<\/option>\n                              <option value=\"171\">Puits De Lumi\u00e8re Avec Cadre Int\u00e9gr\u00e9<\/option>\n                              <option value=\"41\">Puits De Lumi\u00e8res Pour Toit Plat<\/option>\n                              <option value=\"42\">Solin Pour Fen\u00eatre De Toit<\/option>\n                              <option value=\"170\">Puits De Lumi\u00e8re Mont\u00e9s Sur Cadre<\/option>\n                          <\/select>\n\n            <select x-show=\"selectedTerm\" x-model=\"selectedModel\" class=\"columbia-select w-full p-4 rounded-sm mb-8 pr-12\">\n              <option value=\"\">Mod\u00e8le<\/option>\n              <template x-for=\"product in products\">\n                <option x-bind:value=\"product.endpoint\" x-html=\"product.title\"><\/option>\n              <\/template>\n            <\/select>\n\n            <div x-show=\"selectedModel != ''\" class=\"specifications__results overflow-hidden mb-8\" x-html=\"html\"><\/div>\n          <\/div>\n        <\/div>\n      <\/div>\n      <\/div>\n      <\/div>\n              <\/section>\n\n\n<section id=\"block_9156fd210d8b27b4c6414650e3d39f91\" class=\" columbia-block relative overflow-hidden wp-block-c-t-a block-w-full text-dark bg-white  p-top-default p-bottom-default\" >\n          <div class=\" block-inner relative container mx-auto\" >\n        <div class=\"block-intro-wrap z-0 relative  pb-11 lg:pb-22 last:pb-0\">\n    \n    \n    \n              <div class=\" flex flex-col gap-2 md:gap-6 items-center text-center lg:text-left lg:items-start lg:flex-row lg:flex-wrap lg:justify-center\">\n          <div class=\"inline-block mb-4 \">\n        <a href=\"https:\/\/www.columbiaskylights.com\/fr\/informations-techniques\/instructions-dinstallation\/\" class=\"last:mr-0 lg:whitespace-nowrap btn-blue\"  target=\"\">Instructions d\u2019installation<\/a>\n              <\/div>\n      <\/div>\n      <\/div>\n      <\/div>\n              <\/section>\n","protected":false},"excerpt":{"rendered":"","protected":false},"author":1,"featured_media":0,"parent":16807,"menu_order":0,"comment_status":"closed","ping_status":"closed","template":"","meta":{"_acf_changed":false,"inline_featured_image":false,"footnotes":""},"class_list":["post-16809","page","type-page","status-publish","hentry"],"acf":[],"_links":{"self":[{"href":"https:\/\/www.columbiaskylights.com\/fr\/wp-json\/wp\/v2\/pages\/16809","targetHints":{"allow":["GET"]}}],"collection":[{"href":"https:\/\/www.columbiaskylights.com\/fr\/wp-json\/wp\/v2\/pages"}],"about":[{"href":"https:\/\/www.columbiaskylights.com\/fr\/wp-json\/wp\/v2\/types\/page"}],"author":[{"embeddable":true,"href":"https:\/\/www.columbiaskylights.com\/fr\/wp-json\/wp\/v2\/users\/1"}],"replies":[{"embeddable":true,"href":"https:\/\/www.columbiaskylights.com\/fr\/wp-json\/wp\/v2\/comments?post=16809"}],"version-history":[{"count":3,"href":"https:\/\/www.columbiaskylights.com\/fr\/wp-json\/wp\/v2\/pages\/16809\/revisions"}],"predecessor-version":[{"id":20510,"href":"https:\/\/www.columbiaskylights.com\/fr\/wp-json\/wp\/v2\/pages\/16809\/revisions\/20510"}],"up":[{"embeddable":true,"href":"https:\/\/www.columbiaskylights.com\/fr\/wp-json\/wp\/v2\/pages\/16807"}],"wp:attachment":[{"href":"https:\/\/www.columbiaskylights.com\/fr\/wp-json\/wp\/v2\/media?parent=16809"}],"curies":[{"name":"wp","href":"https:\/\/api.w.org\/{rel}","templated":true}]}}