{"id":16796,"date":"2024-01-09T21:50:23","date_gmt":"2024-01-10T05:50:23","guid":{"rendered":"https:\/\/www.columbiaskylights.com\/?page_id=16796"},"modified":"2024-02-25T11:30:43","modified_gmt":"2024-02-25T19:30:43","slug":"instructions-dinstallation","status":"publish","type":"page","link":"https:\/\/www.columbiaskylights.com\/fr\/informations-techniques\/instructions-dinstallation\/","title":{"rendered":"Instructions d\u2019installation"},"content":{"rendered":"<section id=\"block_161773982c1392c77b2bf1209fff598b\" class=\" columbia-block relative overflow-hidden wp-block-page-hero block-w-full text-dark bg-white  p-top-default p-bottom-default\" >\n          <div class=\" carousel--hero--dots--\">\n                      <div class=\"hero-slide w-full flex relative  is-selected \">\n          <div class=\"hero-slide__content text-blue w-full z-10 pt-22 md:pt-32 lg:pt-40 pb-12 md:pb-20 xl:pt-[180px]\">\n            <div class=\"inner container h-full grid grid-cols-1 lg:grid-cols-2 gap-6 lg:gap-x-22 xxl:gap-x-60 w-full\">\n                              <text class=\"block hero-slide__content__wysiwyg position-right  text-right font-semibold col-span-2 lg:col-span-1 lg:row-start-1 lg:col-start-2 wp-editor spaced\">\n                  <div class=\"inner inline-flex text-left flex-col\">\n                    <h1>INSTRUCTIONS D\u2019INSTALLATION DE COLUMBIA ET FAKRO<\/h1>\n<p>Use our directory to quickly access the correct<br \/>\ninstallation instruction for your skylight.<\/p>\n<p>&nbsp;<\/p>\n\n                  <\/div>\n                <\/text>\n                                                              <text class=\"mdd:hidden wp-editor spaced flex font-semibold hero-slide__secondary-content lg:col-start-2 lg:row-start-2 lg:items-end\">\n                    <div class=\"inner w-full\">\n                      <p><a href=\"https:\/\/www.columbiaskylights.com\/wp-content\/uploads\/2024\/02\/instructions-blue-callout.svg\"><img decoding=\"async\" class=\"size-full wp-image-20512 alignright\" src=\"https:\/\/www.columbiaskylights.com\/wp-content\/uploads\/2024\/02\/instructions-blue-callout.svg\" alt=\"Instructions Blue Callout\" width=\"298\" height=\"297\" title=\"\"><\/a><\/p>\n\n                    <\/div>\n                  <\/text>\n                                          <\/div>\n          <\/div>\n          <div class=\"hero-slide-bg absolute h-full w-full inset-0  hero-slide-bg--right hero-slide-bg-color--white \">\n            <img decoding=\"async\" src=\"https:\/\/www.columbiaskylights.com\/wp-content\/uploads\/2023\/05\/specifications-hero-scaled.jpg\" class=\"hero-slide__image absolute z-0 inset-0 w-full h-full object-cover\" alt=\"specifications-hero\" height=\"1439\" width=\"2560\" title=\"\">\n    \t          <\/div>\n        <\/div>\n                  <\/div>\n              <\/section>\n  <div class=\"block-breadcrumbs text-breadcrumb text-black-500 pt-7 mdd:hidden \">\n    <div class=\"container\">\n              \n                  <a href=\"https:\/\/www.columbiaskylights.com\/fr\/\" class=\"text-black-700 !no-underline hover:!underline\">Accueil<\/a>\n                       \/ \n                  <a href=\"https:\/\/www.columbiaskylights.com\/fr\/informations-techniques\/\" class=\"text-black-700 !no-underline hover:!underline\">Informations techniques<\/a>\n                       \/ \n                  Instructions d\u2019installation\n                  <\/div>\n  <\/div>\n\n\n<section id=\"block_3e95162867bb9ea1596105c44c356796\" class=\" columbia-block relative overflow-hidden wp-block-multi-column aligncenter block-w-narrow text-dark bg-white  p-top-default p-bottom-default\" >\n          <div class=\" block-inner relative container mx-auto\" >\n        <div class=\"block-intro-wrap z-0 relative  pb-12 lg:pb-16 last:pb-0\">\n    \n        <div class=\"block-title grow  mx-auto max-w-6xl\">\n            <h2 class=\" h3 text-center\">TROUVEZ LES BONNES INSTRUCTIONS D\u2019INSTALLATION POUR VOTRE PUITS DE LUMI\u00c8RE<\/h2>\n    <\/div>\n    \n    \n          <div class=\"mt-6 lg:mt-12 relative z-0 block-intro  mx-auto max-w-6xl lg:max-w-6xxl text-xl\">Pour faciliter la bonne installation des produits Columbia et FAKRO, nous mettons \u00e0 votre disposition un r\u00e9pertoire complet d\u2019instructions d\u2019installation.<\/div>\n          <\/div>\n        <div class=\"col-wrapper col-gutter-lg row-gutter-sm \">\n      <div class=\"col-wrapper-inner flex flex-wrap   \">\n                            <div class=\"column w-full corners- md:w-6\/12  1 tab-group\">\n                                                            <div class=\"column-inner      \">\n              <div class=\"column-content match-col-height wp-editor \">\n                                                  <ul>\n<li>L\u2019installation correcte d\u2019un puits de lumi\u00e8re est cruciale pour garantir la protection de la garantie.<\/li>\n<\/ul>\n\n                                \n                \n                \n                              <\/div>\n            <\/div>\n                      <\/div>\n                            <div class=\"column w-full corners- md:w-6\/12  2 tab-group\">\n                                                            <div class=\"column-inner      \">\n              <div class=\"column-content match-col-height wp-editor \">\n                                                  <ul>\n<li>Suivez nos instructions d\u00e9taill\u00e9es et faciles \u00e0 comprendre pour r\u00e9aliser une installation sans d\u00e9faut.<\/li>\n<\/ul>\n\n                                \n                \n                \n                              <\/div>\n            <\/div>\n                      <\/div>\n              <\/div>\n    <\/div>\n      <\/div>\n              <\/section>\n\n\n<section id=\"block_ac62a1fb123a2c21b2367ea7899d9737\" class=\" columbia-block relative overflow-hidden wp-block-specifications-search block-w-wide text-dark bg-teal-500  p-top-default p-bottom-default\" >\n          <div class=\" block-inner relative container mx-auto\" >\n        <div class=\"flex flex-wrap -mx-4 xl:-mx-11 justify-center\">\n          <div x-data=\"specificationsSearch('installation')\" class=\"w-full md:w-6\/12 p-6 md:py-0 xl:px-11 tab-group\">\n        <div class=\"column-inner\">\n          <div class=\"column-content\">\n\n            <div class=\"column__logo flex items-center justify-center h-[100px]\">\n              <img decoding=\"async\" src=\"https:\/\/www.columbiaskylights.com\/wp-content\/uploads\/2024\/01\/columbia-skylights-logo-fr.svg\" alt=\"Columbia Skylights Logo Fr\" class=\"block mx-auto w-full max-w-80 md:max-w-[300px]\" title=\"\">\n            <\/div>\n\n            <select x-model=\"selectedTerm\" class=\"columbia-select w-full p-4 rounded-sm mt-20 mb-8 pr-12\">\n              <option value=\"\">TYPE<\/option>\n                              <option value=\"37\">Mont\u00e9 sur cadre<\/option>\n                              <option value=\"38\">Solin int\u00e9gr\u00e9<\/option>\n                              <option value=\"167\">Toit plat<\/option>\n                              <option value=\"168\">Tube de lumi\u00e8re<\/option>\n                          <\/select>\n\n            <select x-show=\"selectedTerm\" x-model=\"selectedModel\" class=\"columbia-select w-full p-4 rounded-sm mb-8 pr-12\">\n              <option value=\"\">Mod\u00e8le<\/option>\n              <template x-for=\"product in products\">\n                <option x-bind:value=\"product.endpoint\" x-html=\"product.title\"><\/option>\n              <\/template>\n            <\/select>\n\n            <div x-show=\"selectedModel != ''\" class=\"specifications__results overflow-hidden mb-8\" x-html=\"html\"><\/div>\n          <\/div>\n        <\/div>\n      <\/div>\n    \n          <div x-data=\"specificationsSearch('installation')\" class=\"w-full md:w-6\/12 p-6 md:py-0 xl:px-11 tab-group\">\n        <div class=\"column-inner\">\n          <div class=\"column-content\">\n\n            <div class=\"column__logo flex items-center justify-center h-[100px]\">\n              <img decoding=\"async\" src=\"https:\/\/www.columbiaskylights.com\/wp-content\/uploads\/2023\/05\/fakro-logo.svg\" alt=\"\" class=\"block mx-auto w-full max-w-80 md:max-w-[300px]\" title=\"\">\n            <\/div>\n\n            <select x-model=\"selectedTerm\" class=\"columbia-select w-full p-4 rounded-sm mt-20 mb-8 pr-12\">\n              <option value=\"\">TYPE<\/option>\n                              <option value=\"171\">Puits De Lumi\u00e8re Avec Cadre Int\u00e9gr\u00e9<\/option>\n                              <option value=\"173\">Stores<\/option>\n                              <option value=\"40\">Solins Pour Puits de Lumi\u00e8re Avec Cadre Int\u00e9gr\u00e9<\/option>\n                              <option value=\"41\">Puits De Lumi\u00e8res Pour Toit Plat<\/option>\n                              <option value=\"42\">Solin Pour Fen\u00eatre De Toit<\/option>\n                              <option value=\"170\">Puits De Lumi\u00e8re Mont\u00e9s Sur Cadre<\/option>\n                          <\/select>\n\n            <select x-show=\"selectedTerm\" x-model=\"selectedModel\" class=\"columbia-select w-full p-4 rounded-sm mb-8 pr-12\">\n              <option value=\"\">Mod\u00e8le<\/option>\n              <template x-for=\"product in products\">\n                <option x-bind:value=\"product.endpoint\" x-html=\"product.title\"><\/option>\n              <\/template>\n            <\/select>\n\n            <div x-show=\"selectedModel != ''\" class=\"specifications__results overflow-hidden mb-8\" x-html=\"html\"><\/div>\n          <\/div>\n        <\/div>\n      <\/div>\n      <\/div>\n      <\/div>\n              <\/section>\n\n\n","protected":false},"excerpt":{"rendered":"","protected":false},"author":1,"featured_media":0,"parent":16807,"menu_order":0,"comment_status":"closed","ping_status":"closed","template":"","meta":{"_acf_changed":false,"inline_featured_image":false,"footnotes":""},"class_list":["post-16796","page","type-page","status-publish","hentry"],"acf":[],"_links":{"self":[{"href":"https:\/\/www.columbiaskylights.com\/fr\/wp-json\/wp\/v2\/pages\/16796","targetHints":{"allow":["GET"]}}],"collection":[{"href":"https:\/\/www.columbiaskylights.com\/fr\/wp-json\/wp\/v2\/pages"}],"about":[{"href":"https:\/\/www.columbiaskylights.com\/fr\/wp-json\/wp\/v2\/types\/page"}],"author":[{"embeddable":true,"href":"https:\/\/www.columbiaskylights.com\/fr\/wp-json\/wp\/v2\/users\/1"}],"replies":[{"embeddable":true,"href":"https:\/\/www.columbiaskylights.com\/fr\/wp-json\/wp\/v2\/comments?post=16796"}],"version-history":[{"count":3,"href":"https:\/\/www.columbiaskylights.com\/fr\/wp-json\/wp\/v2\/pages\/16796\/revisions"}],"predecessor-version":[{"id":20520,"href":"https:\/\/www.columbiaskylights.com\/fr\/wp-json\/wp\/v2\/pages\/16796\/revisions\/20520"}],"up":[{"embeddable":true,"href":"https:\/\/www.columbiaskylights.com\/fr\/wp-json\/wp\/v2\/pages\/16807"}],"wp:attachment":[{"href":"https:\/\/www.columbiaskylights.com\/fr\/wp-json\/wp\/v2\/media?parent=16796"}],"curies":[{"name":"wp","href":"https:\/\/api.w.org\/{rel}","templated":true}]}}