{"id":16762,"date":"2024-01-09T21:44:45","date_gmt":"2024-01-10T05:44:45","guid":{"rendered":"https:\/\/www.columbiaskylights.com\/?page_id=16762"},"modified":"2024-04-15T20:53:45","modified_gmt":"2024-04-16T03:53:45","slug":"quelles-dimensions","status":"publish","type":"page","link":"https:\/\/www.columbiaskylights.com\/fr\/pourquoi-columbia\/quelles-dimensions\/","title":{"rendered":"Quelles dimensions?"},"content":{"rendered":"<section id=\"block_90793ebdaeb98711a8df464c1747d5e2\" class=\" columbia-block relative overflow-hidden wp-block-page-hero block-w-full text-dark bg-white  p-top-default p-bottom-default\" >\n          <div class=\" carousel carousel--hero  carousel--hero--dots--\">\n                      <div class=\"hero-slide w-full flex relative  is-selected \">\n          <div class=\"hero-slide__content text-blue w-full z-10 pt-22 md:pt-32 lg:pt-40 pb-12 md:pb-20 xl:pt-[180px]\">\n            <div class=\"inner container h-full grid grid-cols-1 lg:grid-cols-2 gap-6 lg:gap-x-22 xxl:gap-x-60 w-full\">\n                              <text class=\"block hero-slide__content__wysiwyg position-right  text-right font-semibold col-span-2 lg:col-span-1 lg:row-start-1 lg:col-start-2 wp-editor spaced\">\n                  <div class=\"inner inline-flex text-left flex-col\">\n                    <h1 class=\"!text-blue\">QUELLES SONT LES BONNES DIMENSIONS?<\/h1>\n<p>Cela d\u00e9pend des pr\u00e9f\u00e9rences personnelles et de ce qui est pratique d\u2019un point de vue architectural.<\/p>\n<p>&nbsp;<\/p>\n\n                  <\/div>\n                <\/text>\n                                        <\/div>\n          <\/div>\n          <div class=\"hero-slide-bg absolute h-full w-full inset-0  hero-slide-bg--right hero-slide-bg-color--white \">\n            <img decoding=\"async\" src=\"https:\/\/www.columbiaskylights.com\/wp-content\/uploads\/2023\/11\/hero-skylight-size.jpg\" class=\"hero-slide__image absolute z-0 inset-0 w-full h-full object-cover\" alt=\"Hero skylight size\" height=\"2160\" width=\"3840\" title=\"\">\n    \t          <\/div>\n        <\/div>\n                              <div class=\"hero-slide w-full flex relative \">\n          <div class=\"hero-slide__content text-black w-full z-10 pt-22 md:pt-32 lg:pt-40 pb-12 md:pb-20 xl:pt-[180px]\">\n            <div class=\"inner container h-full grid grid-cols-1 lg:grid-cols-2 gap-6 lg:gap-x-22 xxl:gap-x-60 w-full\">\n                                        <\/div>\n          <\/div>\n          <div class=\"hero-slide-bg absolute h-full w-full inset-0 \">\n            <img decoding=\"async\" src=\"https:\/\/www.columbiaskylights.com\/wp-content\/uploads\/2023\/11\/hero-skylight-size-2.jpg\" class=\"hero-slide__image absolute z-0 inset-0 w-full h-full object-cover\" alt=\"Hero skylight size 2\" height=\"2160\" width=\"3840\" title=\"\">\n    \t          <\/div>\n        <\/div>\n                              <div class=\"hero-slide w-full flex relative \">\n          <div class=\"hero-slide__content text-black w-full z-10 pt-22 md:pt-32 lg:pt-40 pb-12 md:pb-20 xl:pt-[180px]\">\n            <div class=\"inner container h-full grid grid-cols-1 lg:grid-cols-2 gap-6 lg:gap-x-22 xxl:gap-x-60 w-full\">\n                                        <\/div>\n          <\/div>\n          <div class=\"hero-slide-bg absolute h-full w-full inset-0 \">\n            <img decoding=\"async\" src=\"https:\/\/www.columbiaskylights.com\/wp-content\/uploads\/2023\/11\/hero-skylight-size-3.jpg\" class=\"hero-slide__image absolute z-0 inset-0 w-full h-full object-cover\" alt=\"Hero skylight size 3\" height=\"2160\" width=\"3840\" title=\"\">\n    \t          <\/div>\n        <\/div>\n                  <\/div>\n              <\/section>\n  <div class=\"block-breadcrumbs text-breadcrumb text-black-500 pt-7 mdd:hidden \">\n    <div class=\"container\">\n              \n                  <a href=\"https:\/\/www.columbiaskylights.com\/fr\/\" class=\"text-black-700 !no-underline hover:!underline\">Accueil<\/a>\n                       \/ \n                  <a href=\"https:\/\/www.columbiaskylights.com\/fr\/pourquoi-columbia\/\" class=\"text-black-700 !no-underline hover:!underline\">Pourquoi Columbia?<\/a>\n                       \/ \n                  Quelles dimensions?\n                  <\/div>\n  <\/div>\n\n\n<section id=\"block_b44bfc76785d3cb874b965fd01dc1289\" class=\" columbia-block relative overflow-hidden wp-block-multi-column block-w-narrow text-dark bg-white  p-top-default p-bottom-default\" >\n          <div class=\" block-inner relative container mx-auto\" >\n        <div class=\"block-intro-wrap z-0 relative  pb-12 lg:pb-16 last:pb-0\">\n    \n        <div class=\"block-title grow  mx-auto max-w-6xl\">\n            <h2 class=\" text-center\">LES BONNES DIMENSIONS POUR UNE PI\u00c8CE<\/h2>\n    <\/div>\n    \n    \n          <div class=\"mt-6 lg:mt-12 relative z-0 block-intro  mx-auto max-w-6xl lg:max-w-6xxl text-xl\">De nombreux clients nous demandent : quelles dimensions de puits de lumi\u00e8re conviennent en fonction de la taille de la pi\u00e8ce? En fin de compte, il s\u2019agit d\u2019une d\u00e9cision propre \u00e0 chaque projet qui doit \u00eatre discut\u00e9e avec votre architecte ou votre entrepreneur. Voici quelques recommandations d\u2019ordre g\u00e9n\u00e9ral.<\/div>\n          <\/div>\n        <div class=\"col-wrapper col-gutter-lg row-gutter-md \">\n      <div class=\"col-wrapper-inner flex flex-wrap   \">\n                            <div class=\"column w-full corners- md:w-6\/12 xl:w-6\/12  1 tab-group\">\n                                                            <div class=\"column-inner      \">\n              <div class=\"column-content match-col-height wp-editor \">\n                                                  <ul>\n<li>Il est recommand\u00e9 que la surface d\u2019un puits de lumi\u00e8re repr\u00e9sente 5\u00a0% de la surface au sol pour les pi\u00e8ces dot\u00e9es de nombreuses fen\u00eatres.<\/li>\n<li>Pour ceux qui ont peu de fen\u00eatres, cela peut aller jusqu\u2019\u00e0 15\u00a0% de la surface au sol.<\/li>\n<\/ul>\n\n                                \n                \n                \n                              <\/div>\n            <\/div>\n                      <\/div>\n                            <div class=\"column w-full corners- md:w-6\/12 xl:w-6\/12  2 tab-group\">\n                                                            <div class=\"column-inner      \">\n              <div class=\"column-content match-col-height wp-editor \">\n                                                  <ul>\n<li>Pensez \u00e9galement \u00e0 l\u2019exposition de la pi\u00e8ce. Vous pourriez avoir besoin de moins de puits de lumi\u00e8re avec une exposition au sud plut\u00f4t qu\u2019au nord.<\/li>\n<li>Si la configuration de la pi\u00e8ce est atypique, il peut \u00eatre plus efficace d\u2019installer deux puits de lumi\u00e8re plus petits, judicieusement positionn\u00e9s, au lieu d\u2019une unit\u00e9 plus grande.<\/li>\n<\/ul>\n\n                                \n                \n                \n                              <\/div>\n            <\/div>\n                      <\/div>\n              <\/div>\n    <\/div>\n      <\/div>\n              <\/section>\n\n\n<section id=\"block_1706ebffff55a0f0dd2ca6a9607cf831\" class=\" columbia-block relative overflow-hidden wp-block-multi-column block-w-full text-dark bg-teal-100  p-top-default p-bottom-default\" >\n          <div class=\" block-inner relative container mx-auto\" >\n        <div class=\"col-wrapper col-gutter-lg row-gutter-md  mx-auto w-narrow\">\n      <div class=\"col-wrapper-inner flex flex-wrap   \">\n                            <div class=\"column w-full corners- md:w-12\/12  1 tab-group\">\n                                                            <div class=\"column-inner      \">\n              <div class=\"column-content match-col-height wp-editor \">\n                                                  <p><img decoding=\"async\" class=\"alignnone size-full wp-image-17328\" src=\"https:\/\/www.columbiaskylights.com\/wp-content\/uploads\/2024\/01\/comparison-size-diagram-fr.png\" alt=\"Comparison Size Diagram Fr\" width=\"2202\" height=\"1462\" srcset=\"https:\/\/www.columbiaskylights.com\/wp-content\/uploads\/2024\/01\/comparison-size-diagram-fr.png 2202w, https:\/\/www.columbiaskylights.com\/wp-content\/uploads\/2024\/01\/comparison-size-diagram-fr-300x199.png 300w, https:\/\/www.columbiaskylights.com\/wp-content\/uploads\/2024\/01\/comparison-size-diagram-fr-1024x680.png 1024w, https:\/\/www.columbiaskylights.com\/wp-content\/uploads\/2024\/01\/comparison-size-diagram-fr-768x510.png 768w, https:\/\/www.columbiaskylights.com\/wp-content\/uploads\/2024\/01\/comparison-size-diagram-fr-1536x1020.png 1536w, https:\/\/www.columbiaskylights.com\/wp-content\/uploads\/2024\/01\/comparison-size-diagram-fr-2048x1360.png 2048w\" sizes=\"(max-width: 2202px) 100vw, 2202px\" title=\"\"><\/p>\n<p>REMARQUE : Les sch\u00e9mas sont fournis \u00e0 des fins de visualisation uniquement.<br \/>\nLes pourcentages sont des recommandations, il est toujours pr\u00e9f\u00e9rable de consulter un architecte.<\/p>\n\n                                \n                \n                \n                              <\/div>\n            <\/div>\n                      <\/div>\n              <\/div>\n    <\/div>\n      <\/div>\n              <\/section>\n\n\n<section id=\"block_63f769a7449126d96b16c37f6a527ff1\" class=\" columbia-block relative overflow-hidden wp-block-multi-column block-w-full text-dark bg-white  p-top-default p-bottom-default\" >\n          <div class=\" block-inner relative container mx-auto\" >\n        <div class=\"col-wrapper col-gutter-md row-gutter-md  mx-auto w-narrow\">\n      <div class=\"col-wrapper-inner flex flex-wrap   \">\n                            <div class=\"column w-full corners- md:w-4\/12 xl:w-6\/12  1 tab-group\">\n                                                            <div class=\"column-inner      \">\n              <div class=\"column-content match-col-height wp-editor \">\n                                                  <p><a href=\"https:\/\/www.columbiaskylights.com\/wp-content\/uploads\/2023\/11\/skylight-light-icon.svg\"><img decoding=\"async\" class=\"alignnone size-large wp-image-13345\" src=\"https:\/\/www.columbiaskylights.com\/wp-content\/uploads\/2023\/11\/skylight-light-icon.svg\" alt=\"Skylight Light Icon\" width=\"1024\" height=\"1024\" title=\"\"><\/a><\/p>\n\n                                \n                \n                \n                              <\/div>\n            <\/div>\n                      <\/div>\n                            <div class=\"column w-full corners- md:w-8\/12 xl:w-6\/12  2 tab-group\">\n                                                            <div class=\"column-inner      \">\n              <div class=\"column-content match-col-height wp-editor \">\n                                                  <h6 class=\"!text-blue\">LES PUITS DE LUMI\u00c8RE OFFRENT PLUS DE LUMI\u00c8RE QUE LES FEN\u00caTRES MURALES<\/h6>\n<p>Lors du choix des dimensions de votre puits de lumi\u00e8re, il est important de se rappeler qu\u2019un puits de lumi\u00e8re fournit presque deux fois plus de lumi\u00e8re naturelle qu\u2019une fen\u00eatre murale.<\/p>\n<p>Un puits de lumi\u00e8re est inclin\u00e9 vers le ciel et n\u2019est g\u00e9n\u00e9ralement pas obscurci par des arbustes, des buissons et des arbres.<\/p>\n<p>Les grands arbres auront un impact sur la quantit\u00e9 de lumi\u00e8re naturelle.<\/p>\n\n                                \n                \n                \n                              <\/div>\n            <\/div>\n                      <\/div>\n              <\/div>\n    <\/div>\n      <\/div>\n              <\/section>\n\n\n<section id=\"block_fc791a5e10f26084f8e43742b011d0c1\" class=\"overflow-hidden columbia-block relative overflow-hidden wp-block-block-container block-w-full text-dark bg-white  p-top-default p-bottom-default\" >\n          <div class=\"max-w-7xl overflow-visible block-inner relative container mx-auto\" >\n        <div class=\"content-box relative   rounded px-2 sm:px-5 py-8 md:p-8 lg:p-10 xxl:p-22 text-dark bg-teal-100\">\n      \n<section id=\"block_7bd5e884d4f537e65b2fad46103113d6\" class=\" columbia-block relative overflow-hidden wp-block-multi-column block-w-full text-dark bg-white  p-top-default p-bottom-default\" >\n          <div class=\" block-inner relative container mx-auto\" >\n        <div class=\"block-intro-wrap z-0 relative  pb-12 lg:pb-16 last:pb-0\">\n    \n        <div class=\"block-title grow  mx-auto max-w-6xl\">\n            <h2 class=\" h3 text-center\">LES BONNES DIMENSIONS POUR VOS FERMES DE TOIT<\/h2>\n    <\/div>\n    \n    \n          <div class=\"mt-6 lg:mt-12 relative z-0 block-intro  mx-auto max-w-6xl lg:max-w-6xxl text-xl mx-auto text-center\">Id\u00e9alement, choisissez pour vos puits de lumi\u00e8re des dimensions qui correspondent \u00e0 la configuration de vos fermes de toit existantes.<\/div>\n          <\/div>\n        <div class=\"col-wrapper col-gutter-lg row-gutter-lg  add-column-dividers\">\n      <div class=\"col-wrapper-inner flex flex-wrap   \">\n                            <div class=\"column w-full corners- md:w-6\/12 xl:w-6\/12  has-header-bar 1 tab-group\">\n                                                                <div class=\"column-heading flex flex-col justify-center bg-blue text-center px-5 h5 !uppercase py-3 md:py-6\"><span class=\"text-white\">Fermes Avec Un Entraxe De 24 po<\/span><\/div>\n                                      <img decoding=\"async\" src=\"https:\/\/www.columbiaskylights.com\/wp-content\/uploads\/2024\/01\/24-inch-centre-trusses.jpg\" class=\"column-header-image\" alt=\"24 inch centre trusses\" height=\"910\" width=\"984\" title=\"\">\n    \t                        <div class=\"column-inner      \">\n              <div class=\"column-content match-col-height wp-editor before:hidden after:block before:md:hidden after:md:hidden before:xl:hidden after:xl:hidden\">\n                                                  <p><strong class=\"font-semibold\">FERMES AVEC UN ENTRAXE DE 24 po Si une ferme est coup\u00e9e sur un toit construit avec un espacement de 24 po, l\u2019ouverture r\u00e9sultante aura une dimension int\u00e9rieure brute de 46,5 po.<br \/>\n<\/strong><\/p>\n<ul>\n<li>Les dimensions des puits de lumi\u00e8re sont bas\u00e9es sur l\u2019espacement des fermes de toit. La majorit\u00e9 des maisons ont des fermes avec un entraxe de 24\u00a0po.<\/li>\n<li>L\u2019ouverture int\u00e9rieure brute d\u2019un puits de lumi\u00e8re permettant de l\u2019installer entre vos fermes sans avoir \u00e0 en retirer une partie serait de 22,5\u00a0po.<\/li>\n<li>Vous devez ensuite d\u00e9cider de la longueur de votre puits de lumi\u00e8re.<\/li>\n<\/ul>\n\n                                \n                \n                \n                              <\/div>\n            <\/div>\n                      <\/div>\n                            <div class=\"column w-full corners- md:w-6\/12 xl:w-6\/12  has-header-bar has-header-bar 2 tab-group\">\n                                                                <div class=\"column-heading flex flex-col justify-center bg-blue text-center px-5 h5 !uppercase py-3 md:py-6\"><span class=\"text-white\">Fermes Avec Un Entraxe De 16 po<\/span><\/div>\n                                      <img decoding=\"async\" src=\"https:\/\/www.columbiaskylights.com\/wp-content\/uploads\/2024\/01\/16-inch-centre-trusses.jpg\" class=\"column-header-image\" alt=\"16 inch centre trusses\" height=\"910\" width=\"984\" title=\"\">\n    \t                        <div class=\"column-inner      \">\n              <div class=\"column-content match-col-height wp-editor before:hidden after:block before:md:hidden after:md:hidden before:xl:hidden after:xl:hidden\">\n                                                  <p><strong>FERMES AVEC UN ENTRAXE DE 16 po Si une ferme est coup\u00e9e sur un toit avec des entraxes de 16 po, l\u2019ouverture r\u00e9sultante aura une dimension int\u00e9rieure brute de 30,5 po; ou de 46,5 po si deux fermes sont coup\u00e9es.<\/strong><\/p>\n<ul>\n<li>De nombreuses maisons plus anciennes ont des fermes dont les entraxes sont espac\u00e9s de 16\u00a0po, et l\u2019ouverture int\u00e9rieure brute d\u2019un puits de lumi\u00e8re pour s\u2019adapter \u00e0 cette configuration est de 14,5\u00a0po.<\/li>\n<li>Comme ci-dessus, vous pouvez choisir parmi un certain nombre de longueurs standard. D\u2019autres grandes entreprises de puits de lumi\u00e8re ont un choix tr\u00e8s limit\u00e9 de dimensions pour cet espacement des fermes.<\/li>\n<li>Columbia propose, en longueurs standard\u00a0: 14,5\u00a0po, 22,5\u00a0po, 30,5\u00a0po, 46,5\u00a0po et 70,5\u00a0po, ainsi que toute dimension personnalis\u00e9e dont vous pourriez avoir besoin.<\/li>\n<\/ul>\n\n                                \n                \n                \n                              <\/div>\n            <\/div>\n                      <\/div>\n                            <div class=\"column w-full corners- md:w-12\/12  has-header-bar has-header-bar 3 tab-group\">\n                                                            <div class=\"column-inner      !pt-2  \">\n              <div class=\"column-content match-col-height wp-editor before:hidden after:block before:md:block after:md:hidden before:xl:hidden after:xl:block\">\n                                                  <ul>\n<li>Conform\u00e9ment \u00e0 la section Produits r\u00e9sidentiels et \u00e0 diff\u00e9rents types de mod\u00e8les, les puits de lumi\u00e8re en verre sont disponibles \u00e0 partir d\u2019une ouverture int\u00e9rieure brute de 14,5 x 14,5\u00a0po \u00e0 46,5 x 70,5\u00a0po, ou 2,75\u00a0pi<sup>2<\/sup> \u00e0 24\u00a0pi<sup>2<\/sup>.<\/li>\n<li>Les puits de lumi\u00e8re plus grands doivent \u00eatre des d\u00f4mes ou des pyramides en acrylique. Les puits de lumi\u00e8re en acrylique sont disponibles \u00e0 partir d\u2019une ouverture int\u00e9rieure brute de 14,5 x 14,5\u00a0po \u00e0 94,5 x 94,5\u00a0po, ou 2,75\u00a0pi<sup>2<\/sup> \u00e0 69,5\u00a0pi<sup>2<\/sup>.<\/li>\n<\/ul>\n\n                                \n                \n                \n                              <\/div>\n            <\/div>\n                      <\/div>\n              <\/div>\n    <\/div>\n      <\/div>\n              <\/section>\n\n\n          <\/div>\n      <\/div>\n              <\/section>\n\n\n<section id=\"block_a6df11f2e5bb816b79060fb3ea0198f7\" class=\" columbia-block relative overflow-hidden wp-block-c-t-a block-w-full text-dark bg-white  p-top-default p-bottom-default\" >\n          <div class=\" block-inner relative container mx-auto\" >\n        <div class=\"block-intro-wrap z-0 relative  pb-11 lg:pb-22 last:pb-0\">\n    \n    \n    \n              <div class=\" flex flex-col gap-2 md:gap-6 items-center text-center lg:text-left lg:items-start lg:flex-row lg:flex-wrap lg:justify-center\">\n          <div class=\"inline-block mb-4 \">\n        <a href=\"https:\/\/www.columbiaskylights.com\/fr\/informations-techniques\/dimensions-standard\/\" class=\"last:mr-0 lg:whitespace-nowrap btn-blue\"  target=\"\">Dimensions Standard<\/a>\n              <\/div>\n          <div class=\"inline-block mb-4 \">\n        <a href=\"https:\/\/www.columbiaskylights.com\/fr\/informations-techniques\/commande-de-dimensions-personnalisees\/\" class=\"last:mr-0 lg:whitespace-nowrap btn-blue\"  target=\"\">Commande De Dimensions Personnalis\u00e9es<\/a>\n              <\/div>\n      <\/div>\n      <\/div>\n      <\/div>\n              <\/section>\n","protected":false},"excerpt":{"rendered":"","protected":false},"author":1,"featured_media":0,"parent":16747,"menu_order":0,"comment_status":"closed","ping_status":"closed","template":"","meta":{"_acf_changed":false,"inline_featured_image":false,"footnotes":""},"class_list":["post-16762","page","type-page","status-publish","hentry"],"acf":[],"_links":{"self":[{"href":"https:\/\/www.columbiaskylights.com\/fr\/wp-json\/wp\/v2\/pages\/16762","targetHints":{"allow":["GET"]}}],"collection":[{"href":"https:\/\/www.columbiaskylights.com\/fr\/wp-json\/wp\/v2\/pages"}],"about":[{"href":"https:\/\/www.columbiaskylights.com\/fr\/wp-json\/wp\/v2\/types\/page"}],"author":[{"embeddable":true,"href":"https:\/\/www.columbiaskylights.com\/fr\/wp-json\/wp\/v2\/users\/1"}],"replies":[{"embeddable":true,"href":"https:\/\/www.columbiaskylights.com\/fr\/wp-json\/wp\/v2\/comments?post=16762"}],"version-history":[{"count":1,"href":"https:\/\/www.columbiaskylights.com\/fr\/wp-json\/wp\/v2\/pages\/16762\/revisions"}],"predecessor-version":[{"id":21981,"href":"https:\/\/www.columbiaskylights.com\/fr\/wp-json\/wp\/v2\/pages\/16762\/revisions\/21981"}],"up":[{"embeddable":true,"href":"https:\/\/www.columbiaskylights.com\/fr\/wp-json\/wp\/v2\/pages\/16747"}],"wp:attachment":[{"href":"https:\/\/www.columbiaskylights.com\/fr\/wp-json\/wp\/v2\/media?parent=16762"}],"curies":[{"name":"wp","href":"https:\/\/api.w.org\/{rel}","templated":true}]}}