{"id":16737,"date":"2024-01-09T21:40:02","date_gmt":"2024-01-10T05:40:02","guid":{"rendered":"https:\/\/www.columbiaskylights.com\/?page_id=16737"},"modified":"2025-01-17T14:58:14","modified_gmt":"2025-01-17T22:58:14","slug":"tubes-de-lumiere","status":"publish","type":"page","link":"https:\/\/www.columbiaskylights.com\/fr\/tubes-de-lumiere\/","title":{"rendered":"Tubes de lumi\u00e8re"},"content":{"rendered":"<section id=\"block_0276ab9a23f45191d6e119a2f2ff0d2b\" class=\" columbia-block relative overflow-hidden wp-block-page-hero block-w-full text-dark bg-white  p-top-default p-bottom-default\" >\n          <div class=\" carousel carousel--hero  carousel--hero--dots--\">\n                      <div class=\"hero-slide w-full flex relative  is-selected \">\n          <div class=\"hero-slide__content text-blue w-full z-10 pt-22 md:pt-32 lg:pt-40 pb-12 md:pb-20 xl:pt-[180px]\">\n            <div class=\"inner container h-full grid grid-cols-1 lg:grid-cols-2 gap-6 lg:gap-x-22 xxl:gap-x-60 w-full\">\n                              <text class=\"block hero-slide__content__wysiwyg position-left   font-semibold col-span-2 lg:col-span-1  wp-editor spaced\">\n                  <div class=\"inner \">\n                    <h1>Illuminez un couloir \u00e9troit<\/h1>\n<p>Une large gamme de tubes de lumi\u00e8re, apportant la lumi\u00e8re naturelle dans tous les espaces de votre maison.<\/p>\n\n                  <\/div>\n                <\/text>\n                                        <\/div>\n          <\/div>\n          <div class=\"hero-slide-bg absolute h-full w-full inset-0  hero-slide-bg--left hero-slide-bg-color--white \">\n            <img decoding=\"async\" src=\"https:\/\/www.columbiaskylights.com\/wp-content\/uploads\/2023\/06\/suntubes-closet-hero-scaled.jpg\" class=\"hero-slide__image absolute z-0 inset-0 w-full h-full object-cover\" alt=\"Suntubes closet hero\" height=\"1440\" width=\"2560\" title=\"\">\n    \t          <\/div>\n        <\/div>\n                              <div class=\"hero-slide w-full flex relative \">\n          <div class=\"hero-slide__content text-black w-full z-10 pt-22 md:pt-32 lg:pt-40 pb-12 md:pb-20 xl:pt-[180px]\">\n            <div class=\"inner container h-full grid grid-cols-1 lg:grid-cols-2 gap-6 lg:gap-x-22 xxl:gap-x-60 w-full\">\n                                        <\/div>\n          <\/div>\n          <div class=\"hero-slide-bg absolute h-full w-full inset-0 \">\n            <img decoding=\"async\" src=\"https:\/\/www.columbiaskylights.com\/wp-content\/uploads\/2023\/06\/sun-tubes-great-room-hero-scaled.jpg\" class=\"hero-slide__image absolute z-0 inset-0 w-full h-full object-cover\" alt=\"Sun tubes great room hero\" height=\"1440\" width=\"2560\" title=\"\">\n    \t          <\/div>\n        <\/div>\n                  <\/div>\n              <\/section>\n  <div class=\"block-breadcrumbs text-breadcrumb text-black-500 pt-7 mdd:hidden \">\n    <div class=\"container\">\n              \n                  <a href=\"https:\/\/www.columbiaskylights.com\/fr\/\" class=\"text-black-700 !no-underline hover:!underline\">Accueil<\/a>\n                       \/ \n                  Tubes de lumi\u00e8re\n                  <\/div>\n  <\/div>\n\n\n<section id=\"block_c05c8b48aeccd8aa2080ef9b8b8fc419\" class=\" columbia-block relative overflow-hidden wp-block-w-y-s-i-w-y-g block-w-wide text-dark bg-white  p-top-default p-bottom-default\" >\n          <div class=\" block-inner relative container mx-auto\" >\n        <div class=\"block-intro-wrap z-0 relative pb-8 lg:pb-16\">\n    \n    \n    \n          <div class=\" relative z-0 block-intro  mx-auto max-w-6xl lg:max-w-6xxl text-xl\">Les tubes de lumi\u00e8re Columbia apportent la lumi\u00e8re naturelle aux espaces plus restreints de votre maison o\u00f9 un puits de lumi\u00e8re traditionnel est inadapt\u00e9, tels que les placards, les couloirs, les cuisines et les salles de bains. Columbia propose une large gamme de tubes de lumi\u00e8re et d\u2019accessoires pour r\u00e9pondre aux exigences de vos installations.<\/div>\n          <\/div>\n      <\/div>\n              <\/section>\n\n\n<section id=\"block_41036446fe0c7b9d3fb07987a65c7ba9\" class=\" columbia-block relative overflow-hidden wp-block-divider text-dark bg-white  p-top-default p-bottom-default\" >\n          <div class=\" block-inner relative container mx-auto\" >\n        <hr class=\"border-t md:w-12\/12 mx-auto\" \/>\n      <\/div>\n              <\/section>\n\n\n<section id=\"block_48849b465b6b327f72f839b7c67bc79c\" class=\" columbia-block relative overflow-hidden wp-block-product-listing block-w-full text-dark bg-white  p-top-default p-bottom-default\" >\n          <div class=\" block-inner relative container mx-auto\" >\n        <div class=\"block-intro-wrap z-0 relative  pb-11 lg:pb-22 last:pb-0\">\n    \n        <div class=\"block-title grow  mx-auto max-w-6xl\">\n            <h2 class=\" text-center\">Tubes de lumi\u00e8re<\/h2>\n    <\/div>\n    \n    \n                    <\/div>\n            <div class=\"product-grid flex flex-wrap justify-center -m-2 sm:-m-3 lg:-m-4\">\n                        <div class=\"product-grid__product w-1\/2 lg:w-1\/4 p-2 md:p-3 lg:p-4\">\n          <div class=\"relative h-full flex flex-col bg-teal-100 p-2 md:p-6 lg:p-8 hover:shadow\">\n            <div class=\"card-content grow\">\n              <img decoding=\"async\" src=\"https:\/\/www.columbiaskylights.com\/wp-content\/uploads\/2023\/04\/rst-residential-rigid-sun-tube-product.png\" alt=\"RST Miniature\" class=\"mb-4 md:mb-8\" title=\"\">\n              <div class=\"match-height title\">\n                                  <h3 class=\"text-center !mb-0 leading-none text-blue\">RST<\/h3>\n                                                  <div class=\"h6 text-center !mt-5 mb-0 text-blue\">Puits flexible r\u00e9sidentiel<\/div>\n                              <\/div>\n              <p class=\"smd:hidden mt-8\">Les puits de lumi\u00e8re \u00e0 tube de lumi\u00e8re rigides ou flexibles apportent la lumi\u00e8re naturelle dans les espaces plus restreints de votre maison, comme les couloirs, \u00e0 travers un tunnel hautement r\u00e9fl\u00e9chissant.<\/p>\n            <\/div>\n                        <div class=\"footer text-center pt-6 md:pt-12 pb-2 md:pb-8\">\n              <a href=\"https:\/\/www.columbiaskylights.com\/fr\/produits\/tubes-de-lumiere-residentiels\/\" class=\"btn btn-blue stretched-link\">En savoir plus<\/a>\n            <\/div>\n                      <\/div>\n        <\/div>\n                <div class=\"product-grid__product w-1\/2 lg:w-1\/4 p-2 md:p-3 lg:p-4\">\n          <div class=\"relative h-full flex flex-col bg-teal-100 p-2 md:p-6 lg:p-8 hover:shadow\">\n            <div class=\"card-content grow\">\n              <img decoding=\"async\" src=\"https:\/\/www.columbiaskylights.com\/wp-content\/uploads\/2023\/04\/fst-residential-flexible-sun-tube-product.png\" alt=\"FST Miniature\" class=\"mb-4 md:mb-8\" title=\"\">\n              <div class=\"match-height title\">\n                                  <h3 class=\"text-center !mb-0 leading-none text-blue\">FST<\/h3>\n                                                  <div class=\"h6 text-center !mt-5 mb-0 text-blue\">Puits flexible r\u00e9sidentiel<\/div>\n                              <\/div>\n              <p class=\"smd:hidden mt-8\">Le puits de lumi\u00e8re flexible de notre mod\u00e8le FST en fait la solution id\u00e9ale pour apporter de la lumi\u00e8re naturelle dans des espaces o\u00f9 un conduit rigide droit serait inadapt\u00e9.<\/p>\n            <\/div>\n                        <div class=\"footer text-center pt-6 md:pt-12 pb-2 md:pb-8\">\n              <a href=\"https:\/\/www.columbiaskylights.com\/fr\/produits\/tubes-de-lumiere-residentiels\/flexibles\/\" class=\"btn btn-blue stretched-link\">En savoir plus<\/a>\n            <\/div>\n                      <\/div>\n        <\/div>\n                <div class=\"product-grid__product w-1\/2 lg:w-1\/4 p-2 md:p-3 lg:p-4\">\n          <div class=\"relative h-full flex flex-col bg-teal-100 p-2 md:p-6 lg:p-8 hover:shadow\">\n            <div class=\"card-content grow\">\n              <img decoding=\"async\" src=\"https:\/\/www.columbiaskylights.com\/wp-content\/uploads\/2023\/04\/rst-c-commercial-rigid-sun-tubes-product.png\" alt=\"RST C Miniature\" class=\"mb-4 md:mb-8\" title=\"\">\n              <div class=\"match-height title\">\n                                  <h3 class=\"text-center !mb-0 leading-none text-blue\">RST C<\/h3>\n                                                  <div class=\"h6 text-center !mt-5 mb-0 text-blue\">Puits rigide commercial<\/div>\n                              <\/div>\n              <p class=\"smd:hidden mt-8\">Le tube de lumi\u00e8re rigide commercial de 21 po de Columbia offre une excellente source de lumi\u00e8re naturelle. Con\u00e7u pour \u00eatre exceptionnellement durable et pratiquement sans entretien.<\/p>\n            <\/div>\n                        <div class=\"footer text-center pt-6 md:pt-12 pb-2 md:pb-8\">\n              <a href=\"https:\/\/www.columbiaskylights.com\/fr\/produits\/rst-c-tubes-de-lumiere-commerciaux\/\" class=\"btn btn-blue stretched-link\">En savoir plus<\/a>\n            <\/div>\n                      <\/div>\n        <\/div>\n              <\/div>\n      <\/div>\n              <\/section>\n\n\n<section id=\"block_41036446fe0c7b9d3fb07987a65c7ba9\" class=\" columbia-block relative overflow-hidden wp-block-divider text-dark bg-white  p-top-default p-bottom-default\" >\n          <div class=\" block-inner relative container mx-auto\" >\n        <hr class=\"border-t md:w-12\/12 mx-auto\" \/>\n      <\/div>\n              <\/section>\n\n\n<section id=\"block_fb115c65e34077d97836a56be005edff\" class=\" columbia-block relative overflow-hidden wp-block-product-listing block-w-full text-dark bg-white  p-top-default p-bottom-default\" >\n          <div class=\" block-inner relative container mx-auto\" >\n        <div class=\"block-intro-wrap z-0 relative  pb-11 lg:pb-22 last:pb-0\">\n    \n        <div class=\"block-title grow  mx-auto max-w-6xl\">\n            <h2 class=\" text-center\">ACCESSOIRES DE TUBE DE LUMI\u00c8RE<\/h2>\n    <\/div>\n    \n    \n                    <\/div>\n            <div class=\"product-grid flex flex-wrap justify-center -m-2 sm:-m-3 lg:-m-4\">\n                        <div class=\"product-grid__product w-1\/2 lg:w-1\/4 p-2 md:p-3 lg:p-4\">\n          <div class=\"relative h-full flex flex-col bg-teal-100 p-2 md:p-6 lg:p-8 hover:shadow\">\n            <div class=\"card-content grow\">\n              <img decoding=\"async\" src=\"https:\/\/www.columbiaskylights.com\/wp-content\/uploads\/2023\/04\/extension-24-sun-tube-product.png\" alt=\" Miniature\" class=\"mb-4 md:mb-8\" title=\"\">\n              <div class=\"match-height title\">\n                                                  <div class=\"h6 text-center !mt-5 mb-0 text-blue\">Extension de conduit de lumi\u00e8re de 24 po<\/div>\n                              <\/div>\n              <p class=\"smd:hidden mt-8\">Si l\u2019installation dans un grenier de toit n\u00e9cessite un conduit plus long que le tube de lumi\u00e8re standard, vous pouvez facilement augmenter sa longueur en utilisant notre extension de tube de lumi\u00e8re de 24 po, simple \u00e0 installer.<\/p>\n            <\/div>\n                        <div class=\"footer text-center pt-6 md:pt-12 pb-2 md:pb-8\">\n              <a href=\"https:\/\/www.columbiaskylights.com\/fr\/produits\/accessories-de-tube-lumiere\/\" class=\"btn btn-blue stretched-link\">En savoir plus<\/a>\n            <\/div>\n                      <\/div>\n        <\/div>\n                <div class=\"product-grid__product w-1\/2 lg:w-1\/4 p-2 md:p-3 lg:p-4\">\n          <div class=\"relative h-full flex flex-col bg-teal-100 p-2 md:p-6 lg:p-8 hover:shadow\">\n            <div class=\"card-content grow\">\n              <img decoding=\"async\" src=\"https:\/\/www.columbiaskylights.com\/wp-content\/uploads\/2023\/04\/elbow-sun-tube-product.png\" alt=\" Miniature\" class=\"mb-4 md:mb-8\" title=\"\">\n              <div class=\"match-height title\">\n                                                  <div class=\"h6 text-center !mt-5 mb-0 text-blue\">Coude<\/div>\n                              <\/div>\n              <p class=\"smd:hidden mt-8\">Lorsque vous installez un tube de lumi\u00e8re rigide r\u00e9sidentiel, il peut \u00eatre n\u00e9cessaire de contourner une poutre de toit ou une structure pr\u00e9sente dans le grenier. Cela peut \u00eatre accompli en utilisant un coude en aluminium. Utilisez plusieurs coudes pour contourner les obstacles importants et parcourir de plus grandes distances.<\/p>\n            <\/div>\n                        <div class=\"footer text-center pt-6 md:pt-12 pb-2 md:pb-8\">\n              <a href=\"https:\/\/www.columbiaskylights.com\/fr\/produits\/accessories-de-tube-lumiere\/\" class=\"btn btn-blue stretched-link\">En savoir plus<\/a>\n            <\/div>\n                      <\/div>\n        <\/div>\n                <div class=\"product-grid__product w-1\/2 lg:w-1\/4 p-2 md:p-3 lg:p-4\">\n          <div class=\"relative h-full flex flex-col bg-teal-100 p-2 md:p-6 lg:p-8 hover:shadow\">\n            <div class=\"card-content grow\">\n              <img decoding=\"async\" src=\"https:\/\/www.columbiaskylights.com\/wp-content\/uploads\/2023\/04\/electric-light-kit-sun-tube-product.png\" alt=\" Miniature\" class=\"mb-4 md:mb-8\" title=\"\">\n              <div class=\"match-height title\">\n                                                  <div class=\"h6 text-center !mt-5 mb-0 text-blue\">Trousse d\u2019\u00e9clairage \u00e9lectrique<\/div>\n                              <\/div>\n              <p class=\"smd:hidden mt-8\">La trousse d\u2019\u00e9clairage \u00e9lectrique offre le meilleur des deux modes d\u2019\u00e9clairage. Am\u00e9liorez votre bien-\u00eatre et votre clart\u00e9 visuelle en associant la lumi\u00e8re naturelle \u00e0 un \u00e9clairage \u00e9lectrique int\u00e9gr\u00e9. Optez pour la lumi\u00e8re naturelle \u00e9conome en \u00e9nergie qui r\u00e9duit votre facture \u00e9nerg\u00e9tique pendant la majeure partie de la journ\u00e9e. En soir\u00e9e, il vous suffit d\u2019allumer les lumi\u00e8res \u00e9lectriques internes au besoin.<\/p>\n            <\/div>\n                        <div class=\"footer text-center pt-6 md:pt-12 pb-2 md:pb-8\">\n              <a href=\"https:\/\/www.columbiaskylights.com\/fr\/produits\/accessories-de-tube-lumiere\/\" class=\"btn btn-blue stretched-link\">En savoir plus<\/a>\n            <\/div>\n                      <\/div>\n        <\/div>\n                <div class=\"product-grid__product w-1\/2 lg:w-1\/4 p-2 md:p-3 lg:p-4\">\n          <div class=\"relative h-full flex flex-col bg-teal-100 p-2 md:p-6 lg:p-8 hover:shadow\">\n            <div class=\"card-content grow\">\n              <img decoding=\"async\" src=\"https:\/\/www.columbiaskylights.com\/wp-content\/uploads\/2023\/04\/remote-dimmer-kit-sun-tube-product.png\" alt=\" Miniature\" class=\"mb-4 md:mb-8\" title=\"\">\n              <div class=\"match-height title\">\n                                                  <div class=\"h6 text-center !mt-5 mb-0 text-blue\">Variateur d\u2019intensit\u00e9<\/div>\n                              <\/div>\n              <p class=\"smd:hidden mt-8\">L\u2019ensemble de variateur d\u2019intensit\u00e9 \u00e0 distance vous permet de contr\u00f4ler votre \u00e9clairage \u00e9lectrique suppl\u00e9mentaire int\u00e9gr\u00e9 sans n\u00e9cessiter d\u2019interrupteur mural c\u00e2bl\u00e9, ou en compl\u00e9ment de l\u2019interrupteur mural traditionnel.<\/p>\n            <\/div>\n                        <div class=\"footer text-center pt-6 md:pt-12 pb-2 md:pb-8\">\n              <a href=\"https:\/\/www.columbiaskylights.com\/fr\/produits\/accessories-de-tube-lumiere\/\" class=\"btn btn-blue stretched-link\">En savoir plus<\/a>\n            <\/div>\n                      <\/div>\n        <\/div>\n                <div class=\"product-grid__product w-1\/2 lg:w-1\/4 p-2 md:p-3 lg:p-4\">\n          <div class=\"relative h-full flex flex-col bg-teal-100 p-2 md:p-6 lg:p-8 hover:shadow\">\n            <div class=\"card-content grow\">\n              <img decoding=\"async\" src=\"https:\/\/www.columbiaskylights.com\/wp-content\/uploads\/2023\/06\/sun-tube-tile-skirt-kit.png\" alt=\" Miniature\" class=\"mb-4 md:mb-8\" title=\"\">\n              <div class=\"match-height title\">\n                                                  <div class=\"h6 text-center !mt-5 mb-0 text-blue\">Trousse de jupe pour tuiles de toit en pente<\/div>\n                              <\/div>\n              <p class=\"smd:hidden mt-8\">L\u2019ensemble de jupe pour tuiles de toit en pente de Columbia assure une \u00e9tanch\u00e9it\u00e9 exceptionnelle lors de l\u2019installation sur un toit en pente. Capable de s\u2019adapter aux changements de niveau tout en maintenant une \u00e9tanch\u00e9it\u00e9 parfaite autour du tube de lumi\u00e8re.<\/p>\n            <\/div>\n                        <div class=\"footer text-center pt-6 md:pt-12 pb-2 md:pb-8\">\n              <a href=\"https:\/\/www.columbiaskylights.com\/fr\/produits\/accessories-de-tube-lumiere\/\" class=\"btn btn-blue stretched-link\">En savoir plus<\/a>\n            <\/div>\n                      <\/div>\n        <\/div>\n                <div class=\"product-grid__product w-1\/2 lg:w-1\/4 p-2 md:p-3 lg:p-4\">\n          <div class=\"relative h-full flex flex-col bg-teal-100 p-2 md:p-6 lg:p-8 hover:shadow\">\n            <div class=\"card-content grow\">\n              <img decoding=\"async\" src=\"https:\/\/www.columbiaskylights.com\/wp-content\/uploads\/2023\/04\/turret-extension-sun-tube-product.png\" alt=\" Miniature\" class=\"mb-4 md:mb-8\" title=\"\">\n              <div class=\"match-height title\">\n                                                  <div class=\"h6 text-center !mt-5 mb-0 text-blue\">Tourelle d\u2019extension<\/div>\n                              <\/div>\n              <p class=\"smd:hidden mt-8\">Si vous devez augmenter la hauteur du tube de lumi\u00e8re pour pouvoir (1) l\u2019installer sur des tuiles en S \u00e0 relief \u00e9lev\u00e9 et (2) l\u2019installer dans des zones o\u00f9 les chutes de neige sont importantes, la tourelle d\u2019extension offrira cet avantage de hauteur suppl\u00e9mentaire. Facile \u00e0 placer et \u00e0 installer.<\/p>\n            <\/div>\n                        <div class=\"footer text-center pt-6 md:pt-12 pb-2 md:pb-8\">\n              <a href=\"https:\/\/www.columbiaskylights.com\/fr\/produits\/accessories-de-tube-lumiere\/\" class=\"btn btn-blue stretched-link\">En savoir plus<\/a>\n            <\/div>\n                      <\/div>\n        <\/div>\n              <\/div>\n      <\/div>\n              <\/section>\n\n\n<section id=\"block_41036446fe0c7b9d3fb07987a65c7ba9\" class=\" columbia-block relative overflow-hidden wp-block-divider text-dark bg-white  p-top-default p-bottom-default\" >\n          <div class=\" block-inner relative container mx-auto\" >\n        <hr class=\"border-t md:w-12\/12 mx-auto\" \/>\n      <\/div>\n              <\/section>\n\n\n<section id=\"block_7a4e9e845793ad914e89a73de4e09169\" class=\" columbia-block relative overflow-hidden wp-block-multi-column block-w-full text-dark bg-white  p-top-default p-bottom-default\" >\n          <div class=\" block-inner relative container mx-auto\" >\n        <div class=\"block-intro-wrap z-0 relative  pb-12 lg:pb-16 last:pb-0\">\n    \n        <div class=\"block-title grow  mx-auto max-w-6xl\">\n            <h2 class=\" h3 text-center\">POURQUOI COLUMBIA?<\/h2>\n    <\/div>\n    \n    \n          <\/div>\n        <div class=\"col-wrapper col-gutter-lg row-gutter-lg \">\n      <div class=\"col-wrapper-inner flex flex-wrap   \">\n                            <div class=\"column w-full corners- md:w-6\/12  1 tab-group\">\n                                                            <div class=\"column-inner      \">\n              <div class=\"column-content match-col-height wp-editor \">\n                                                  <p><img decoding=\"async\" class=\"alignnone size-full wp-image-7018\" src=\"https:\/\/www.columbiaskylights.com\/wp-content\/uploads\/2023\/06\/no-leaks-no-flashing.jpg\" alt=\"No Leaks No Flashing\" width=\"1588\" height=\"940\" srcset=\"https:\/\/www.columbiaskylights.com\/wp-content\/uploads\/2023\/06\/no-leaks-no-flashing.jpg 1588w, https:\/\/www.columbiaskylights.com\/wp-content\/uploads\/2023\/06\/no-leaks-no-flashing-300x178.jpg 300w, https:\/\/www.columbiaskylights.com\/wp-content\/uploads\/2023\/06\/no-leaks-no-flashing-1024x606.jpg 1024w, https:\/\/www.columbiaskylights.com\/wp-content\/uploads\/2023\/06\/no-leaks-no-flashing-768x455.jpg 768w, https:\/\/www.columbiaskylights.com\/wp-content\/uploads\/2023\/06\/no-leaks-no-flashing-1536x909.jpg 1536w\" sizes=\"(max-width: 1588px) 100vw, 1588px\" title=\"\"><\/p>\n<h4>D\u00e9couvrez pourquoi les puits de lumi\u00e8re Columbia ne fuient pas<\/h4>\n<p>Les puits de lumi\u00e8re fabriqu\u00e9s au Canada par Columbia sont con\u00e7us et fabriqu\u00e9s avec des mat\u00e9riaux et des composants innovants et de qualit\u00e9 sup\u00e9rieure, associ\u00e9s \u00e0 plus de cinquante ans d\u2019exp\u00e9rience. Nous sommes fiers d\u2019avoir fourni plus d\u2019un million de puits de lumi\u00e8re pour les toits nord-am\u00e9ricains.<\/p>\n<p>La conception du cadre de nos produits a fait ses preuves en r\u00e9sistant aux pires intemp\u00e9ries canadiennes. Le cadre en aluminium extrud\u00e9 robuste, associ\u00e9 au ch\u00e2ssis de montage int\u00e9rieur en vinyle \u00e0 barri\u00e8re thermique et au syst\u00e8me de contr\u00f4le de la condensation de Columbia, constituent une combinaison unique dans l\u2019industrie des puits de lumi\u00e8re. Nous utilisons des vitrages haute performance de l\u2019un des plus grands fabricants au monde, Cardinal Glass Industries, bas\u00e9 en Am\u00e9rique du Nord. Nos puits de lumi\u00e8re combinent un cadre ext\u00e9rieur en aluminium extrud\u00e9 durable avec une finition en peinture-\u00e9mail cuite au four et un cadre int\u00e9rieur en vinyle PVC robuste.<\/p>\n<p>Le cadre int\u00e9rieur en vinyle PVC \u00e0 solin int\u00e9gr\u00e9 de Columbia, associ\u00e9 \u00e0 une bride en vinyle extra large, constitue un syst\u00e8me de protection int\u00e9gr\u00e9 contre les intemp\u00e9ries, en tandem avec le cadre ext\u00e9rieur en aluminium extrud\u00e9 r\u00e9sistant. Notre goutti\u00e8re de condensation rigide \u00e0 quatre c\u00f4t\u00e9s a \u00e9t\u00e9 con\u00e7ue avec une largeur suppl\u00e9mentaire pour permettre une accumulation maximale de la condensation et un drainage efficace.<\/p>\n<p>Toutes les mati\u00e8res premi\u00e8res sont fabriqu\u00e9es en Am\u00e9rique du Nord par des fournisseurs avec lesquels nous travaillons depuis des d\u00e9cennies.<\/p>\n<p><a class=\"btn-arrow btn-arrow--left\" href=\"https:\/\/www.columbiaskylights.com\/fr\/aide\/puits-de-lumiere-sans-fuites\/\">En savoir plus<\/a><\/p>\n\n                                \n                \n                \n                              <\/div>\n            <\/div>\n                      <\/div>\n                            <div class=\"column w-full corners- md:w-6\/12  2 tab-group\">\n                                                            <div class=\"column-inner      \">\n              <div class=\"column-content match-col-height wp-editor \">\n                                                  <p><img decoding=\"async\" class=\"alignnone size-full wp-image-3937\" src=\"https:\/\/www.columbiaskylights.com\/wp-content\/uploads\/2023\/04\/canadian-made-skylights-winter-home.jpg\" alt=\"\" width=\"1572\" height=\"940\" srcset=\"https:\/\/www.columbiaskylights.com\/wp-content\/uploads\/2023\/04\/canadian-made-skylights-winter-home.jpg 1572w, https:\/\/www.columbiaskylights.com\/wp-content\/uploads\/2023\/04\/canadian-made-skylights-winter-home-300x179.jpg 300w, https:\/\/www.columbiaskylights.com\/wp-content\/uploads\/2023\/04\/canadian-made-skylights-winter-home-1024x612.jpg 1024w, https:\/\/www.columbiaskylights.com\/wp-content\/uploads\/2023\/04\/canadian-made-skylights-winter-home-768x459.jpg 768w, https:\/\/www.columbiaskylights.com\/wp-content\/uploads\/2023\/04\/canadian-made-skylights-winter-home-1536x918.jpg 1536w\" sizes=\"(max-width: 1572px) 100vw, 1572px\" title=\"\"><\/p>\n<h4>Des puits de lumi\u00e8re fabriqu\u00e9s au Canada, con\u00e7us pour notre climat rigoureux<\/h4>\n<p>Les puits de lumi\u00e8re Columbia sont sp\u00e9cialement con\u00e7us pour la vie dans notre climat canadien. Qu\u2019ils soient soumis \u00e0 la neige, \u00e0 la glace, au vent, \u00e0 la gr\u00eale ou \u00e0 une chaleur intense, nos produits sont sp\u00e9cialement con\u00e7us pour exceller dans ces conditions exigeantes.<\/p>\n<p>De nombreux puits de lumi\u00e8re import\u00e9s sont con\u00e7us pour un climat plus temp\u00e9r\u00e9 et manquent de performance et de durabilit\u00e9. Pendant plus de cinq d\u00e9cennies, Columbia s\u2019est consacr\u00e9e \u00e0 la fabrication de puits de lumi\u00e8re de haute qualit\u00e9 qui ont fait leurs preuves au fil du temps dans notre climat canadien.<\/p>\n<p>Chaque aspect du puits de lumi\u00e8re a \u00e9t\u00e9 \u00e9tudi\u00e9, con\u00e7u et test\u00e9.<br \/>\nNous utilisons les meilleurs mat\u00e9riaux disponibles et les derni\u00e8res technologies de verre.<\/p>\n<p>L\u2019efficacit\u00e9 \u00e9nerg\u00e9tique est une priorit\u00e9 pour les propri\u00e9taires canadiens, compte tenu de notre climat rigoureux. Columbia est le seul fabricant canadien \u00e0 offrir le triple vitrage sur tous ses mod\u00e8les de puits de lumi\u00e8re. Un choix de verres ENERGY STAR<sup>&reg;<\/sup> sup\u00e9rieur \u00e0 toute la concurrence.<\/p>\n<p><a class=\"btn-arrow btn-arrow--left\" href=\"https:\/\/www.columbiaskylights.com\/fr\/pourquoi-columbia\/energy-star\/\">En savoir plus<\/a><\/p>\n\n                                \n                \n                \n                              <\/div>\n            <\/div>\n                      <\/div>\n              <\/div>\n    <\/div>\n      <\/div>\n              <\/section>\n","protected":false},"excerpt":{"rendered":"","protected":false},"author":1,"featured_media":0,"parent":0,"menu_order":0,"comment_status":"closed","ping_status":"closed","template":"","meta":{"_acf_changed":false,"inline_featured_image":false,"footnotes":""},"class_list":["post-16737","page","type-page","status-publish","hentry"],"acf":[],"_links":{"self":[{"href":"https:\/\/www.columbiaskylights.com\/fr\/wp-json\/wp\/v2\/pages\/16737","targetHints":{"allow":["GET"]}}],"collection":[{"href":"https:\/\/www.columbiaskylights.com\/fr\/wp-json\/wp\/v2\/pages"}],"about":[{"href":"https:\/\/www.columbiaskylights.com\/fr\/wp-json\/wp\/v2\/types\/page"}],"author":[{"embeddable":true,"href":"https:\/\/www.columbiaskylights.com\/fr\/wp-json\/wp\/v2\/users\/1"}],"replies":[{"embeddable":true,"href":"https:\/\/www.columbiaskylights.com\/fr\/wp-json\/wp\/v2\/comments?post=16737"}],"version-history":[{"count":3,"href":"https:\/\/www.columbiaskylights.com\/fr\/wp-json\/wp\/v2\/pages\/16737\/revisions"}],"predecessor-version":[{"id":22688,"href":"https:\/\/www.columbiaskylights.com\/fr\/wp-json\/wp\/v2\/pages\/16737\/revisions\/22688"}],"wp:attachment":[{"href":"https:\/\/www.columbiaskylights.com\/fr\/wp-json\/wp\/v2\/media?parent=16737"}],"curies":[{"name":"wp","href":"https:\/\/api.w.org\/{rel}","templated":true}]}}