{"id":16735,"date":"2024-01-09T21:39:42","date_gmt":"2024-01-10T05:39:42","guid":{"rendered":"https:\/\/www.columbiaskylights.com\/?page_id=16735"},"modified":"2024-02-20T17:35:49","modified_gmt":"2024-02-21T01:35:49","slug":"puits-de-lumiere-pour-toit-plat","status":"publish","type":"page","link":"https:\/\/www.columbiaskylights.com\/fr\/puits-de-lumiere-pour-toit-plat\/","title":{"rendered":"Puits de lumi\u00e8re pour toit plat"},"content":{"rendered":"<section id=\"block_cf6df263760f1ea3585bed0643c3aa53\" class=\" columbia-block relative overflow-hidden wp-block-page-hero block-w-full text-dark bg-white  p-top-default p-bottom-default\" >\n          <div class=\" carousel carousel--hero  carousel--hero--dots--\">\n                      <div class=\"hero-slide w-full flex relative  is-selected \">\n          <div class=\"hero-slide__content text-white w-full z-10 pt-22 md:pt-32 lg:pt-40 pb-12 md:pb-20 xl:pt-[180px]\">\n            <div class=\"inner container h-full grid grid-cols-1 lg:grid-cols-2 gap-6 lg:gap-x-22 xxl:gap-x-60 w-full\">\n                              <text class=\"block hero-slide__content__wysiwyg position-left   font-semibold col-span-2 lg:col-span-1  wp-editor spaced\">\n                  <div class=\"inner \">\n                    <h1>Mod\u00e8les de puits de lumi\u00e8re pour toit plat<\/h1>\n<p>Que votre toit soit plat ou v\u00e9g\u00e9talis\u00e9, Columbia a un puits de lumi\u00e8re qui conviendra \u00e0 vos besoins.<\/p>\n\n                  <\/div>\n                <\/text>\n                                        <\/div>\n          <\/div>\n          <div class=\"hero-slide-bg absolute h-full w-full inset-0  hero-slide-bg--left hero-slide-bg-color--black \">\n            <img decoding=\"async\" src=\"https:\/\/www.columbiaskylights.com\/wp-content\/uploads\/2023\/06\/six-skylights-flat-natural-roof-hero-scaled.jpg\" class=\"hero-slide__image absolute z-0 inset-0 w-full h-full object-cover\" alt=\"Six skylights flat natural roof hero\" height=\"1440\" width=\"2560\" title=\"\">\n    \t          <\/div>\n        <\/div>\n                              <div class=\"hero-slide w-full flex relative \">\n          <div class=\"hero-slide__content text-black w-full z-10 pt-22 md:pt-32 lg:pt-40 pb-12 md:pb-20 xl:pt-[180px]\">\n            <div class=\"inner container h-full grid grid-cols-1 lg:grid-cols-2 gap-6 lg:gap-x-22 xxl:gap-x-60 w-full\">\n                                        <\/div>\n          <\/div>\n          <div class=\"hero-slide-bg absolute h-full w-full inset-0 \">\n            <img decoding=\"async\" src=\"https:\/\/www.columbiaskylights.com\/wp-content\/uploads\/2023\/06\/flat-roof-skylights-open-and-closed-scaled.jpg\" class=\"hero-slide__image absolute z-0 inset-0 w-full h-full object-cover\" alt=\"Flat roof skylights open and closed\" height=\"1440\" width=\"2560\" title=\"\">\n    \t          <\/div>\n        <\/div>\n                              <div class=\"hero-slide w-full flex relative \">\n          <div class=\"hero-slide__content text-black w-full z-10 pt-22 md:pt-32 lg:pt-40 pb-12 md:pb-20 xl:pt-[180px]\">\n            <div class=\"inner container h-full grid grid-cols-1 lg:grid-cols-2 gap-6 lg:gap-x-22 xxl:gap-x-60 w-full\">\n                                        <\/div>\n          <\/div>\n          <div class=\"hero-slide-bg absolute h-full w-full inset-0 \">\n            <img decoding=\"async\" src=\"https:\/\/www.columbiaskylights.com\/wp-content\/uploads\/2023\/06\/flat-roof-skylights-great-room-scaled.jpg\" class=\"hero-slide__image absolute z-0 inset-0 w-full h-full object-cover\" alt=\"Flat roof skylights great room\" height=\"1440\" width=\"2560\" title=\"\">\n    \t          <\/div>\n        <\/div>\n                  <\/div>\n              <\/section>\n  <div class=\"block-breadcrumbs text-breadcrumb text-black-500 pt-7 mdd:hidden \">\n    <div class=\"container\">\n              \n                  <a href=\"https:\/\/www.columbiaskylights.com\/fr\/\" class=\"text-black-700 !no-underline hover:!underline\">Accueil<\/a>\n                       \/ \n                  Puits de lumi\u00e8re pour toit plat\n                  <\/div>\n  <\/div>\n\n\n<section id=\"block_ac8107b1676984f61ba8e42e2ae93715\" class=\" columbia-block relative overflow-hidden wp-block-w-y-s-i-w-y-g block-w-wide text-dark bg-white  p-top-default p-bottom-default\" >\n          <div class=\" block-inner relative container mx-auto\" >\n        <div class=\"block-intro-wrap z-0 relative pb-8 lg:pb-16\">\n    \n    \n    \n          <div class=\" relative z-0 block-intro  mx-auto max-w-6xl lg:max-w-6xxl text-xl\">Columbia fabrique une large s\u00e9lection de puits de lumi\u00e8re pour des applications sur toits plats, des puits mont\u00e9s sur cadre aux tubes de lumi\u00e8re, en passant par les portes d\u2019acc\u00e8s au toit et les puits de lumi\u00e8re sp\u00e9cialis\u00e9s. Nous apportons la lumi\u00e8re naturelle dans les espaces tels que les cuisines, les extensions d\u2019atelier ou les piscines int\u00e9rieures. Parlez \u00e0 votre architecte ou votre constructeur de l\u2019installation d\u2019un puits de lumi\u00e8re sur un toit plat.<\/div>\n          <\/div>\n      <\/div>\n              <\/section>\n\n\n<section id=\"block_fcfbd0ef174a9e1c0b6ff42e6ee43c35\" class=\" columbia-block relative overflow-hidden wp-block-divider text-dark bg-white  p-top-default p-bottom-default\" >\n          <div class=\" block-inner relative container mx-auto\" >\n        <hr class=\"border-t md:w-12\/12 mx-auto\" \/>\n      <\/div>\n              <\/section>\n\n\n<section id=\"block_d11a095d790633e7e5aef4acc59d0aa6\" class=\" columbia-block relative overflow-hidden wp-block-product-listing block-w-full text-dark bg-white  p-top-default p-bottom-default\" >\n          <div class=\" block-inner relative container mx-auto\" >\n        <div class=\"block-intro-wrap z-0 relative  pb-11 lg:pb-22 last:pb-0\">\n    \n        <div class=\"block-title grow  mx-auto max-w-6xl\">\n            <h2 class=\" text-center\">Puits de lumi\u00e8re pour toit plat<\/h2>\n    <\/div>\n    \n    \n                    <\/div>\n            <div class=\"product-grid flex flex-wrap justify-center -m-2 sm:-m-3 lg:-m-4\">\n                        <div class=\"product-grid__product w-1\/2 lg:w-1\/4 p-2 md:p-3 lg:p-4\">\n          <div class=\"relative h-full flex flex-col bg-teal-100 p-2 md:p-6 lg:p-8 hover:shadow\">\n            <div class=\"card-content grow\">\n              <img decoding=\"async\" src=\"https:\/\/www.columbiaskylights.com\/wp-content\/uploads\/2023\/04\/ac-vcm-aof-curb-mount-fixed-acrylic-dome-product.png\" alt=\"AC VCM&lt;br\/&gt;AC AOF Miniature\" class=\"mb-4 md:mb-8\" title=\"\">\n              <div class=\"match-height title\">\n                                  <h3 class=\"text-center !mb-0 leading-none text-blue\">AC VCM<br\/>AC AOF<\/h3>\n                                                  <div class=\"h6 text-center !mt-5 mb-0 text-blue\">D\u00f4me en acrylique fixe mont\u00e9 sur cadre<\/div>\n                              <\/div>\n              <p class=\"smd:hidden mt-8\">Les puits de lumi\u00e8re en d\u00f4me et pyramide en acrylique mont\u00e9s sur cadre de Columbia sont con\u00e7us pour offrir une performance optimale pendant des d\u00e9cennies. Ils sont disponibles dans 2 configurations de cadre : AC VCM ou AC AOF.<\/p>\n            <\/div>\n                        <div class=\"footer text-center pt-6 md:pt-12 pb-2 md:pb-8\">\n              <a href=\"https:\/\/www.columbiaskylights.com\/fr\/produits\/columbia-dome-monte-sur-rehausse-pour-toit-plat-fixe\/\" class=\"btn btn-blue stretched-link\">En savoir plus<\/a>\n            <\/div>\n                      <\/div>\n        <\/div>\n                <div class=\"product-grid__product w-1\/2 lg:w-1\/4 p-2 md:p-3 lg:p-4\">\n          <div class=\"relative h-full flex flex-col bg-teal-100 p-2 md:p-6 lg:p-8 hover:shadow\">\n            <div class=\"card-content grow\">\n              <img decoding=\"async\" src=\"https:\/\/www.columbiaskylights.com\/wp-content\/uploads\/2023\/04\/ac-ocm-curb-mount-venting-dome-pyramid-product.png\" alt=\"AC OCM Miniature\" class=\"mb-4 md:mb-8\" title=\"\">\n              <div class=\"match-height title\">\n                                  <h3 class=\"text-center !mb-0 leading-none text-blue\">AC OCM<\/h3>\n                                                  <div class=\"h6 text-center !mt-5 mb-0 text-blue\">D\u00f4me\/pyramide en acrylique ouvrant mont\u00e9 sur cadre<\/div>\n                              <\/div>\n              <p class=\"smd:hidden mt-8\">Rafra\u00eechissez votre maison avec le puits de lumi\u00e8re ouvrant \u00e0 solin int\u00e9gr\u00e9 manuel de Columbia. D\u00e9couvrez le plaisir d\u2019associer la lumi\u00e8re naturelle et une ventilation \u00e0 l\u2019air frais.<\/p>\n            <\/div>\n                        <div class=\"footer text-center pt-6 md:pt-12 pb-2 md:pb-8\">\n              <a href=\"https:\/\/www.columbiaskylights.com\/fr\/produits\/gl-ocm\/ac-ocm\/\" class=\"btn btn-blue stretched-link\">En savoir plus<\/a>\n            <\/div>\n                      <\/div>\n        <\/div>\n                <div class=\"product-grid__product w-1\/2 lg:w-1\/4 p-2 md:p-3 lg:p-4\">\n          <div class=\"relative h-full flex flex-col bg-teal-100 p-2 md:p-6 lg:p-8 hover:shadow\">\n            <div class=\"card-content grow\">\n              <img decoding=\"async\" src=\"https:\/\/www.columbiaskylights.com\/wp-content\/uploads\/2023\/04\/gl-vcm-curb-mount-fixed-glass-product.png\" alt=\"GL VCM Miniature\" class=\"mb-4 md:mb-8\" title=\"\">\n              <div class=\"match-height title\">\n                                  <h3 class=\"text-center !mb-0 leading-none text-blue\">GL VCM<\/h3>\n                                                  <div class=\"h6 text-center !mt-5 mb-0 text-blue\">Vitrage fixe mont\u00e9 sur cadre<\/div>\n                              <\/div>\n              <p class=\"smd:hidden mt-8\">La beaut\u00e9 et la clart\u00e9 de la lumi\u00e8re naturelle. Ce puits de lumi\u00e8re fixe Mont\u00e9 Sur Cadre de haute qualit\u00e9 constitue le choix id\u00e9al pour la plupart des applications sur toit plat o\u00f9 vous d\u00e9sirez illuminer votre espace de vie.<\/p>\n            <\/div>\n                        <div class=\"footer text-center pt-6 md:pt-12 pb-2 md:pb-8\">\n              <a href=\"https:\/\/www.columbiaskylights.com\/fr\/produits\/vcm-puits-de-lumiere-a-vitre-fixe-monte-sur-cadre\/\" class=\"btn btn-blue stretched-link\">En savoir plus<\/a>\n            <\/div>\n                      <\/div>\n        <\/div>\n                <div class=\"product-grid__product w-1\/2 lg:w-1\/4 p-2 md:p-3 lg:p-4\">\n          <div class=\"relative h-full flex flex-col bg-teal-100 p-2 md:p-6 lg:p-8 hover:shadow\">\n            <div class=\"card-content grow\">\n              <img decoding=\"async\" src=\"https:\/\/www.columbiaskylights.com\/wp-content\/uploads\/2023\/04\/gl-ocm-curb-mount-venting-glass-slope-product.png\" alt=\"GL OCM Miniature\" class=\"mb-4 md:mb-8\" title=\"\">\n              <div class=\"match-height title\">\n                                  <h3 class=\"text-center !mb-0 leading-none text-blue\">GL OCM<\/h3>\n                                                  <div class=\"h6 text-center !mt-5 mb-0 text-blue\">Vitrage ouvrant mont\u00e9 sur cadre (cadre inclin\u00e9)<\/div>\n                              <\/div>\n              <p class=\"smd:hidden mt-8\">Rafra\u00eechissez votre maison avec le puits de lumi\u00e8re \u00e0 ventilation manuelle \u00e0 montage sur cadre de Columbia. Profitez des avantages combin\u00e9s de la lumi\u00e8re naturelle et de la ventilation par air frais.<\/p>\n            <\/div>\n                        <div class=\"footer text-center pt-6 md:pt-12 pb-2 md:pb-8\">\n              <a href=\"https:\/\/www.columbiaskylights.com\/fr\/produits\/gl-ocm\/\" class=\"btn btn-blue stretched-link\">En savoir plus<\/a>\n            <\/div>\n                      <\/div>\n        <\/div>\n                <div class=\"product-grid__product w-1\/2 lg:w-1\/4 p-2 md:p-3 lg:p-4\">\n          <div class=\"relative h-full flex flex-col bg-teal-100 p-2 md:p-6 lg:p-8 hover:shadow\">\n            <div class=\"card-content grow\">\n              <img decoding=\"async\" src=\"https:\/\/www.columbiaskylights.com\/wp-content\/uploads\/2023\/04\/rst-fst-tun-tubes-product.png\" alt=\"RST \/ FST Miniature\" class=\"mb-4 md:mb-8\" title=\"\">\n              <div class=\"match-height title\">\n                                  <h3 class=\"text-center !mb-0 leading-none text-blue\">RST \/ FST<\/h3>\n                                                  <div class=\"h6 text-center !mt-5 mb-0 text-blue\">Tubes de lumi\u00e8re<\/div>\n                              <\/div>\n              <p class=\"smd:hidden mt-8\">Les puits de lumi\u00e8re \u00e0 tube de lumi\u00e8re rigides ou flexibles apportent la lumi\u00e8re naturelle dans les espaces plus restreints de votre maison, comme les couloirs, \u00e0 travers un tunnel hautement r\u00e9fl\u00e9chissant.<\/p>\n            <\/div>\n                        <div class=\"footer text-center pt-6 md:pt-12 pb-2 md:pb-8\">\n              <a href=\"https:\/\/www.columbiaskylights.com\/fr\/produits\/tubes-de-lumiere-residentiels\/flexibles\/\" class=\"btn btn-blue stretched-link\">En savoir plus<\/a>\n            <\/div>\n                      <\/div>\n        <\/div>\n                <div class=\"product-grid__product w-1\/2 lg:w-1\/4 p-2 md:p-3 lg:p-4\">\n          <div class=\"relative h-full flex flex-col bg-teal-100 p-2 md:p-6 lg:p-8 hover:shadow\">\n            <div class=\"card-content grow\">\n              <img decoding=\"async\" src=\"https:\/\/www.columbiaskylights.com\/wp-content\/uploads\/2023\/04\/ras-roof-access-door-glass-acrylic-product.png\" alt=\"RAS Miniature\" class=\"mb-4 md:mb-8\" title=\"\">\n              <div class=\"match-height title\">\n                                  <h3 class=\"text-center !mb-0 leading-none text-blue\">RAS<\/h3>\n                                                  <div class=\"h6 text-center !mt-5 mb-0 text-blue\">Porte d\u2019acc\u00e8s au toit en verre ou en acrylique<\/div>\n                              <\/div>\n              <p class=\"smd:hidden mt-8\">Id\u00e9ale pour transformer un toit en terrasse ou toute autre application n\u00e9cessitant une \u00e9vacuation, tout en laissant p\u00e9n\u00e9trer une abondante lumi\u00e8re naturelle.<\/p>\n            <\/div>\n                        <div class=\"footer text-center pt-6 md:pt-12 pb-2 md:pb-8\">\n              <a href=\"https:\/\/www.columbiaskylights.com\/fr\/produits\/gl-ras-porte-dacces-au-toit-verre\/\" class=\"btn btn-blue stretched-link\">En savoir plus<\/a>\n            <\/div>\n                      <\/div>\n        <\/div>\n                <div class=\"product-grid__product w-1\/2 lg:w-1\/4 p-2 md:p-3 lg:p-4\">\n          <div class=\"relative h-full flex flex-col bg-teal-100 p-2 md:p-6 lg:p-8 hover:shadow\">\n            <div class=\"card-content grow\">\n              <img decoding=\"async\" src=\"https:\/\/www.columbiaskylights.com\/wp-content\/uploads\/2023\/04\/crd-ic-circular-roof-domain-built-in-curb-flange-product.png\" alt=\"CRD Miniature\" class=\"mb-4 md:mb-8\" title=\"\">\n              <div class=\"match-height title\">\n                                  <h3 class=\"text-center !mb-0 leading-none text-blue\">CRD<\/h3>\n                                                  <div class=\"h6 text-center !mt-5 mb-0 text-blue\">D\u00f4me circulaire<\/div>\n                              <\/div>\n              <p class=\"smd:hidden mt-8\">Le d\u00f4me circulaire est non seulement tr\u00e8s efficace pour laisser entrer une grande quantit\u00e9 de lumi\u00e8re naturelle, mais il constitue \u00e9galement une d\u00e9claration spectaculaire en mati\u00e8re de style architectural.<\/p>\n            <\/div>\n                        <div class=\"footer text-center pt-6 md:pt-12 pb-2 md:pb-8\">\n              <a href=\"https:\/\/www.columbiaskylights.com\/fr\/produits\/dome-circulaire-bordure-integree\/\" class=\"btn btn-blue stretched-link\">En savoir plus<\/a>\n            <\/div>\n                      <\/div>\n        <\/div>\n                <div class=\"product-grid__product w-1\/2 lg:w-1\/4 p-2 md:p-3 lg:p-4\">\n          <div class=\"relative h-full flex flex-col bg-teal-100 p-2 md:p-6 lg:p-8 hover:shadow\">\n            <div class=\"card-content grow\">\n              <img decoding=\"async\" src=\"https:\/\/www.columbiaskylights.com\/wp-content\/uploads\/2023\/04\/vcm-aof-p-curb-mount-pyramid-product.png\" alt=\"VCM P&lt;br\/&gt;AOF P Miniature\" class=\"mb-4 md:mb-8\" title=\"\">\n              <div class=\"match-height title\">\n                                  <h3 class=\"text-center !mb-0 leading-none text-blue\">VCM P<br\/>AOF P<\/h3>\n                                                  <div class=\"h6 text-center !mt-5 mb-0 text-blue\">Pyramide mont\u00e9e sur cadre<\/div>\n                              <\/div>\n              <p class=\"smd:hidden mt-8\">Les puits de lumi\u00e8re pyramidaux en acrylique mont\u00e9s sur cadre sont con\u00e7us pour offrir une performance optimale pendant des d\u00e9cennies, offrant la clart\u00e9 de la lumi\u00e8re naturelle pour une application r\u00e9sidentielle ou commerciale.<\/p>\n            <\/div>\n                        <div class=\"footer text-center pt-6 md:pt-12 pb-2 md:pb-8\">\n              <a href=\"https:\/\/www.columbiaskylights.com\/fr\/produits\/columbia-vcm-p-aof-p-curb-mount-pyramid\/\" class=\"btn btn-blue stretched-link\">En savoir plus<\/a>\n            <\/div>\n                      <\/div>\n        <\/div>\n              <\/div>\n      <\/div>\n              <\/section>\n\n\n<section id=\"block_fcfbd0ef174a9e1c0b6ff42e6ee43c35\" class=\" columbia-block relative overflow-hidden wp-block-divider text-dark bg-white  p-top-default p-bottom-default\" >\n          <div class=\" block-inner relative container mx-auto\" >\n        <hr class=\"border-t md:w-12\/12 mx-auto\" \/>\n      <\/div>\n              <\/section>\n\n\n<section id=\"block_ee2f2ddb1fca288445b52128c98798eb\" class=\" columbia-block relative overflow-hidden wp-block-multi-column block-w-full text-dark bg-white  p-top-default p-bottom-default\" >\n          <div class=\" block-inner relative container mx-auto\" >\n        <div class=\"block-intro-wrap z-0 relative  pb-12 lg:pb-16 last:pb-0\">\n    \n        <div class=\"block-title grow  mx-auto max-w-6xl\">\n            <h2 class=\" h3 text-center\">POURQUOI COLUMBIA?<\/h2>\n    <\/div>\n    \n    \n          <\/div>\n        <div class=\"col-wrapper col-gutter-lg row-gutter-lg \">\n      <div class=\"col-wrapper-inner flex flex-wrap   \">\n                            <div class=\"column w-full corners- md:w-6\/12  1 tab-group\">\n                                                            <div class=\"column-inner      \">\n              <div class=\"column-content match-col-height wp-editor \">\n                                                  <p><img decoding=\"async\" class=\"alignnone size-full wp-image-7018\" src=\"https:\/\/www.columbiaskylights.com\/wp-content\/uploads\/2023\/06\/no-leaks-no-flashing.jpg\" alt=\"No Leaks No Flashing\" width=\"1588\" height=\"940\" srcset=\"https:\/\/www.columbiaskylights.com\/wp-content\/uploads\/2023\/06\/no-leaks-no-flashing.jpg 1588w, https:\/\/www.columbiaskylights.com\/wp-content\/uploads\/2023\/06\/no-leaks-no-flashing-300x178.jpg 300w, https:\/\/www.columbiaskylights.com\/wp-content\/uploads\/2023\/06\/no-leaks-no-flashing-1024x606.jpg 1024w, https:\/\/www.columbiaskylights.com\/wp-content\/uploads\/2023\/06\/no-leaks-no-flashing-768x455.jpg 768w, https:\/\/www.columbiaskylights.com\/wp-content\/uploads\/2023\/06\/no-leaks-no-flashing-1536x909.jpg 1536w\" sizes=\"(max-width: 1588px) 100vw, 1588px\" title=\"\"><\/p>\n<h4>D\u00e9couvrez pourquoi les puits de lumi\u00e8re Columbia ne fuient pas<\/h4>\n<p>Les puits de lumi\u00e8re fabriqu\u00e9s au Canada par Columbia sont con\u00e7us et fabriqu\u00e9s avec des mat\u00e9riaux et des composants innovants et de qualit\u00e9 sup\u00e9rieure, associ\u00e9s \u00e0 plus de cinquante ans d\u2019exp\u00e9rience. Nous sommes fiers d\u2019avoir fourni plus d\u2019un million de puits de lumi\u00e8re pour les toits nord-am\u00e9ricains.<\/p>\n<p>La conception du cadre de nos produits a fait ses preuves en r\u00e9sistant aux pires intemp\u00e9ries canadiennes. Le cadre en aluminium extrud\u00e9 robuste, associ\u00e9 au ch\u00e2ssis de montage int\u00e9rieur en vinyle \u00e0 barri\u00e8re thermique et au syst\u00e8me de contr\u00f4le de la condensation de Columbia, constituent une combinaison unique dans l\u2019industrie des puits de lumi\u00e8re. Nous utilisons des vitrages haute performance de l\u2019un des plus grands fabricants au monde, Cardinal Glass Industries, bas\u00e9 en Am\u00e9rique du Nord. Nos puits de lumi\u00e8re combinent un cadre ext\u00e9rieur en aluminium extrud\u00e9 durable avec une finition en peinture-\u00e9mail cuite au four et un cadre int\u00e9rieur en vinyle PVC robuste.<\/p>\n<p>Le cadre int\u00e9rieur en vinyle PVC \u00e0 solin int\u00e9gr\u00e9 de Columbia, associ\u00e9 \u00e0 une bride en vinyle extra large, constitue un syst\u00e8me de protection int\u00e9gr\u00e9 contre les intemp\u00e9ries, en tandem avec le cadre ext\u00e9rieur en aluminium extrud\u00e9 r\u00e9sistant. Notre goutti\u00e8re de condensation rigide \u00e0 quatre c\u00f4t\u00e9s a \u00e9t\u00e9 con\u00e7ue avec une largeur suppl\u00e9mentaire pour permettre une accumulation maximale de la condensation et un drainage efficace.<\/p>\n<p>Toutes les mati\u00e8res premi\u00e8res sont fabriqu\u00e9es en Am\u00e9rique du Nord par des fournisseurs avec lesquels nous travaillons depuis des d\u00e9cennies.<\/p>\n<p><a class=\"btn-arrow btn-arrow--left\" href=\"https:\/\/www.columbiaskylights.com\/fr\/aide\/puits-de-lumiere-sans-fuites\/\">En savoir plus<\/a><\/p>\n\n                                \n                \n                \n                              <\/div>\n            <\/div>\n                      <\/div>\n                            <div class=\"column w-full corners- md:w-6\/12  2 tab-group\">\n                                                            <div class=\"column-inner      \">\n              <div class=\"column-content match-col-height wp-editor \">\n                                                  <p><img decoding=\"async\" class=\"alignnone size-full wp-image-3937\" src=\"https:\/\/www.columbiaskylights.com\/wp-content\/uploads\/2023\/04\/canadian-made-skylights-winter-home.jpg\" alt=\"\" width=\"1572\" height=\"940\" srcset=\"https:\/\/www.columbiaskylights.com\/wp-content\/uploads\/2023\/04\/canadian-made-skylights-winter-home.jpg 1572w, https:\/\/www.columbiaskylights.com\/wp-content\/uploads\/2023\/04\/canadian-made-skylights-winter-home-300x179.jpg 300w, https:\/\/www.columbiaskylights.com\/wp-content\/uploads\/2023\/04\/canadian-made-skylights-winter-home-1024x612.jpg 1024w, https:\/\/www.columbiaskylights.com\/wp-content\/uploads\/2023\/04\/canadian-made-skylights-winter-home-768x459.jpg 768w, https:\/\/www.columbiaskylights.com\/wp-content\/uploads\/2023\/04\/canadian-made-skylights-winter-home-1536x918.jpg 1536w\" sizes=\"(max-width: 1572px) 100vw, 1572px\" title=\"\"><\/p>\n<h4>Des puits de lumi\u00e8re fabriqu\u00e9s au Canada, con\u00e7us pour notre climat rigoureux<\/h4>\n<p>Les puits de lumi\u00e8re Columbia sont sp\u00e9cialement con\u00e7us pour la vie dans notre climat canadien. Qu\u2019ils soient soumis \u00e0 la neige, \u00e0 la glace, au vent, \u00e0 la gr\u00eale ou \u00e0 une chaleur intense, nos produits sont sp\u00e9cialement con\u00e7us pour exceller dans ces conditions exigeantes.<\/p>\n<p>De nombreux puits de lumi\u00e8re import\u00e9s sont con\u00e7us pour un climat plus temp\u00e9r\u00e9 et manquent de performance et de durabilit\u00e9. Pendant plus de cinq d\u00e9cennies, Columbia s\u2019est consacr\u00e9e \u00e0 la fabrication de puits de lumi\u00e8re de haute qualit\u00e9 qui ont fait leurs preuves au fil du temps dans notre climat canadien.<\/p>\n<p>Chaque aspect du puits de lumi\u00e8re a \u00e9t\u00e9 \u00e9tudi\u00e9, con\u00e7u et test\u00e9.<br \/>\nNous utilisons les meilleurs mat\u00e9riaux disponibles et les derni\u00e8res technologies de verre.<\/p>\n<p>L\u2019efficacit\u00e9 \u00e9nerg\u00e9tique est une priorit\u00e9 pour les propri\u00e9taires canadiens, compte tenu de notre climat rigoureux. Columbia est le seul fabricant canadien \u00e0 offrir le triple vitrage sur tous ses mod\u00e8les de puits de lumi\u00e8re. Un choix de verres ENERGY STAR<sup>&reg;<\/sup> sup\u00e9rieur \u00e0 toute la concurrence.<\/p>\n<p><a class=\"btn-arrow btn-arrow--left\" href=\"https:\/\/www.columbiaskylights.com\/fr\/pourquoi-columbia\/energy-star\/\">En savoir plus<\/a><\/p>\n\n                                \n                \n                \n                              <\/div>\n            <\/div>\n                      <\/div>\n              <\/div>\n    <\/div>\n      <\/div>\n              <\/section>\n","protected":false},"excerpt":{"rendered":"","protected":false},"author":1,"featured_media":0,"parent":0,"menu_order":0,"comment_status":"closed","ping_status":"closed","template":"","meta":{"_acf_changed":false,"inline_featured_image":false,"footnotes":""},"class_list":["post-16735","page","type-page","status-publish","hentry"],"acf":[],"_links":{"self":[{"href":"https:\/\/www.columbiaskylights.com\/fr\/wp-json\/wp\/v2\/pages\/16735","targetHints":{"allow":["GET"]}}],"collection":[{"href":"https:\/\/www.columbiaskylights.com\/fr\/wp-json\/wp\/v2\/pages"}],"about":[{"href":"https:\/\/www.columbiaskylights.com\/fr\/wp-json\/wp\/v2\/types\/page"}],"author":[{"embeddable":true,"href":"https:\/\/www.columbiaskylights.com\/fr\/wp-json\/wp\/v2\/users\/1"}],"replies":[{"embeddable":true,"href":"https:\/\/www.columbiaskylights.com\/fr\/wp-json\/wp\/v2\/comments?post=16735"}],"version-history":[{"count":1,"href":"https:\/\/www.columbiaskylights.com\/fr\/wp-json\/wp\/v2\/pages\/16735\/revisions"}],"predecessor-version":[{"id":20015,"href":"https:\/\/www.columbiaskylights.com\/fr\/wp-json\/wp\/v2\/pages\/16735\/revisions\/20015"}],"wp:attachment":[{"href":"https:\/\/www.columbiaskylights.com\/fr\/wp-json\/wp\/v2\/media?parent=16735"}],"curies":[{"name":"wp","href":"https:\/\/api.w.org\/{rel}","templated":true}]}}