{"id":16719,"date":"2024-01-09T21:35:57","date_gmt":"2024-01-10T05:35:57","guid":{"rendered":"https:\/\/www.columbiaskylights.com\/?page_id=16719"},"modified":"2024-02-16T15:41:14","modified_gmt":"2024-02-16T23:41:14","slug":"temoignages","status":"publish","type":"page","link":"https:\/\/www.columbiaskylights.com\/fr\/a-propos\/temoignages\/","title":{"rendered":"T\u00e9moignages"},"content":{"rendered":"<section id=\"block_4c604e7aeb7f2780e6e5d45d8a8fedb4\" class=\" columbia-block relative overflow-hidden wp-block-page-hero block-w-full text-dark bg-white  p-top-default p-bottom-default\" >\n          <div class=\" carousel carousel--hero  carousel--hero--dots--\">\n                      <div class=\"hero-slide w-full flex relative  is-selected \">\n          <div class=\"hero-slide__content text-blue w-full z-10 pt-22 md:pt-32 lg:pt-40 pb-12 md:pb-20 xl:pt-[180px]\">\n            <div class=\"inner container h-full grid grid-cols-1 lg:grid-cols-2 gap-6 lg:gap-x-22 xxl:gap-x-60 w-full\">\n                              <text class=\"block hero-slide__content__wysiwyg position-left   font-semibold col-span-2 lg:col-span-1  wp-editor spaced\">\n                  <div class=\"inner \">\n                    <h1>L\u2019AVIS DE NOS CLIENTS<\/h1>\n<p>La meilleure indication de la qualit\u00e9 d\u2019une entreprise et de ses produits r\u00e9side dans les retours de ses clients.<\/p>\n\n                  <\/div>\n                <\/text>\n                                        <\/div>\n          <\/div>\n          <div class=\"hero-slide-bg absolute h-full w-full inset-0  hero-slide-bg--left hero-slide-bg-color--white \">\n            <img decoding=\"async\" src=\"https:\/\/www.columbiaskylights.com\/wp-content\/uploads\/2023\/11\/hero-testimonials.jpg\" class=\"hero-slide__image absolute z-0 inset-0 w-full h-full object-cover\" alt=\"hero-testimonials\" height=\"2160\" width=\"3840\" title=\"\">\n    \t          <\/div>\n        <\/div>\n                              <div class=\"hero-slide w-full flex relative \">\n          <div class=\"hero-slide__content text-black w-full z-10 pt-22 md:pt-32 lg:pt-40 pb-12 md:pb-20 xl:pt-[180px]\">\n            <div class=\"inner container h-full grid grid-cols-1 lg:grid-cols-2 gap-6 lg:gap-x-22 xxl:gap-x-60 w-full\">\n                                        <\/div>\n          <\/div>\n          <div class=\"hero-slide-bg absolute h-full w-full inset-0 \">\n            <img decoding=\"async\" src=\"https:\/\/www.columbiaskylights.com\/wp-content\/uploads\/2023\/12\/skylight-bedroom-testimonial-hero.jpg\" class=\"hero-slide__image absolute z-0 inset-0 w-full h-full object-cover\" alt=\"Skylight bedroom testimonial hero\" height=\"959\" width=\"1430\" title=\"\">\n    \t          <\/div>\n        <\/div>\n                  <\/div>\n              <\/section>\n  <div class=\"block-breadcrumbs text-breadcrumb text-black-500 pt-7 mdd:hidden \">\n    <div class=\"container\">\n              \n                  <a href=\"https:\/\/www.columbiaskylights.com\/fr\/\" class=\"text-black-700 !no-underline hover:!underline\">Accueil<\/a>\n                       \/ \n                  <a href=\"https:\/\/www.columbiaskylights.com\/fr\/a-propos\/\" class=\"text-black-700 !no-underline hover:!underline\">\u00c0 propos<\/a>\n                       \/ \n                  T\u00e9moignages\n                  <\/div>\n  <\/div>\n\n\n<section id=\"block_e5b5bfe525a7a5bd4ddaf77d5540d154\" class=\" columbia-block relative overflow-hidden wp-block-multi-column block-w-full text-dark bg-white  p-top-default p-bottom-default\" >\n          <div class=\" block-inner relative container mx-auto\" >\n        <div class=\"block-intro-wrap z-0 relative  pb-12 lg:pb-16 last:pb-0\">\n    \n        <div class=\"block-title grow  mx-auto max-w-6xl\">\n            <h2 class=\" text-center\">NOTRE R\u00c9COMPENSE ULTIME : DES CLIENTS SATISFAITS<\/h2>\n    <\/div>\n    \n    \n          <div class=\"mt-6 lg:mt-12 relative z-0 block-intro  mx-auto max-w-6xl lg:max-w-6xxl text-xl\">Nous appr\u00e9cions les retours de nos clients et savoir comment nos puits de lumi\u00e8re ont am\u00e9lior\u00e9 le confort de leurs maisons, en augmentant la diffusion de la lumi\u00e8re naturelle. Rien ne nous rend plus heureux que de d\u00e9passer les attentes d\u2019un client.<\/div>\n          <\/div>\n        <div class=\"col-wrapper col-gutter-lg row-gutter-md  mx-auto w-wide\">\n      <div class=\"col-wrapper-inner flex flex-wrap   \">\n                            <div class=\"column w-full corners- md:w-6\/12 xl:w-6\/12  1 tab-group\">\n                                                            <div class=\"column-inner      \">\n              <div class=\"column-content match-col-height wp-editor \">\n                                                  <ul>\n<li>Chez Columbia, nous croyons que la lumi\u00e8re naturelle am\u00e9liore non seulement une maison ou un lieu de travail, mais aussi la vie des personnes qui y habitent.<\/li>\n<li>Au cours des d\u00e9cennies, plus d\u2019un million de puits de lumi\u00e8re Columbia ont orn\u00e9 les toits des maisons de clients canadiens, am\u00e9ricains et internationaux.<\/li>\n<\/ul>\n\n                                \n                \n                \n                              <\/div>\n            <\/div>\n                      <\/div>\n                            <div class=\"column w-full corners- md:w-6\/12 xl:w-6\/12  2 tab-group\">\n                                                            <div class=\"column-inner      \">\n              <div class=\"column-content match-col-height wp-editor \">\n                                                  <ul>\n<li>Depuis 1955, nous avons \u00e9tabli de nombreuses relations \u00e0 longterme avec des propri\u00e9taires, des architectes, des promoteurs, des entrepreneurs et des couvreurs.<\/li>\n<li>D\u00e9couvrez quelques-uns des t\u00e9moignages que nous avons re\u00e7us de la part des clients de Columbia.<\/li>\n<\/ul>\n\n                                \n                \n                \n                              <\/div>\n            <\/div>\n                      <\/div>\n              <\/div>\n    <\/div>\n      <\/div>\n              <\/section>\n\n\n<section id=\"block_e220ac89568890644bf20c23f4e48c4c\" class=\"overflow-hidden columbia-block relative overflow-hidden wp-block-block-container block-w-full text-dark bg-white  p-top-default p-bottom-default\" >\n          <div class=\"max-w-7xl overflow-visible block-inner relative container mx-auto\" >\n        <div class=\"content-box relative   rounded px-2 sm:px-5 py-8 md:p-8 lg:p-10 xxl:p-22 text-dark bg-teal-100\">\n      \n<section id=\"block_e32c319d9878c8d91c3400467794a078\" class=\" columbia-block relative overflow-hidden wp-block-reviews-listing block-w-full text-dark bg-white  p-top-default p-bottom-default\" >\n          <div class=\" block-inner relative container mx-auto\" >\n        <div class=\"block-intro-wrap z-0 relative  pb-12 lg:pb-16 last:pb-0\">\n    \n        <div class=\"block-title grow  mx-auto max-w-6xl\">\n            <h2 class=\" h3 text-center\">AVIS SUR GOOGLE<\/h2>\n    <\/div>\n    \n    \n          <\/div>\n    <div class=\"block\">\n               <div class=\"review border-t border-grey pt-6 pb-6 flex  flex-col \">\n          <div class=\"review__author my-2\">\n            <h3 class=\"text-xl font-semibold\">Heather H<\/h3>\n          <\/div>\n          <div class=\"review__content my-2\">\n            <p class=\"\">Nous avons utilis\u00e9 des puits de lumi\u00e8re Columbia dans notre r\u00e9novation et nous sommes ravis du r\u00e9sultat. Nous avons neuf puits de lumi\u00e8re, dont cinq ouvrants. La qualit\u00e9 du produit est excellente, le service client est exceptionnel et ils ont respect\u00e9 les directives strictes de Vancouver en mati\u00e8re d\u2019efficacit\u00e9 \u00e9nerg\u00e9tique. Je les recommande fortement.<\/p>\n          <\/div>\n        <\/div>\n               <div class=\"review border-t border-grey pt-6 pb-6 flex  flex-col \">\n          <div class=\"review__author my-2\">\n            <h3 class=\"text-xl font-semibold\">Lind<\/h3>\n          <\/div>\n          <div class=\"review__content my-2\">\n            <p class=\"\">Nous avons v\u00e9cu une exp\u00e9rience formidable. Initialement, nous avons acquis nos puits de lumi\u00e8re Columbia aupr\u00e8s d\u2019un distributeur. Lorsque nous avons r\u00e9alis\u00e9 que nous n\u2019avions probablement pas command\u00e9 les puits de lumi\u00e8re appropri\u00e9s pour notre application, nous avons pris contact directement avec Columbia. Heureusement, Judy a r\u00e9gl\u00e9 notre commande pour s\u2019assurer que nous avions le bon produit et nous a mis en relation avec un excellent installateur. \u00c0 partir de ce moment, nous avons \u00e9t\u00e9 \u00ab pris en charge \u00bb et les puits de lumi\u00e8re sont d\u00e9sormais install\u00e9s. Nous sommes extr\u00eamement satisfaits des puits de lumi\u00e8re et nous ne pouvons que louer l\u2019excellent service que nous avons re\u00e7u de Columbia ainsi que de l\u2019installateur.<\/p>\n          <\/div>\n        <\/div>\n               <div class=\"review border-t border-grey pt-6 pb-6 flex  flex-col \">\n          <div class=\"review__author my-2\">\n            <h3 class=\"text-xl font-semibold\">Robert L<\/h3>\n          <\/div>\n          <div class=\"review__content my-2\">\n            <p class=\"\">Service exceptionnel\u2026 J\u2019ai eu l\u2019occasion de collaborer avec le service client de Columbia pour une commande unique et j\u2019ai b\u00e9n\u00e9fici\u00e9 du meilleur service que j\u2019aie re\u00e7u depuis longtemps. J\u2019ai achet\u00e9 un puits de lumi\u00e8re \u00e0 double vitrage avec un cadre en aluminium pour mon autocaravane, qui surpasse de loin l\u2019original \u00e0 bien des \u00e9gards. L\u2019original ressemblait \u00e0 un emballage-coque, tandis que les puits de lumi\u00e8re Columbia sont dot\u00e9s d\u2019un cadre en aluminium avec des joints d\u2019\u00e9tanch\u00e9it\u00e9 sous pression et d\u2019un bo\u00eetier enti\u00e8rement en aluminium. En tant qu\u2019ing\u00e9nieur, je suis vraiment impressionn\u00e9 par la qualit\u00e9 exceptionnelle de la conception. Le l\u00e9ger co\u00fbt suppl\u00e9mentaire en vaut largement la peine. J\u2019ai fait face \u00e0 une d\u00e9faillance majeure du puits de lumi\u00e8re d\u2019origine, qui a provoqu\u00e9 des d\u00e9g\u00e2ts importants. Celui-ci me survivra. Je n\u2019ai re\u00e7u aucun traitement pr\u00e9f\u00e9rentiel pour r\u00e9diger cet avis et, en g\u00e9n\u00e9ral, je ne prendrais pas le temps d\u2019en \u00e9crire un, mais cette entreprise m\u00e9rite vraiment cet effort.<\/p>\n          <\/div>\n        <\/div>\n               <div class=\"review border-t border-grey pt-6 pb-6 flex  flex-col \">\n          <div class=\"review__author my-2\">\n            <h3 class=\"text-xl font-semibold\">Jo F<\/h3>\n          <\/div>\n          <div class=\"review__content my-2\">\n            <p class=\"\">Columbia a fourni tous les puits de lumi\u00e8re de notre maison, y compris deux puits ouvrants motoris\u00e9s. Le produit est d\u2019une qualit\u00e9 exceptionnelle et leur service client est fantastique.\r\n\r\nNous avons rencontr\u00e9 un probl\u00e8me avec l\u2019un d\u2019entre eux, et ils l\u2019ont r\u00e9solu avec le sourire en deux jours.\r\n\r\nJe les recommande fortement.<\/p>\n          <\/div>\n        <\/div>\n               <div class=\"review border-t border-grey pt-6 pb-6 flex  flex-col \">\n          <div class=\"review__author my-2\">\n            <h3 class=\"text-xl font-semibold\">Clarence L<\/h3>\n          <\/div>\n          <div class=\"review__content my-2\">\n            <p class=\"\">J\u2019ai investi dans un puits de lumi\u00e8re triple vitrage de 8 x 8 et j\u2019ai ajout\u00e9 le dispositif anti-neige, m\u00eame lorsque la temp\u00e9rature int\u00e9rieure est de 22 degr\u00e9s Celsius. Malgr\u00e9 le co\u00fbt l\u00e9g\u00e8rement plus \u00e9lev\u00e9, l\u2019excellente isolation en valait la peine. Je re\u00e7ois r\u00e9guli\u00e8rement des compliments sur sa belle esth\u00e9tique et la luminosit\u00e9 qu\u2019il apporte. Je ferai sans aucun doute appel \u00e0 vous pour ma prochaine maison.<\/p>\n          <\/div>\n        <\/div>\n               <div class=\"review border-t border-grey pt-6 pb-6 flex  flex-col \">\n          <div class=\"review__author my-2\">\n            <h3 class=\"text-xl font-semibold\">Ros K<\/h3>\n          <\/div>\n          <div class=\"review__content my-2\">\n            <p class=\"\">Une entreprise sans pareil, offrant un produit ph\u00e9nom\u00e9nal, un service client exemplaire et une satisfaction client in\u00e9gal\u00e9e. Exp\u00e9rience d\u2019achat et d\u2019apr\u00e8s-achat fantastiques. Rien n\u2019aurait pu nous rendre plus heureux!<\/p>\n          <\/div>\n        <\/div>\n               <div class=\"review border-t border-grey pt-6 pb-6 flex  flex-col \">\n          <div class=\"review__author my-2\">\n            <h3 class=\"text-xl font-semibold\">Luigi D<\/h3>\n          <\/div>\n          <div class=\"review__content my-2\">\n            <p class=\"\">Je veux juste remercier Gord pour toute son aide sur le puits de lumi\u00e8re. Si vous recherchez le meilleur service et des produits de grande qualit\u00e9, Columbia Skylights est l\u2019entreprise \u00e0 privil\u00e9gier. Merci encore \u00e0 Gord pour son aide pr\u00e9cieuse.<\/p>\n          <\/div>\n        <\/div>\n               <div class=\"review border-t border-grey pt-6 pb-6 flex  flex-col \">\n          <div class=\"review__author my-2\">\n            <h3 class=\"text-xl font-semibold\">Darren M<\/h3>\n          <\/div>\n          <div class=\"review__content my-2\">\n            <p class=\"\">Des produits g\u00e9niaux et un excellent service. Soutenez une entreprise locale et achetez des puits de lumi\u00e8re Columbia.<\/p>\n          <\/div>\n        <\/div>\n               <div class=\"review border-t border-grey pt-6 pb-6 flex  flex-col \">\n          <div class=\"review__author my-2\">\n            <h3 class=\"text-xl font-semibold\">Craig T<\/h3>\n          <\/div>\n          <div class=\"review__content my-2\">\n            <p class=\"\">J\u2019ai \u00e9chang\u00e9 avec Katelyn, elle \u00e9tait tr\u00e8s sympathique et extr\u00eamement serviable\u2026 Une exp\u00e9rience formidable.<\/p>\n          <\/div>\n        <\/div>\n                <\/div>\n      <\/div>\n              <\/section>\n\n\n          <\/div>\n      <\/div>\n              <\/section>\n\n\n<section id=\"block_736e346f8e277a724c58f8b2d5d70310\" class=\" columbia-block relative overflow-hidden wp-block-c-t-a block-w-full text-dark bg-white  p-top-default p-bottom-default\" >\n          <div class=\" block-inner relative container mx-auto\" >\n        <div class=\"block-intro-wrap z-0 relative  pb-11 lg:pb-22 last:pb-0\">\n    \n    \n    \n              <div class=\" flex flex-col gap-2 md:gap-6 items-center text-center lg:text-left lg:items-start lg:flex-row lg:flex-wrap lg:justify-center\">\n          <div class=\"inline-block mb-4 \">\n        <a href=\"https:\/\/g.page\/r\/Cdiq6NoVtIXnEB0\/review\" class=\"last:mr-0 lg:whitespace-nowrap btn-blue\"  rel=\"noreferer noopener nofollow\" target=\"_blank\">SOUMETTEZ VOTRE AVIS<\/a>\n              <\/div>\n          <div class=\"inline-block mb-4 \">\n        <a href=\"https:\/\/www.columbiaskylights.com\/fr\/aide\/garantie\/\" class=\"last:mr-0 lg:whitespace-nowrap btn-blue\"  target=\"\">LA GARANTIE DE COLUMBIA<\/a>\n              <\/div>\n          <div class=\"inline-block mb-4 \">\n        <a href=\"https:\/\/www.columbiaskylights.com\/fakro\/about\/fakro-warranty\/\" class=\"last:mr-0 lg:whitespace-nowrap btn-blue\"  target=\"\">LA GARANTIE DE FAKRO<\/a>\n              <\/div>\n      <\/div>\n      <\/div>\n      <\/div>\n              <\/section>\n","protected":false},"excerpt":{"rendered":"","protected":false},"author":1,"featured_media":0,"parent":16702,"menu_order":0,"comment_status":"closed","ping_status":"closed","template":"","meta":{"_acf_changed":false,"inline_featured_image":false,"footnotes":""},"class_list":["post-16719","page","type-page","status-publish","hentry"],"acf":[],"_links":{"self":[{"href":"https:\/\/www.columbiaskylights.com\/fr\/wp-json\/wp\/v2\/pages\/16719","targetHints":{"allow":["GET"]}}],"collection":[{"href":"https:\/\/www.columbiaskylights.com\/fr\/wp-json\/wp\/v2\/pages"}],"about":[{"href":"https:\/\/www.columbiaskylights.com\/fr\/wp-json\/wp\/v2\/types\/page"}],"author":[{"embeddable":true,"href":"https:\/\/www.columbiaskylights.com\/fr\/wp-json\/wp\/v2\/users\/1"}],"replies":[{"embeddable":true,"href":"https:\/\/www.columbiaskylights.com\/fr\/wp-json\/wp\/v2\/comments?post=16719"}],"version-history":[{"count":1,"href":"https:\/\/www.columbiaskylights.com\/fr\/wp-json\/wp\/v2\/pages\/16719\/revisions"}],"predecessor-version":[{"id":19759,"href":"https:\/\/www.columbiaskylights.com\/fr\/wp-json\/wp\/v2\/pages\/16719\/revisions\/19759"}],"up":[{"embeddable":true,"href":"https:\/\/www.columbiaskylights.com\/fr\/wp-json\/wp\/v2\/pages\/16702"}],"wp:attachment":[{"href":"https:\/\/www.columbiaskylights.com\/fr\/wp-json\/wp\/v2\/media?parent=16719"}],"curies":[{"name":"wp","href":"https:\/\/api.w.org\/{rel}","templated":true}]}}