{"id":16683,"date":"2023-04-13T20:58:42","date_gmt":"2023-04-14T03:58:42","guid":{"rendered":"https:\/\/www.columbiaskylights.com\/the-columbia-story\/"},"modified":"2024-01-09T21:30:53","modified_gmt":"2024-01-10T05:30:53","slug":"histoire-de-columbia","status":"publish","type":"page","link":"https:\/\/www.columbiaskylights.com\/fr\/a-propos\/histoire-de-columbia\/","title":{"rendered":"L\u2019histoire de Columbia\u00a0"},"content":{"rendered":"<section id=\"block_797fa1b2aff0c2966a13fa84f6ce0151\" class=\" columbia-block relative overflow-hidden wp-block-page-hero block-w-full text-dark bg-white  p-top-default p-bottom-default\" >\n          <div class=\" carousel--hero--dots--\">\n                      <div class=\"hero-slide w-full flex relative  is-selected \">\n          <div class=\"hero-slide__content text-white w-full z-10 pt-22 md:pt-32 lg:pt-40 pb-12 md:pb-20 xl:pt-[180px]\">\n            <div class=\"inner container h-full grid grid-cols-1 lg:grid-cols-2 gap-6 lg:gap-x-22 xxl:gap-x-60 w-full\">\n                              <text class=\"block hero-slide__content__wysiwyg position-left   font-semibold col-span-2 lg:col-span-1  wp-editor spaced\">\n                  <div class=\"inner \">\n                    <h1>L\u2019HISTOIRE DE COLUMBIA<\/h1>\n<p>Le premier fabricant de puits de lumi\u00e8re au Canada depuis 1955.<\/p>\n\n                  <\/div>\n                <\/text>\n                                        <\/div>\n          <\/div>\n          <div class=\"hero-slide-bg absolute h-full w-full inset-0 \">\n            <img decoding=\"async\" src=\"https:\/\/www.columbiaskylights.com\/wp-content\/uploads\/2023\/10\/large-luxury-home-skylights.jpg\" class=\"hero-slide__image absolute z-0 inset-0 w-full h-full object-cover\" alt=\"Columbia Skylights. Canadian made skylights. The skylight made in Canada.\" height=\"2146\" width=\"3840\" title=\"\">\n    \t          <\/div>\n        <\/div>\n                  <\/div>\n              <\/section>\n  <div class=\"block-breadcrumbs text-breadcrumb text-black-500 pt-7 mdd:hidden \">\n    <div class=\"container\">\n              \n                  <a href=\"https:\/\/www.columbiaskylights.com\/fr\/\" class=\"text-black-700 !no-underline hover:!underline\">Accueil<\/a>\n                       \/ \n                  <a href=\"https:\/\/www.columbiaskylights.com\/fr\/a-propos\/\" class=\"text-black-700 !no-underline hover:!underline\">\u00c0 propos<\/a>\n                       \/ \n                  L\u2019histoire de Columbia\u00a0\n                  <\/div>\n  <\/div>\n\n\n<section id=\"block_78506b8952154a19682c1894ac521c11\" class=\" columbia-block relative overflow-hidden wp-block-w-y-s-i-w-y-g block-w-narrow text-dark bg-white  p-top-default p-bottom-default\" >\n          <div class=\" block-inner relative container mx-auto\" >\n        <div class=\"block-intro-wrap z-0 relative pb-8 lg:pb-16\">\n    \n        <div class=\"block-title grow  mx-auto max-w-6xl\">\n            <h2 class=\" text-center\">PUITS DE LUMI\u00c8RE COLUMBIA<\/h2>\n    <\/div>\n    \n    \n          <div class=\"mt-6 lg:mt-12 relative z-0 block-intro  mx-auto max-w-6xl lg:max-w-6xxl text-xl\">En 1955, le fondateur de Columbia, Len Corcoran, a entrepris de fabriquer les meilleurs puits de lumi\u00e8re pour le march\u00e9 canadien. Aujourd\u2019hui, nous continuons \u00e0 r\u00e9aliser son r\u00eave, en tant que plus grand fabricant au Canada, gr\u00e2ce \u00e0 notre tradition d\u2019ing\u00e9nierie de pointe, d\u2019innovation en mati\u00e8re de produits, de savoir-faire de qualit\u00e9 et de service rapide et courtois.<\/div>\n          <\/div>\n      <\/div>\n              <\/section>\n\n\n<section id=\"block_3f4155f6f24a726ef13ae569baf9fbd8\" class=\" columbia-block relative overflow-hidden wp-block-photo-gallery block-w-narrow text-dark bg-teal-100  p-top-default p-bottom-default\" >\n          <div class=\" block-inner relative container mx-auto\" >\n        <div class=\"gallery grid grid-cols-2 md:grid-cols-2 gap-4 md:gap-6 lg:gap-8 \" >\n              <div class=\"gallery__image\">\n          <img decoding=\"async\" src=\"https:\/\/www.columbiaskylights.com\/wp-content\/uploads\/2023\/10\/venting-skylight-shingle-roof.jpg\" class=\"max-w-full\" alt=\"Venting skylight shingle roof\" height=\"718\" width=\"1276\" title=\"\">\n    \t                      <div class=\"gallery__caption smd:text-xs pt-2\">\n              Columbia fabrique une large gamme de puits de lumi\u00e8re fixes et ouvrants, en verre et en acrylique, de dimensions standard ou personnalis\u00e9es. Y compris la plus large gamme de mod\u00e8les certifi\u00e9s ENERGY STAR<sup>&reg;<\/sup>.\n            <\/div>\n                  <\/div>\n              <div class=\"gallery__image\">\n          <img decoding=\"async\" src=\"https:\/\/www.columbiaskylights.com\/wp-content\/uploads\/2023\/10\/sun-tube-shingle-skylight.jpg\" class=\"max-w-full\" alt=\"Sun tube shingle skylight\" height=\"722\" width=\"1282\" title=\"\">\n    \t                      <div class=\"gallery__caption smd:text-xs pt-2\">\n              Columbia propose une vaste gamme de tubes de lumi\u00e8re r\u00e9sidentiels et commerciaux. Ils sont id\u00e9als pour apporter la lumi\u00e8re naturelle dans des espaces plus restreints de votre maison ou d\u2019un b\u00e2timent commercial.\n            <\/div>\n                  <\/div>\n              <div class=\"gallery__image\">\n          <img decoding=\"async\" src=\"https:\/\/www.columbiaskylights.com\/wp-content\/uploads\/2024\/01\/slimlite-skylights-feature.jpg\" class=\"max-w-full\" alt=\"Slimlite Skylights Feature\" height=\"718\" width=\"1278\" title=\"\">\n    \t                      <div class=\"gallery__caption smd:text-xs pt-2\">\n              Slimlite fait partie du groupe Columbia, fabriquant des puits de lumi\u00e8re commerciaux et r\u00e9sidentiels exceptionnels.\n            <\/div>\n                  <\/div>\n              <div class=\"gallery__image\">\n          <img decoding=\"async\" src=\"https:\/\/www.columbiaskylights.com\/wp-content\/uploads\/2023\/10\/fakro-flat-roof-windows.jpg\" class=\"max-w-full\" alt=\"Fakro flat roof windows\" height=\"730\" width=\"1298\" title=\"\">\n    \t                      <div class=\"gallery__caption smd:text-xs pt-2\">\n              Columbia est le distributeur exclusif au Canada des puits de lumi\u00e8re, fen\u00eatres de toit et puits de lumi\u00e8re pour toit plat haut de gamme de la marque europ\u00e9enne FAKRO.\n            <\/div>\n                  <\/div>\n          <\/div>\n      <\/div>\n              <\/section>\n\n\n<section id=\"block_c7e20473ea9fde437bc35d1698c9edaa\" class=\" columbia-block relative overflow-hidden wp-block-divider block-w-narrow text-dark bg-teal-100  p-top-default p-bottom-default\" >\n          <div class=\" block-inner relative container mx-auto\" >\n        <hr class=\"border-t md:w-12\/12 mx-auto\" \/>\n      <\/div>\n              <\/section>\n\n\n<section id=\"block_22f8a9c5e892a07b67c67d326eaf3d0b\" class=\" columbia-block relative overflow-hidden wp-block-image-features block-w-full text-dark bg-teal-100  p-top-default p-bottom-default\" >\n          <div class=\" block-inner relative container mx-auto\" >\n        <div class=\"image-features grid md:grid-cols-2 xl:grid-cols-3 items-start gap-8 md:gap-11 lg:gap-10 xxl:gap-22\">\n                  <div class=\"image-feature item flex flex-col md:flex-row items-center justify-center md:items-start md:justify-start\">\n                          <div class=\"feature-image flex grow-0 shrink-0 mdd:justify-center align-end match-height max-w-60 sm:max-w-70 md:max-w-80 xl:max-w-full   max-w-full w-[200px] md:w-1\/2 md:w-1\/3 md:self-start h-auto md:mr-8 mb-8 md:mb-0\">\n                                <img decoding=\"async\" src=\"https:\/\/www.columbiaskylights.com\/wp-content\/uploads\/2023\/10\/north-american-icon.svg\" class=\" max-w-full smd:max-w-[160px]\" alt=\"North american icon\" title=\"\">\n    \t              <\/div>\n                                      <div class=\"image-feature-content\">\n                                                  <div class=\"image-feature-text wp-editor\"><p class=\"pt-4\">Columbia est devenu l\u2019un des principaux producteurs nord-am\u00e9ricains de syst\u00e8mes de puits de lumi\u00e8re commerciaux et r\u00e9sidentiels.<\/p>\n<\/div>\n                              <\/div>\n                      <\/div>\n                  <div class=\"image-feature item flex flex-col md:flex-row items-center justify-center md:items-start md:justify-start\">\n                          <div class=\"feature-image flex grow-0 shrink-0 mdd:justify-center align-end match-height max-w-60 sm:max-w-70 md:max-w-80 xl:max-w-full   max-w-full w-[200px] md:w-1\/2 md:w-1\/3 md:self-start h-auto md:mr-8 mb-8 md:mb-0\">\n                                <img decoding=\"async\" src=\"https:\/\/www.columbiaskylights.com\/wp-content\/uploads\/2023\/10\/1-million-icon.svg\" class=\" max-w-full smd:max-w-[160px]\" alt=\"1 million icon\" title=\"\">\n    \t              <\/div>\n                                      <div class=\"image-feature-content\">\n                                                  <div class=\"image-feature-text wp-editor\"><p class=\"pt-4\">Plus d\u2019un million de puits de lumi\u00e8re Columbia ont \u00e9t\u00e9 install\u00e9s sur des maisons et des entreprises nord-am\u00e9ricaines depuis 1955.<\/p>\n<\/div>\n                              <\/div>\n                      <\/div>\n                  <div class=\"image-feature item flex flex-col md:flex-row items-center justify-center md:items-start md:justify-start\">\n                          <div class=\"feature-image flex grow-0 shrink-0 mdd:justify-center align-end match-height max-w-60 sm:max-w-70 md:max-w-80 xl:max-w-full   max-w-full w-[200px] md:w-1\/2 md:w-1\/3 md:self-start h-auto md:mr-8 mb-8 md:mb-0\">\n                                <img decoding=\"async\" src=\"https:\/\/www.columbiaskylights.com\/wp-content\/uploads\/2023\/10\/global-distribution-icon.svg\" class=\" max-w-full smd:max-w-[160px]\" alt=\"Global distribution icon\" title=\"\">\n    \t              <\/div>\n                                      <div class=\"image-feature-content\">\n                                                  <div class=\"image-feature-text wp-editor\"><p class=\"pt-4\">Nous avons fi\u00e8rement distribu\u00e9 nos puits de lumi\u00e8re dans le monde entier \u2013 de l\u2019Am\u00e9rique du Nord \u00e0 l\u2019Europe, en passant par l\u2019Asie.<\/p>\n<\/div>\n                              <\/div>\n                      <\/div>\n              <\/div>\n      <\/div>\n              <\/section>\n\n\n<section id=\"colby\" class=\" columbia-block relative overflow-hidden wp-block-w-y-s-i-w-y-g block-w-narrow text-dark bg-teal-500  p-top-default p-bottom-default\" >\n          <div class=\" block-inner relative container mx-auto\" >\n        <div class=\"block-intro-wrap z-0 relative pb-8 lg:pb-16\">\n    \n        <div class=\"block-title grow  mx-auto max-w-6xl\">\n            <h2 class=\" text-center\"><img decoding=\"async\" class=\"aligncenter size-full wp-image-16692 max-w-70 mb-8\" src=\"https:\/\/www.columbiaskylights.com\/wp-content\/uploads\/2024\/01\/columbia-skylights-logo-fr.svg\" alt=\"Columbia Skylights Logo Fr\" width=\"408\" height=\"132\" title=\"\"><br \/>\r\nNOTRE MISSION<\/h2>\n    <\/div>\n    \n    \n          <div class=\"mt-6 lg:mt-12 relative z-0 block-intro  mx-auto max-w-6xl lg:max-w-6xxl text-xl\">Columbia se consacre \u00e0 fabriquer des puits de lumi\u00e8re \u00e9co\u00e9nerg\u00e9tiques de haute qualit\u00e9, proposant la gamme de produits la plus compl\u00e8te de l\u2019industrie, \u00e0 des prix extr\u00eamement comp\u00e9titifs, tout en offrant un niveau de service sup\u00e9rieur \u00e0 nos clients.<\/div>\n          <\/div>\n      <div class=\"wp-editor\">\n      <ul class=\"two-col\">\n<li>Nous utilisons les mati\u00e8res premi\u00e8res de la plus haute qualit\u00e9 et nouons des partenariats avec les meilleurs fournisseurs de l\u2019industrie, pour nous assurer que chaque puits de lumi\u00e8re que nous produisons respecte les normes les plus \u00e9lev\u00e9es.<\/li>\n<li>Nous restons \u00e0 l\u2019avant-garde des innovations techniques et des am\u00e9liorations dans la conception et la production de l\u2019ensemble de nos gammes de produits.<\/li>\n<li>Nous offrons un environnement stimulant, s\u00fbr et enrichissant pour engager nos employ\u00e9s et encourager leur d\u00e9veloppement personnel et professionnel.<\/li>\n<li>Nous contribuons au d\u00e9veloppement durable en r\u00e9duisant l\u2019empreinte environnementale de l\u2019entreprise gr\u00e2ce au recyclage des mati\u00e8res premi\u00e8res, \u00e0 la r\u00e9duction des emballages excessifs, \u00e0 l\u2019application de techniques de fabrication optimis\u00e9es, et en produisant des produits \u00e9co\u00e9nerg\u00e9tiques conformes aux normes ENERGY STAR.<\/li>\n<\/ul>\n\n    <\/div>\n      <\/div>\n        <div class=\"colby xxl:absolute bottom-0 right-4 lg:right-8 mdd:-mt-12 colby-hide:hidden\">\n          <img decoding=\"async\" src=\"https:\/\/www.columbiaskylights.com\/wp-content\/uploads\/2024\/01\/colby-notre-mission.svg\" class=\"inline-block colby-image\" alt=\"Colby Notre Mission\" height=\"493\" width=\"330\" title=\"\">\n    \t      <\/div>\n      <\/section>\n\n\n<section id=\"block_a718462a55e9d6ac9bfa950a599d68dc\" class=\"overflow-hidden columbia-block relative overflow-hidden wp-block-block-container block-w-full text-dark bg-teal-500  p-top-none p-bottom-default\" >\n          <div class=\"max-w-7xl overflow-visible block-inner relative container mx-auto\" >\n        <div class=\"content-box relative   rounded px-2 sm:px-5 py-8 md:p-8 lg:p-10 xxl:p-22 text-dark bg-teal-100\">\n      \n<section id=\"block_5e664afe3ba2eeb27868a900d1843729\" class=\" columbia-block relative overflow-hidden wp-block-w-y-s-i-w-y-g block-w-narrow text-dark bg-white  p-top-default p-bottom-default\" >\n          <div class=\" block-inner relative container mx-auto\" >\n        <div class=\"block-intro-wrap z-0 relative pb-8 lg:pb-16\">\n    \n        <div class=\"block-title grow  mx-auto max-w-6xl\">\n            <h2 class=\" text-center\">NOS VALEURS<\/h2>\n    <\/div>\n    \n    \n          <div class=\"mt-6 lg:mt-12 relative z-0 block-intro  mx-auto max-w-6xl lg:max-w-6xxl text-xl\">Un ensemble unique de valeurs nous a guid\u00e9s depuis les d\u00e9buts de l\u2019entreprise. Elles sont notre \u00e9toile du berger, nous guidant chaque jour vers l\u2019excellence. Elles sont aussi importantes pour nous aujourd\u2019hui qu\u2019au jour de notre ouverture.<\/div>\n          <\/div>\n      <div class=\"wp-editor\">\n      <p>Nous livrons nos produits de haute qualit\u00e9 \u00e0 nos clients en toute confiance, en sachant qu\u2019ils les serviront bien pendant des d\u00e9cennies \u00e0 venir. Voir nos produits dans une maison ou une entreprise canadienne nous remplit de fiert\u00e9.<\/p>\n\n    <\/div>\n      <\/div>\n              <\/section>\n\n\n<section id=\"block_48b6a93293b6b495ccd47318a8d3ae7d\" class=\" columbia-block relative overflow-hidden wp-block-image-features block-w-full text-dark bg-white  p-top-default p-bottom-small\" >\n          <div class=\" block-inner relative container mx-auto\" >\n        <div class=\"image-features grid md:grid-cols-2 xl:grid-cols-4 items-start gap-8 md:gap-11 lg:gap-10 xxl:gap-22\">\n                  <div class=\"image-feature item flex flex-col md:flex-col items-center justify-center md:items-start md:justify-center\">\n                          <div class=\"feature-image flex grow-0 shrink-0 mdd:justify-center align-end match-height max-w-60 sm:max-w-70 md:max-w-80 xl:max-w-full mx-auto  max-w-full mb-4 md:mb-8 w-[200px] md:w-auto\">\n                                <img decoding=\"async\" src=\"https:\/\/www.columbiaskylights.com\/wp-content\/uploads\/2023\/10\/innovation-icon.svg\" class=\" max-w-full smd:max-w-[160px]\" alt=\"innovation-icon\" title=\"\">\n    \t              <\/div>\n                                      <div class=\"image-feature-content\">\n                                  <h5 class=\"image-feature-title mb-2 md:mb-4 text-black-800 font-semibold text-left uppercase border-b border-b-black-500 pb-8 text-center\">Innovation<\/h5>\n                                                  <div class=\"image-feature-text wp-editor\"><ul>\n<li>Nous ne nous reposons pas sur nos lauriers et sommes toujours \u00e0 la recherche de meilleures solutions.<\/li>\n<li>Cela nous pousse \u00e0 adopter de nouvelles technologies, processus et efficacit\u00e9s op\u00e9rationnelles, pour fournir de meilleurs produits et services \u00e0 nos clients.<\/li>\n<\/ul>\n<\/div>\n                              <\/div>\n                      <\/div>\n                  <div class=\"image-feature item flex flex-col md:flex-col items-center justify-center md:items-start md:justify-center\">\n                          <div class=\"feature-image flex grow-0 shrink-0 mdd:justify-center align-end match-height max-w-60 sm:max-w-70 md:max-w-80 xl:max-w-full mx-auto  max-w-full mb-4 md:mb-8 w-[200px] md:w-auto\">\n                                <img decoding=\"async\" src=\"https:\/\/www.columbiaskylights.com\/wp-content\/uploads\/2023\/10\/high-quality-icon.svg\" class=\" max-w-full smd:max-w-[160px]\" alt=\"High quality icon\" title=\"\">\n    \t              <\/div>\n                                      <div class=\"image-feature-content\">\n                                  <h5 class=\"image-feature-title mb-2 md:mb-4 text-black-800 font-semibold text-left uppercase border-b border-b-black-500 pb-8 text-center\">HAUTE QUALIT\u00c9<\/h5>\n                                                  <div class=\"image-feature-text wp-editor\"><ul>\n<li>Qu\u2019il s\u2019agisse des processus de fabrication, des mat\u00e9riaux que nous utilisons ou des fournisseurs avec lesquels nous travaillons en partenariat, le plus haut niveau de qualit\u00e9 est essentiel.<\/li>\n<li>Notre garantie, l\u2019une des meilleures dans le secteur, est l\u2019expression de notre engagement envers nos normes \u00e9lev\u00e9es.<\/li>\n<\/ul>\n<\/div>\n                              <\/div>\n                      <\/div>\n                  <div class=\"image-feature item flex flex-col md:flex-col items-center justify-center md:items-start md:justify-center\">\n                          <div class=\"feature-image flex grow-0 shrink-0 mdd:justify-center align-end match-height max-w-60 sm:max-w-70 md:max-w-80 xl:max-w-full mx-auto  max-w-full mb-4 md:mb-8 w-[200px] md:w-auto\">\n                                <img decoding=\"async\" src=\"https:\/\/www.columbiaskylights.com\/wp-content\/uploads\/2023\/10\/passion-icon.svg\" class=\" max-w-full smd:max-w-[160px]\" alt=\"passion-icon\" title=\"\">\n    \t              <\/div>\n                                      <div class=\"image-feature-content\">\n                                  <h5 class=\"image-feature-title mb-2 md:mb-4 text-black-800 font-semibold text-left uppercase border-b border-b-black-500 pb-8 text-center\">Passion<\/h5>\n                                                  <div class=\"image-feature-text wp-editor\"><ul>\n<li>On ne peut jamais avoir trop de passion pour ce que l\u2019on fait.<\/li>\n<li>Nous alimentons cette \u00e9nergie en interne gr\u00e2ce \u00e0 notre environnement de travail stimulant et gratifiant, pour ensuite la diffuser \u00e0 nos partenaires revendeurs et professionnels, ainsi qu\u2019\u00e0 nos clients.<\/li>\n<\/ul>\n<\/div>\n                              <\/div>\n                      <\/div>\n                  <div class=\"image-feature item flex flex-col md:flex-col items-center justify-center md:items-start md:justify-center\">\n                          <div class=\"feature-image flex grow-0 shrink-0 mdd:justify-center align-end match-height max-w-60 sm:max-w-70 md:max-w-80 xl:max-w-full mx-auto  max-w-full mb-4 md:mb-8 w-[200px] md:w-auto\">\n                                <img decoding=\"async\" src=\"https:\/\/www.columbiaskylights.com\/wp-content\/uploads\/2023\/10\/sustainability-icon.svg\" class=\" max-w-full smd:max-w-[160px]\" alt=\"sustainability-icon\" title=\"\">\n    \t              <\/div>\n                                      <div class=\"image-feature-content\">\n                                  <h5 class=\"image-feature-title mb-2 md:mb-4 text-black-800 font-semibold text-left uppercase border-b border-b-black-500 pb-8 text-center\">DURABILIT\u00c9<\/h5>\n                                                  <div class=\"image-feature-text wp-editor\"><ul>\n<li>Nous nous effor\u00e7ons de fabriquer les puits de lumi\u00e8re les plus \u00e9co\u00e9nerg\u00e9tiques et durables possibles, affirmant ainsi notre engagement envers ENERGY STAR<sup>&reg;<\/sup> Canada.<\/li>\n<li>Nous sommes fiers de d\u00e9tenir la certification LEED, de r\u00e9duire nos d\u00e9chets et notre empreinte environnementale, tout en \u00e9tant de bons gardiens et d\u00e9fenseurs d\u2019initiatives ax\u00e9es sur l\u2019environnement.<\/li>\n<\/ul>\n<\/div>\n                              <\/div>\n                      <\/div>\n              <\/div>\n      <\/div>\n              <\/section>\n\n\n<section id=\"block_3a02cb004baef0dbbdf82fdb1fdada21\" class=\" columbia-block relative overflow-hidden wp-block-c-t-a block-w-full text-dark bg-teal-100  p-top-default p-bottom-default\" >\n          <div class=\" block-inner relative container mx-auto\" >\n        <div class=\"block-intro-wrap z-0 relative  pb-11 lg:pb-22 last:pb-0\">\n    \n    \n    \n              <div class=\" flex flex-col gap-2 md:gap-6 items-center text-center lg:text-left lg:items-start lg:flex-row lg:flex-wrap lg:justify-center\">\n          <div class=\"inline-block mb-4 \">\n        <a href=\"https:\/\/www.columbiaskylights.com\/fr\/about-us\/history\/\" class=\"last:mr-0 lg:whitespace-nowrap btn-blue\"  target=\"\">HISTOIRE DE COLUMBIA<\/a>\n              <\/div>\n          <div class=\"inline-block mb-4 \">\n        <a href=\"https:\/\/www.columbiaskylights.com\/fr\/why-columbia\/the-columbia-advantage\/\" class=\"last:mr-0 lg:whitespace-nowrap btn-blue\"  target=\"\">L\u2019AVANTAGE COLUMBIA<\/a>\n              <\/div>\n          <div class=\"inline-block mb-4 \">\n        <a href=\"https:\/\/www.columbiaskylights.com\/fr\/why-skylights\/sustainable-living\/\" class=\"last:mr-0 lg:whitespace-nowrap btn-blue\"  target=\"\">POLITIQUE \u00c9COLOGIQUE DE COLUMBIA<\/a>\n              <\/div>\n      <\/div>\n      <\/div>\n      <\/div>\n              <\/section>\n\n\n          <\/div>\n      <\/div>\n              <\/section>\n\n\n<section id=\"block_4d4a6c7b57d61b8ed5a2bd8a82230e1a\" class=\" columbia-block relative overflow-hidden wp-block-multi-column block-w-wide text-dark bg-white  p-top-default p-bottom-default\" >\n          <div class=\" block-inner relative container mx-auto\" >\n        <div class=\"block-intro-wrap z-0 relative  pb-12 lg:pb-16 last:pb-0\">\n    \n        <div class=\"block-title grow  mx-auto max-w-6xl\">\n            <h2 class=\" text-center\">NOTRE PERSONNEL<\/h2>\n    <\/div>\n    \n    \n          <\/div>\n        <div class=\"col-wrapper col-gutter-lg row-gutter-md \">\n      <div class=\"col-wrapper-inner flex flex-wrap   \">\n                            <div class=\"column w-full corners- md:w-6\/12  1 tab-group\">\n                                                            <div class=\"column-inner      \">\n              <div class=\"column-content match-col-height wp-editor \">\n                                                  <p><img decoding=\"async\" class=\"alignnone size-full wp-image-10143\" src=\"https:\/\/www.columbiaskylights.com\/wp-content\/uploads\/2023\/10\/our-people-group-team-photos.jpg\" alt=\"Our People Group Team Photos\" width=\"1574\" height=\"1159\" srcset=\"https:\/\/www.columbiaskylights.com\/wp-content\/uploads\/2023\/10\/our-people-group-team-photos.jpg 1574w, https:\/\/www.columbiaskylights.com\/wp-content\/uploads\/2023\/10\/our-people-group-team-photos-300x221.jpg 300w, https:\/\/www.columbiaskylights.com\/wp-content\/uploads\/2023\/10\/our-people-group-team-photos-1024x754.jpg 1024w, https:\/\/www.columbiaskylights.com\/wp-content\/uploads\/2023\/10\/our-people-group-team-photos-768x566.jpg 768w, https:\/\/www.columbiaskylights.com\/wp-content\/uploads\/2023\/10\/our-people-group-team-photos-1536x1131.jpg 1536w\" sizes=\"(max-width: 1574px) 100vw, 1574px\" title=\"\"><\/p>\n\n                                \n                \n                \n                              <\/div>\n            <\/div>\n                      <\/div>\n                            <div class=\"column w-full corners- md:w-6\/12  2 tab-group\">\n                                                            <div class=\"column-inner      \">\n              <div class=\"column-content match-col-height wp-editor \">\n                                                  <ul>\n<li>Nous remercions notre \u00e9quipe qui travaille dur chaque jour pour am\u00e9liorer Columbia. Sans l\u2019exp\u00e9rience, le d\u00e9vouement et l\u2019engagement de nos employ\u00e9s, Columbia ne serait pas en mesure de produire les puits de lumi\u00e8re de haute performance pour lesquels elle est connue.<\/li>\n<li>Columbia a toujours \u00e9t\u00e9 une famille. Notre objectif a \u00e9t\u00e9 de traiter nos employ\u00e9s avec respect et gratitude. Bon nombre de nos employ\u00e9s sont avec nous depuis des d\u00e9cennies, certains ayant consacr\u00e9 l\u2019int\u00e9gralit\u00e9 de leur carri\u00e8re \u00e0 notre entreprise.<\/li>\n<li>Notre culture est celle de l\u2019int\u00e9grit\u00e9 et de l\u2019inclusion. Nous travaillons en \u00e9quipe, en adoptant des id\u00e9es innovantes qui proviennent directement de l\u2019atelier de fabrication.<\/li>\n<li>Lorsque nos employ\u00e9s rencontrent des \u00e9preuves dans leur vie personnelle, nous leur apportons tout le soutien possible.<br \/>\nColumbia remercie ses employ\u00e9s d\u2019hier et d\u2019aujourd\u2019hui.<\/li>\n<\/ul>\n\n                                \n                \n                \n                              <\/div>\n            <\/div>\n                      <\/div>\n              <\/div>\n    <\/div>\n      <\/div>\n              <\/section>\n","protected":false},"excerpt":{"rendered":"","protected":false},"author":1,"featured_media":0,"parent":16702,"menu_order":0,"comment_status":"closed","ping_status":"closed","template":"","meta":{"_acf_changed":false,"inline_featured_image":false,"footnotes":""},"class_list":["post-16683","page","type-page","status-publish","hentry"],"acf":[],"_links":{"self":[{"href":"https:\/\/www.columbiaskylights.com\/fr\/wp-json\/wp\/v2\/pages\/16683","targetHints":{"allow":["GET"]}}],"collection":[{"href":"https:\/\/www.columbiaskylights.com\/fr\/wp-json\/wp\/v2\/pages"}],"about":[{"href":"https:\/\/www.columbiaskylights.com\/fr\/wp-json\/wp\/v2\/types\/page"}],"author":[{"embeddable":true,"href":"https:\/\/www.columbiaskylights.com\/fr\/wp-json\/wp\/v2\/users\/1"}],"replies":[{"embeddable":true,"href":"https:\/\/www.columbiaskylights.com\/fr\/wp-json\/wp\/v2\/comments?post=16683"}],"version-history":[{"count":0,"href":"https:\/\/www.columbiaskylights.com\/fr\/wp-json\/wp\/v2\/pages\/16683\/revisions"}],"up":[{"embeddable":true,"href":"https:\/\/www.columbiaskylights.com\/fr\/wp-json\/wp\/v2\/pages\/16702"}],"wp:attachment":[{"href":"https:\/\/www.columbiaskylights.com\/fr\/wp-json\/wp\/v2\/media?parent=16683"}],"curies":[{"name":"wp","href":"https:\/\/api.w.org\/{rel}","templated":true}]}}